{"id":2333,"date":"2017-01-04T15:58:38","date_gmt":"2017-01-04T14:58:38","guid":{"rendered":"http:\/\/www.ring-alliance.com\/?page_id=2333\/"},"modified":"2017-01-16T16:02:20","modified_gmt":"2017-01-16T15:02:20","slug":"error-404-page-not-found","status":"publish","type":"page","link":"https:\/\/www.ring-alliance.com\/hu\/error-404-page-not-found\/","title":{"rendered":"Error 404 &#8211; page not found"},"content":{"rendered":"<div class=\"flex_column av_one_full  flex_column_div av-zero-column-padding first  avia-builder-el-0  el_before_av_one_full  avia-builder-el-first  \" style='border-radius:0px; '><div class='avia-image-container  av-styling-    avia-builder-el-1  avia-builder-el-no-sibling  avia-align-center '  itemprop=\"ImageObject\" itemscope=\"itemscope\" itemtype=\"https:\/\/schema.org\/ImageObject\"  ><div class='avia-image-container-inner'><div class='avia-image-overlay-wrap'><img class='avia_image' src='https:\/\/www.ring-alliance.com\/wp-content\/uploads\/2017\/01\/ring-alliance-404-450x189.png' alt='' title='ring-alliance-404' height=\"189\" width=\"450\"  itemprop=\"thumbnailUrl\"  \/><\/div><\/div><\/div><\/div>\n<div class=\"flex_column av_one_full  flex_column_div av-zero-column-padding first  avia-builder-el-2  el_after_av_one_full  el_before_av_one_full  column-top-margin\" style='border-radius:0px; '><\/div>\n<div class=\"flex_column av_one_full  flex_column_div av-zero-column-padding first  avia-builder-el-3  el_after_av_one_full  el_before_av_one_full  column-top-margin\" style='border-radius:0px; '><section class=\"av_textblock_section \"  itemscope=\"itemscope\" itemtype=\"https:\/\/schema.org\/CreativeWork\" ><div class='avia_textblock  '   itemprop=\"text\" ><h2 style=\"text-align: center;\">Sajn\u00e1ljuk!<\/h2>\n<p style=\"text-align: center;\">A keresett oldal nem l\u00e9tezik.<\/p>\n<\/div><\/section><\/div><div class=\"flex_column av_one_full  flex_column_div av-zero-column-padding first  avia-builder-el-5  el_after_av_one_full  el_before_av_one_full  column-top-margin\" style='border-radius:0px; '><section class=\"av_textblock_section \"  itemscope=\"itemscope\" itemtype=\"https:\/\/schema.org\/CreativeWork\" ><div class='avia_textblock  '   itemprop=\"text\" ><p style=\"text-align: center;\">Tal\u00e1n itt megtal\u00e1lja a keresett term\u00e9ket!<\/p>\n<\/div><\/section><br \/>\n<div class='avia-button-wrap avia-button-center  avia-builder-el-7  el_after_av_textblock  avia-builder-el-last '><a href='<a href=\"https:\/\/www.ring-alliance.com\/hu\/#pull\" rel=\"nofollow\">https:\/\/www.ring-alliance.com\/hu\/#pull<\/a>'  class='avia-button   avia-icon_select-no avia-color-theme-color avia-size-medium avia-position-center '   ><span class='avia_iconbox_title' >Term\u00e9k\u00e1ttekint\u00e9s<\/span><\/a><\/div><\/p><\/div><div class=\"flex_column av_one_full  flex_column_div av-zero-column-padding first  avia-builder-el-8  el_after_av_one_full  el_before_av_one_full  column-top-margin\" style='border-radius:0px; '><section class=\"av_textblock_section \"  itemscope=\"itemscope\" itemtype=\"https:\/\/schema.org\/CreativeWork\" ><div class='avia_textblock  '   itemprop=\"text\" ><p style=\"text-align: center;\">Sz\u00edvesen seg\u00edt\u00fcnk!<\/p>\n<\/div><\/section><br \/>\n<div class='avia-button-wrap avia-button-center  avia-builder-el-10  el_after_av_textblock  avia-builder-el-last '><a href='<a href=\"https:\/\/www.ring-alliance.com\/hu\/contact\/\" rel=\"nofollow\">https:\/\/www.ring-alliance.com\/hu\/contact\/<\/a>'  class='avia-button   avia-icon_select-no avia-color-theme-color avia-size-medium avia-position-center '   ><span class='avia_iconbox_title' >Keressen benn\u00fcnket<\/span><\/a><\/div><\/p><\/div><div class=\"flex_column av_one_full  flex_column_div av-zero-column-padding first  avia-builder-el-11  el_after_av_one_full  el_before_av_one_full  column-top-margin\" style='border-radius:0px; '><section class=\"av_textblock_section \"  itemscope=\"itemscope\" itemtype=\"https:\/\/schema.org\/CreativeWork\" ><div class='avia_textblock  '   itemprop=\"text\" ><p style=\"text-align: center;\">\u00dcres linkekre nincsen sz\u00fcks\u00e9g \u2013 webmester\u00fcnk sz\u00edvesen seg\u00edt a probl\u00e9m\u00e1k megold\u00e1s\u00e1ban.<\/p>\n<\/div><\/section><br \/>\n<div class='avia-button-wrap avia-button-center  avia-builder-el-13  el_after_av_textblock  avia-builder-el-last '><a href='mailto:e.striedinger@ringholding.com'  class='avia-button   avia-icon_select-no avia-color-theme-color avia-size-medium avia-position-center '   ><span class='avia_iconbox_title' >Webmester<\/span><\/a><\/div><\/p><\/div><div class=\"flex_column av_one_full  flex_column_div av-zero-column-padding first  avia-builder-el-14  el_after_av_one_full  el_before_av_one_full  column-top-margin\" style='border-radius:0px; '><\/div><\/p>\n<div class=\"flex_column av_one_full  flex_column_div av-zero-column-padding first  avia-builder-el-15  el_after_av_one_full  avia-builder-el-last  column-top-margin\" style='border-radius:0px; '><div class='avia-image-container  av-styling-    avia-builder-el-16  avia-builder-el-no-sibling  avia-align-center '  itemprop=\"ImageObject\" itemscope=\"itemscope\" itemtype=\"https:\/\/schema.org\/ImageObject\"  ><div class='avia-image-container-inner'><div class='avia-image-overlay-wrap'><img class='avia_image' src='https:\/\/www.ring-alliance.com\/wp-content\/uploads\/2017\/01\/ring-alliance-404-450x189.png' alt='' title='ring-alliance-404' height=\"189\" width=\"450\"  itemprop=\"thumbnailUrl\"  \/><\/div><\/div><\/div><\/div>\n","protected":false},"excerpt":{"rendered":"","protected":false},"author":1,"featured_media":0,"parent":0,"menu_order":0,"comment_status":"closed","ping_status":"closed","template":"","meta":[],"yoast_head":"<!-- This site is optimized with the Yoast SEO plugin v19.8 - https:\/\/yoast.com\/wordpress\/plugins\/seo\/ -->\n<title>Error 404 - page not found - Ring Alliance<\/title>\n<meta name=\"robots\" content=\"index, follow, max-snippet:-1, max-image-preview:large, max-video-preview:-1\" \/>\n<link rel=\"canonical\" href=\"https:\/\/www.ring-alliance.com\/hu\/error-404-page-not-found\/\" \/>\n<meta property=\"og:locale\" content=\"hu_HU\" \/>\n<meta property=\"og:type\" content=\"article\" \/>\n<meta property=\"og:title\" content=\"Error 404 - page not found - Ring Alliance\" \/>\n<meta property=\"og:url\" content=\"https:\/\/www.ring-alliance.com\/hu\/error-404-page-not-found\/\" \/>\n<meta property=\"og:site_name\" content=\"Ring Alliance\" \/>\n<meta property=\"article:modified_time\" content=\"2017-01-16T15:02:20+00:00\" \/>\n<meta name=\"twitter:card\" content=\"summary_large_image\" \/>\n<meta name=\"twitter:label1\" content=\"Becs\u00fclt olvas\u00e1si id\u0151\" \/>\n\t<meta name=\"twitter:data1\" content=\"3 perc\" \/>\n<script type=\"application\/ld+json\" class=\"yoast-schema-graph\">{\"@context\":\"https:\/\/schema.org\",\"@graph\":[{\"@type\":\"WebPage\",\"@id\":\"https:\/\/www.ring-alliance.com\/hu\/error-404-page-not-found\/\",\"url\":\"https:\/\/www.ring-alliance.com\/hu\/error-404-page-not-found\/\",\"name\":\"Error 404 - page not found - Ring Alliance\",\"isPartOf\":{\"@id\":\"https:\/\/www.ring-alliance.com\/#website\"},\"datePublished\":\"2017-01-04T14:58:38+00:00\",\"dateModified\":\"2017-01-16T15:02:20+00:00\",\"breadcrumb\":{\"@id\":\"https:\/\/www.ring-alliance.com\/hu\/error-404-page-not-found\/#breadcrumb\"},\"inLanguage\":\"hu\",\"potentialAction\":[{\"@type\":\"ReadAction\",\"target\":[\"https:\/\/www.ring-alliance.com\/hu\/error-404-page-not-found\/\"]}]},{\"@type\":\"BreadcrumbList\",\"@id\":\"https:\/\/www.ring-alliance.com\/hu\/error-404-page-not-found\/#breadcrumb\",\"itemListElement\":[{\"@type\":\"ListItem\",\"position\":1,\"name\":\"Home\",\"item\":\"https:\/\/www.ring-alliance.com\/hu\/\"},{\"@type\":\"ListItem\",\"position\":2,\"name\":\"Error 404 &#8211; page not found\"}]},{\"@type\":\"WebSite\",\"@id\":\"https:\/\/www.ring-alliance.com\/#website\",\"url\":\"https:\/\/www.ring-alliance.com\/\",\"name\":\"Ring Alliance\",\"description\":\"Your partner for ring binder mechanisms.\",\"potentialAction\":[{\"@type\":\"SearchAction\",\"target\":{\"@type\":\"EntryPoint\",\"urlTemplate\":\"https:\/\/www.ring-alliance.com\/?s={search_term_string}\"},\"query-input\":\"required name=search_term_string\"}],\"inLanguage\":\"hu\"}]}<\/script>\n<!-- \/ Yoast SEO plugin. -->","yoast_head_json":{"title":"Error 404 - page not found - Ring Alliance","robots":{"index":"index","follow":"follow","max-snippet":"max-snippet:-1","max-image-preview":"max-image-preview:large","max-video-preview":"max-video-preview:-1"},"canonical":"https:\/\/www.ring-alliance.com\/hu\/error-404-page-not-found\/","og_locale":"hu_HU","og_type":"article","og_title":"Error 404 - page not found - Ring Alliance","og_url":"https:\/\/www.ring-alliance.com\/hu\/error-404-page-not-found\/","og_site_name":"Ring Alliance","article_modified_time":"2017-01-16T15:02:20+00:00","twitter_card":"summary_large_image","twitter_misc":{"Becs\u00fclt olvas\u00e1si id\u0151":"3 perc"},"schema":{"@context":"https:\/\/schema.org","@graph":[{"@type":"WebPage","@id":"https:\/\/www.ring-alliance.com\/hu\/error-404-page-not-found\/","url":"https:\/\/www.ring-alliance.com\/hu\/error-404-page-not-found\/","name":"Error 404 - page not found - Ring Alliance","isPartOf":{"@id":"https:\/\/www.ring-alliance.com\/#website"},"datePublished":"2017-01-04T14:58:38+00:00","dateModified":"2017-01-16T15:02:20+00:00","breadcrumb":{"@id":"https:\/\/www.ring-alliance.com\/hu\/error-404-page-not-found\/#breadcrumb"},"inLanguage":"hu","potentialAction":[{"@type":"ReadAction","target":["https:\/\/www.ring-alliance.com\/hu\/error-404-page-not-found\/"]}]},{"@type":"BreadcrumbList","@id":"https:\/\/www.ring-alliance.com\/hu\/error-404-page-not-found\/#breadcrumb","itemListElement":[{"@type":"ListItem","position":1,"name":"Home","item":"https:\/\/www.ring-alliance.com\/hu\/"},{"@type":"ListItem","position":2,"name":"Error 404 &#8211; page not found"}]},{"@type":"WebSite","@id":"https:\/\/www.ring-alliance.com\/#website","url":"https:\/\/www.ring-alliance.com\/","name":"Ring Alliance","description":"Your partner for ring binder mechanisms.","potentialAction":[{"@type":"SearchAction","target":{"@type":"EntryPoint","urlTemplate":"https:\/\/www.ring-alliance.com\/?s={search_term_string}"},"query-input":"required name=search_term_string"}],"inLanguage":"hu"}]}},"_links":{"self":[{"href":"https:\/\/www.ring-alliance.com\/hu\/wp-json\/wp\/v2\/pages\/2333"}],"collection":[{"href":"https:\/\/www.ring-alliance.com\/hu\/wp-json\/wp\/v2\/pages"}],"about":[{"href":"https:\/\/www.ring-alliance.com\/hu\/wp-json\/wp\/v2\/types\/page"}],"author":[{"embeddable":true,"href":"https:\/\/www.ring-alliance.com\/hu\/wp-json\/wp\/v2\/users\/1"}],"replies":[{"embeddable":true,"href":"https:\/\/www.ring-alliance.com\/hu\/wp-json\/wp\/v2\/comments?post=2333"}],"version-history":[{"count":3,"href":"https:\/\/www.ring-alliance.com\/hu\/wp-json\/wp\/v2\/pages\/2333\/revisions"}],"predecessor-version":[{"id":2557,"href":"https:\/\/www.ring-alliance.com\/hu\/wp-json\/wp\/v2\/pages\/2333\/revisions\/2557"}],"wp:attachment":[{"href":"https:\/\/www.ring-alliance.com\/hu\/wp-json\/wp\/v2\/media?parent=2333"}],"curies":[{"name":"wp","href":"https:\/\/api.w.org\/{rel}","templated":true}]}}