{"id":2206,"date":"2016-10-13T16:43:56","date_gmt":"2016-10-13T14:43:56","guid":{"rendered":"http:\/\/www.ring-alliance.com\/hu\/?page_id=2206"},"modified":"2017-01-05T14:48:23","modified_gmt":"2017-01-05T13:48:23","slug":"jobs","status":"publish","type":"page","link":"https:\/\/www.ring-alliance.com\/hu\/jobs\/","title":{"rendered":"\u00c1ll\u00e1s"},"content":{"rendered":"<div id='av_section_1' class='avia-section main_color avia-section-default avia-no-shadow avia-bg-style-scroll  avia-builder-el-0  avia-builder-el-no-sibling   container_wrap fullsize' style=' '  ><div class='container' ><main  role=\"main\" itemprop=\"mainContentOfPage\"  class='template-page content  av-content-full alpha units'><div class='post-entry post-entry-type-page post-entry-2206'><div class='entry-content-wrapper clearfix'>\n<div style='padding-bottom:10px; ' class='av-special-heading av-special-heading-h3  blockquote modern-quote modern-centered  avia-builder-el-1  el_before_av_blog  avia-builder-el-first  '><h3 class='av-special-heading-tag '  itemprop=\"headline\"  >\u00c1LL\u00c1S<\/h3><div class='special-heading-border'><div class='special-heading-inner-border' ><\/div><\/div><\/div>\n<div class='av-alb-blogposts template-blog  av-blog-meta-author-disabled av-blog-meta-comments-disabled av-blog-meta-category-disabled av-blog-meta-date-disabled av-blog-meta-html-info-disabled av-blog-meta-tag-disabled '  itemscope=\"itemscope\" itemtype=\"https:\/\/schema.org\/Blog\" ><article class='post-entry post-entry-type-standard post-entry-2690 post-loop-1 post-parity-odd single-big  post-2690 post type-post status-publish format-standard hentry category-jobs'  itemscope=\"itemscope\" itemtype=\"https:\/\/schema.org\/BlogPosting\" ><div class='blog-meta'><\/div><div class='entry-content-wrapper clearfix standard-content'><header class=\"entry-content-header\"><div class=\"av-heading-wrapper\"><span class=\"blog-categories minor-meta\"><a href=\"https:\/\/www.ring-alliance.com\/hu\/category\/jobs\/\" rel=\"tag\">Jobs<\/a> <\/span><h2 class='post-title entry-title'  itemprop=\"headline\" >\t<a href='https:\/\/www.ring-alliance.com\/hu\/4-fo-mechanikai-szerelot-keresuenk\/' rel='bookmark' title='Permanent Link: 4 f\u0151 mechanikai szerel\u0151t keres\u00fcnk!'>4 f\u0151 mechanikai szerel\u0151t keres\u00fcnk!\t\t\t<span class='post-format-icon minor-meta'><\/span>\t<\/a><\/h2><\/div><\/header><span class=\"av-vertical-delimiter\"><\/span><div class=\"entry-content\"  itemprop=\"text\" ><div class=\"entry-content\">\n<p>Keres\u00fcnk 4 f\u0151 mechanikai szerel\u0151n\u0151t hat\u00e1rozatlan idej\u0171 munkaszerz\u0151d\u00e9ssel 3 h\u00f3nap pr\u00f3baid\u0151vel t\u00f6bb-m\u0171szakos munkarendben t\u00f6rt\u00e9n\u0151 munkav\u00e9gz\u00e9sre.<\/p>\n<p>A munkav\u00e9gz\u00e9s helye: 2840 Oroszl\u00e1ny Handler K\u00e1lm\u00e1n \u00fat 2.<\/p>\n<p>Jelentkezni f\u00e9nyk\u00e9pes \u00f6n\u00e9letrajzzal lehet a <a href=\"mailto:katalin.szabo@ring-alliance.com\">katalin.szabo@ring-alliance.com<\/a> e-mail c\u00edmen, vagy szem\u00e9lyesen a Koloman Handler Kft. telephely\u00e9n,<\/p>\n<p>2840 Oroszl\u00e1ny Handler K\u00e1lm\u00e1n \u00fat 2. Szab\u00f3n\u00e9 Heftk\u00f3 Katalin HR asszisztensn\u00e9l.<\/p>\n<\/div>\n<\/div><span class='post-meta-infos'><time class='date-container minor-meta updated' >30. janu\u00e1r 2017<\/time><span class='text-sep text-sep-date'>\/<\/span><span class=\"blog-author minor-meta\">by <span class=\"entry-author-link\" ><span class=\"vcard author\"><span class=\"fn\"><a href=\"https:\/\/www.ring-alliance.com\/hu\/author\/kornelhorvath\/\" title=\"Kornel Horvath bejegyz\u00e9se\" rel=\"author\">Kornel Horvath<\/a><\/span><\/span><\/span><\/span><\/span><footer class=\"entry-footer\"><\/footer><div class='post_delimiter'><\/div><\/div><div class='post_author_timeline'><\/div><span class='hidden'>\r\n\t\t\t<span class='av-structured-data'  itemprop=\"ImageObject\" itemscope=\"itemscope\" itemtype=\"https:\/\/schema.org\/ImageObject\"  itemprop='image'>\r\n\t\t\t\t\t   <span itemprop='url' >http:\/\/www.ring-alliance.com\/wp-content\/uploads\/2016\/04\/logo_noshade.png<\/span>\r\n\t\t\t\t\t   <span itemprop='height' >0<\/span>\r\n\t\t\t\t\t   <span itemprop='width' >0<\/span>\r\n\t\t\t\t  <\/span><span class='av-structured-data'  itemprop=\"publisher\" itemtype=\"https:\/\/schema.org\/Organization\" itemscope=\"itemscope\" >\r\n\t\t\t\t<span itemprop='name'>Kornel Horvath<\/span>\r\n\t\t\t\t<span itemprop='logo' itemscope itemtype='https:\/\/schema.org\/ImageObject'>\r\n\t\t\t\t   <span itemprop='url'>http:\/\/www.ring-alliance.com\/wp-content\/uploads\/2016\/04\/logo_noshade.png<\/span>\r\n\t\t\t\t <\/span>\r\n\t\t\t  <\/span><span class='av-structured-data'  itemprop=\"author\" itemscope=\"itemscope\" itemtype=\"https:\/\/schema.org\/Person\" ><span itemprop='name'>Kornel Horvath<\/span><\/span><span class='av-structured-data'  itemprop=\"datePublished\" datetime=\"2017-01-30T17:53:59+01:00\" >2017-01-30 17:53:59<\/span><span class='av-structured-data'  itemprop=\"dateModified\" itemtype=\"https:\/\/schema.org\/dateModified\" >2017-01-30 17:55:00<\/span><span class='av-structured-data'  itemprop=\"mainEntityOfPage\" itemtype=\"https:\/\/schema.org\/mainEntityOfPage\" ><span itemprop='name'>4 f\u0151 mechanikai szerel\u0151t keres\u00fcnk!<\/span><\/span><\/span><\/article><article class='post-entry post-entry-type-standard post-entry-2688 post-loop-2 post-parity-even post-entry-last single-big  post-2688 post type-post status-publish format-standard hentry category-jobs'  itemscope=\"itemscope\" itemtype=\"https:\/\/schema.org\/BlogPosting\" ><div class='blog-meta'><\/div><div class='entry-content-wrapper clearfix standard-content'><header class=\"entry-content-header\"><div class=\"av-heading-wrapper\"><span class=\"blog-categories minor-meta\"><a href=\"https:\/\/www.ring-alliance.com\/hu\/category\/jobs\/\" rel=\"tag\">Jobs<\/a> <\/span><h2 class='post-title entry-title'  itemprop=\"headline\" >\t<a href='https:\/\/www.ring-alliance.com\/hu\/2-fo-gepbeallitot-keresuenk\/' rel='bookmark' title='Permanent Link: 2 f\u0151 g\u00e9pbe\u00e1ll\u00edt\u00f3t keres\u00fcnk!'>2 f\u0151 g\u00e9pbe\u00e1ll\u00edt\u00f3t keres\u00fcnk!\t\t\t<span class='post-format-icon minor-meta'><\/span>\t<\/a><\/h2><\/div><\/header><span class=\"av-vertical-delimiter\"><\/span><div class=\"entry-content\"  itemprop=\"text\" ><p>Keres\u00fcnk 2 f\u0151 g\u00e9pbe\u00e1ll\u00edt\u00f3t hat\u00e1rozatlan idej\u0171 munkaszerz\u0151d\u00e9ssel 3 h\u00f3nap pr\u00f3baid\u0151vel t\u00f6bb-m\u0171szakos munkarendben t\u00f6rt\u00e9n\u0151 munkav\u00e9gz\u00e9sre.<\/p>\n<p>A munkav\u00e9gz\u00e9s helye: 2840 Oroszl\u00e1ny Handler K\u00e1lm\u00e1n \u00fat 2.<\/p>\n<p>Jelentkezni f\u00e9nyk\u00e9pes \u00f6n\u00e9letrajzzal lehet a <a href=\"mailto:katalin.szabo@ring-alliance.com\">katalin.szabo@ring-alliance.com<\/a> e-mail c\u00edmen, vagy szem\u00e9lyesen a Koloman Handler Kft. telephely\u00e9n,<\/p>\n<p>2840 Oroszl\u00e1ny Handler K\u00e1lm\u00e1n \u00fat 2. Szab\u00f3n\u00e9 Heftk\u00f3 Katalin HR asszisztensn\u00e9l.<\/p>\n<\/div><span class='post-meta-infos'><time class='date-container minor-meta updated' >30. janu\u00e1r 2017<\/time><span class='text-sep text-sep-date'>\/<\/span><span class=\"blog-author minor-meta\">by <span class=\"entry-author-link\" ><span class=\"vcard author\"><span class=\"fn\"><a href=\"https:\/\/www.ring-alliance.com\/hu\/author\/kornelhorvath\/\" title=\"Kornel Horvath bejegyz\u00e9se\" rel=\"author\">Kornel Horvath<\/a><\/span><\/span><\/span><\/span><\/span><footer class=\"entry-footer\"><\/footer><div class='post_delimiter'><\/div><\/div><div class='post_author_timeline'><\/div><span class='hidden'>\r\n\t\t\t<span class='av-structured-data'  itemprop=\"ImageObject\" itemscope=\"itemscope\" itemtype=\"https:\/\/schema.org\/ImageObject\"  itemprop='image'>\r\n\t\t\t\t\t   <span itemprop='url' >http:\/\/www.ring-alliance.com\/wp-content\/uploads\/2016\/04\/logo_noshade.png<\/span>\r\n\t\t\t\t\t   <span itemprop='height' >0<\/span>\r\n\t\t\t\t\t   <span itemprop='width' >0<\/span>\r\n\t\t\t\t  <\/span><span class='av-structured-data'  itemprop=\"publisher\" itemtype=\"https:\/\/schema.org\/Organization\" itemscope=\"itemscope\" >\r\n\t\t\t\t<span itemprop='name'>Kornel Horvath<\/span>\r\n\t\t\t\t<span itemprop='logo' itemscope itemtype='https:\/\/schema.org\/ImageObject'>\r\n\t\t\t\t   <span itemprop='url'>http:\/\/www.ring-alliance.com\/wp-content\/uploads\/2016\/04\/logo_noshade.png<\/span>\r\n\t\t\t\t <\/span>\r\n\t\t\t  <\/span><span class='av-structured-data'  itemprop=\"author\" itemscope=\"itemscope\" itemtype=\"https:\/\/schema.org\/Person\" ><span itemprop='name'>Kornel Horvath<\/span><\/span><span class='av-structured-data'  itemprop=\"datePublished\" datetime=\"2017-01-30T16:02:29+01:00\" >2017-01-30 16:02:29<\/span><span class='av-structured-data'  itemprop=\"dateModified\" itemtype=\"https:\/\/schema.org\/dateModified\" >2017-01-30 16:02:29<\/span><span class='av-structured-data'  itemprop=\"mainEntityOfPage\" itemtype=\"https:\/\/schema.org\/mainEntityOfPage\" ><span itemprop='name'>2 f\u0151 g\u00e9pbe\u00e1ll\u00edt\u00f3t keres\u00fcnk!<\/span><\/span><\/span><\/article><div class='single-big'><\/div><\/div>\n\n","protected":false},"excerpt":{"rendered":"","protected":false},"author":1,"featured_media":0,"parent":0,"menu_order":0,"comment_status":"closed","ping_status":"closed","template":"","meta":[],"yoast_head":"<!-- This site is optimized with the Yoast SEO plugin v19.8 - https:\/\/yoast.com\/wordpress\/plugins\/seo\/ -->\n<title>\u00c1ll\u00e1s - Ring Alliance<\/title>\n<meta name=\"robots\" content=\"index, follow, max-snippet:-1, max-image-preview:large, max-video-preview:-1\" \/>\n<link rel=\"canonical\" href=\"https:\/\/www.ring-alliance.com\/hu\/jobs\/\" \/>\n<meta property=\"og:locale\" content=\"hu_HU\" \/>\n<meta property=\"og:type\" content=\"article\" \/>\n<meta property=\"og:title\" content=\"\u00c1ll\u00e1s - Ring Alliance\" \/>\n<meta property=\"og:url\" content=\"https:\/\/www.ring-alliance.com\/hu\/jobs\/\" \/>\n<meta property=\"og:site_name\" content=\"Ring Alliance\" \/>\n<meta property=\"article:modified_time\" content=\"2017-01-05T13:48:23+00:00\" \/>\n<meta name=\"twitter:card\" content=\"summary_large_image\" \/>\n<meta name=\"twitter:label1\" content=\"Becs\u00fclt olvas\u00e1si id\u0151\" \/>\n\t<meta name=\"twitter:data1\" content=\"1 perc\" \/>\n<script type=\"application\/ld+json\" class=\"yoast-schema-graph\">{\"@context\":\"https:\/\/schema.org\",\"@graph\":[{\"@type\":\"WebPage\",\"@id\":\"https:\/\/www.ring-alliance.com\/hu\/jobs\/\",\"url\":\"https:\/\/www.ring-alliance.com\/hu\/jobs\/\",\"name\":\"\u00c1ll\u00e1s - Ring Alliance\",\"isPartOf\":{\"@id\":\"https:\/\/www.ring-alliance.com\/#website\"},\"datePublished\":\"2016-10-13T14:43:56+00:00\",\"dateModified\":\"2017-01-05T13:48:23+00:00\",\"breadcrumb\":{\"@id\":\"https:\/\/www.ring-alliance.com\/hu\/jobs\/#breadcrumb\"},\"inLanguage\":\"hu\",\"potentialAction\":[{\"@type\":\"ReadAction\",\"target\":[\"https:\/\/www.ring-alliance.com\/hu\/jobs\/\"]}]},{\"@type\":\"BreadcrumbList\",\"@id\":\"https:\/\/www.ring-alliance.com\/hu\/jobs\/#breadcrumb\",\"itemListElement\":[{\"@type\":\"ListItem\",\"position\":1,\"name\":\"Home\",\"item\":\"https:\/\/www.ring-alliance.com\/hu\/\"},{\"@type\":\"ListItem\",\"position\":2,\"name\":\"\u00c1ll\u00e1s\"}]},{\"@type\":\"WebSite\",\"@id\":\"https:\/\/www.ring-alliance.com\/#website\",\"url\":\"https:\/\/www.ring-alliance.com\/\",\"name\":\"Ring Alliance\",\"description\":\"Your partner for ring binder mechanisms.\",\"potentialAction\":[{\"@type\":\"SearchAction\",\"target\":{\"@type\":\"EntryPoint\",\"urlTemplate\":\"https:\/\/www.ring-alliance.com\/?s={search_term_string}\"},\"query-input\":\"required name=search_term_string\"}],\"inLanguage\":\"hu\"}]}<\/script>\n<!-- \/ Yoast SEO plugin. -->","yoast_head_json":{"title":"\u00c1ll\u00e1s - Ring Alliance","robots":{"index":"index","follow":"follow","max-snippet":"max-snippet:-1","max-image-preview":"max-image-preview:large","max-video-preview":"max-video-preview:-1"},"canonical":"https:\/\/www.ring-alliance.com\/hu\/jobs\/","og_locale":"hu_HU","og_type":"article","og_title":"\u00c1ll\u00e1s - Ring Alliance","og_url":"https:\/\/www.ring-alliance.com\/hu\/jobs\/","og_site_name":"Ring Alliance","article_modified_time":"2017-01-05T13:48:23+00:00","twitter_card":"summary_large_image","twitter_misc":{"Becs\u00fclt olvas\u00e1si id\u0151":"1 perc"},"schema":{"@context":"https:\/\/schema.org","@graph":[{"@type":"WebPage","@id":"https:\/\/www.ring-alliance.com\/hu\/jobs\/","url":"https:\/\/www.ring-alliance.com\/hu\/jobs\/","name":"\u00c1ll\u00e1s - Ring Alliance","isPartOf":{"@id":"https:\/\/www.ring-alliance.com\/#website"},"datePublished":"2016-10-13T14:43:56+00:00","dateModified":"2017-01-05T13:48:23+00:00","breadcrumb":{"@id":"https:\/\/www.ring-alliance.com\/hu\/jobs\/#breadcrumb"},"inLanguage":"hu","potentialAction":[{"@type":"ReadAction","target":["https:\/\/www.ring-alliance.com\/hu\/jobs\/"]}]},{"@type":"BreadcrumbList","@id":"https:\/\/www.ring-alliance.com\/hu\/jobs\/#breadcrumb","itemListElement":[{"@type":"ListItem","position":1,"name":"Home","item":"https:\/\/www.ring-alliance.com\/hu\/"},{"@type":"ListItem","position":2,"name":"\u00c1ll\u00e1s"}]},{"@type":"WebSite","@id":"https:\/\/www.ring-alliance.com\/#website","url":"https:\/\/www.ring-alliance.com\/","name":"Ring Alliance","description":"Your partner for ring binder mechanisms.","potentialAction":[{"@type":"SearchAction","target":{"@type":"EntryPoint","urlTemplate":"https:\/\/www.ring-alliance.com\/?s={search_term_string}"},"query-input":"required name=search_term_string"}],"inLanguage":"hu"}]}},"_links":{"self":[{"href":"https:\/\/www.ring-alliance.com\/hu\/wp-json\/wp\/v2\/pages\/2206"}],"collection":[{"href":"https:\/\/www.ring-alliance.com\/hu\/wp-json\/wp\/v2\/pages"}],"about":[{"href":"https:\/\/www.ring-alliance.com\/hu\/wp-json\/wp\/v2\/types\/page"}],"author":[{"embeddable":true,"href":"https:\/\/www.ring-alliance.com\/hu\/wp-json\/wp\/v2\/users\/1"}],"replies":[{"embeddable":true,"href":"https:\/\/www.ring-alliance.com\/hu\/wp-json\/wp\/v2\/comments?post=2206"}],"version-history":[{"count":5,"href":"https:\/\/www.ring-alliance.com\/hu\/wp-json\/wp\/v2\/pages\/2206\/revisions"}],"predecessor-version":[{"id":3346,"href":"https:\/\/www.ring-alliance.com\/hu\/wp-json\/wp\/v2\/pages\/2206\/revisions\/3346"}],"wp:attachment":[{"href":"https:\/\/www.ring-alliance.com\/hu\/wp-json\/wp\/v2\/media?parent=2206"}],"curies":[{"name":"wp","href":"https:\/\/api.w.org\/{rel}","templated":true}]}}