{"id":2183,"date":"2016-09-30T11:43:38","date_gmt":"2016-09-30T09:43:38","guid":{"rendered":"http:\/\/www.ring-alliance.com\/hu\/?page_id=2183"},"modified":"2017-01-24T14:47:32","modified_gmt":"2017-01-24T13:47:32","slug":"legal-notice","status":"publish","type":"page","link":"https:\/\/www.ring-alliance.com\/hu\/legal-notice\/","title":{"rendered":"Impresszum"},"content":{"rendered":"<h2><strong>Impresszum<\/strong><\/h2>\n<p>Ring Alliance Ringbuchtechnik GmbH<br \/>\nAlserbachstra\u00dfe 14-16, 1090 B\u00e9cs, Ausztria<br \/>\nTelefon:\u00a00043-1-86681-0 | Fax: 0043-1-86681-398 | <a href=\"mailto:office@ring-alliance.com\">office@ring-alliance.com<\/a><br \/>\n<a href=\"http:\/\/www.ring-alliance.com\" rel=\"nofollow\">http:\/\/www.ring-alliance.com<\/a><\/p>\n<p>A v\u00e1llalat sz\u00e9khelye:\u00a0B\u00e9cs<br \/>\nC\u00e9gjegyz\u00e9ksz\u00e1m: FN215533k<br \/>\nC\u00e9gb\u00edr\u00f3s\u00e1g:\u00a0HG Wien<br \/>\nAd\u00f3sz\u00e1m: ATU 52715003<\/p>\n<p>\u00dcgyvezet\u0151 igazgat\u00f3:<br \/>\nFrank Niedecker<br \/>\nOrsolya Veszeli<\/p>\n<p>\u00dczleti lerakat:<br \/>\nRing Alliance Netherlands |\u00a0Bellstraat 7, 3861 NP Nijkerk,\u00a0Niederlande<br \/>\nEntry No: 65468279 | Utrecht Chamber of Commerce | VAT Registration Number: NL 856124734B01<br \/>\nRing Alliance France |\u00a01, rue du Roi, 60680 Canly, France<br \/>\nEntry No: 818 813 941 | R.C.S. Compi\u00e9gne | VAT Registration Number: FR 61818813941<br \/>\nRing Alliance UK |\u00a0Unit 5, Centre Park, Tockwith, York Y026 7QF,\u00a0United Kingdom<br \/>\nUK establishment number: BR018542 | Companies House, Cardiff, CF14 3UZ | VAT Registration Number: GB240191345<\/p>\n<p>Kereskedelmi jogi el\u0151\u00edr\u00e1sok:<br \/>\nA kereskedelmi jogszab\u00e1lyoknak megfelel\u0151en a Ring Alliance Ringbuchtechnik GmbH az al\u00e1bbi tev\u00e9kenys\u00e9gekre jogosult: kereskedelmi ipar\u0171z\u00e9s \u00e9s kereskedelmi k\u00e9pvisel\u0151k.<\/p>\n<p>A kiadv\u00e1nyban szerepl\u0151 sz\u00f6vegek, k\u00e9pek, jel\u00f6l\u00e9sek \u00e9s egy\u00e9b szerz\u0151i joggal v\u00e9dett adatok megjelen\u00e9se kiz\u00e1r\u00f3lag a kiad\u00f3 felel\u0151ss\u00e9ge. Legjobb tud\u00e1sunk szerint \u00e1ll\u00edtottuk \u00f6ssze e kiadv\u00e1nyt. Garanci\u00e1t, felel\u0151ss\u00e9get m\u00e9gsem v\u00e1llalunk az oldalak tartalm\u00e1nak teljess\u00e9g\u00e9\u00e9rt, helyess\u00e9g\u00e9\u00e9rt \u00e9s aktualit\u00e1s\u00e1\u00e9rt. Egy\u00e9b weboldal\u00e9rt, melyre a kiad\u00f3 hivatkozik, annak kiad\u00f3ja felel, a Ring Alliance Ringbuchtechnik GmbH azon weboldalak tartalm\u00e1\u00e9rt nem felel.<\/p>\n<p>&nbsp;<\/p>\n<p>Adatv\u00e9delmi nyilatkozat<\/p>\n<p>A szem\u00e9lyes adatok v\u00e9delme kiemelt priorit\u00e1st \u00e9lvez. \u00c9ppen ez\u00e9rt szigor\u00faan betartjuk az erre vonatkoz\u00f3 jogi el\u0151\u00edr\u00e1sokat. T\u00e1j\u00e9koztatjuk \u00d6n\u00f6ket, hogy milyen adatokat milyen c\u00e9lokra haszn\u00e1lunk fel:<\/p>\n<p>1.\u00a0Adat\u00e1tvitel \/ adatnapl\u00f3z\u00e1s<br \/>\nAz oldal felkeres\u00e9s\u00e9t k\u00f6vet\u0151en a web szerver log f\u00e1jlokat hoz l\u00e9tre, amik meghat\u00e1rozott szem\u00e9llyel nem \u00f6sszef\u00fcgg\u00e9sbe hozhat\u00f3k. Ezek az adatok t\u00f6bbek k\u00f6z\u00f6tt tartalmazz\u00e1k a browser t\u00edpus\u00e1t \u00e9s verzi\u00f3j\u00e1t, az alkalmazott oper\u00e1ci\u00f3srendszert, a hivatkoz\u00f3 url-t ( a kor\u00e1bban megtekintett oldalt ), a lek\u00e9rdez\u0151 sz\u00e1m\u00edt\u00f3g\u00e9p IP c\u00edm\u00e9t, a lek\u00e9rdez\u00e9s d\u00e1tum\u00e1t \u00e9s id\u0151pontj\u00e1t illetve az \u00dcgyf\u00e9l \u00e1ltal lek\u00e9rdezett f\u00e1jlt (f\u00e1jln\u00e9v \u00e9s URL). Ezen adatok gy\u0171jt\u00e9se kiz\u00e1r\u00f3lag statisztikai kimutat\u00e1sok k\u00e9sz\u00edt\u00e9se c\u00e9lj\u00e1b\u00f3l t\u00f6rt\u00e9nik. Harmadik f\u00e9l r\u00e9sz\u00e9re semmilyen okb\u00f3l nem ker\u00fclnek \u00e1tad\u00e1sra.<\/p>\n<p>2.\u00a0Szem\u00e9lyes adatok felhaszn\u00e1l\u00e1sa<br \/>\nAZ \u00d6n enged\u00e9lye n\u00e9lk\u00fcl szem\u00e9lyes adatai nem ker\u00fclnek felhaszn\u00e1l\u00e1sra. Szem\u00e9lyes adatainak k\u00f6zl\u00e9si enged\u00e9ly\u00e9t b\u00e1rmikor, azonnali hat\u00e1llyal visszavonhatja \u00edr\u00e1sos form\u00e1ban (pl. e-mailen vagy faxon), amennyiben ez nem akad\u00e1lya egy \u00fczletk\u00f6t\u00e9snek. Harmadik f\u00e9l nem juthat az \u00d6n adataihoz, kiv\u00e9ve, ha t\u00f6rv\u00e9nyi el\u0151\u00edr\u00e1s alapj\u00e1n ez sz\u00fcks\u00e9ges.<\/p>\n<p>3.\u00a0T\u00e1j\u00e9koztat\u00e1s, adatainak m\u00f3dos\u00edt\u00e1sa \u00e9s t\u00f6rl\u00e9se<br \/>\nA hat\u00e1lyban l\u00e9v\u0151 t\u00f6rv\u00e9nyek alapj\u00e1n \u00d6n b\u00e1rmikor \u00e9rdekl\u0151dhet \u00edr\u00e1sban, hogy mely szem\u00e9lyes adatait t\u00e1roljuk. Err\u0151l azonnali t\u00e1j\u00e9koztat\u00e1st kap.<\/p>\n<p>4.\u00a0Adatainak biztons\u00e1ga<br \/>\nAz \u00d6n \u00e1ltal rendelkez\u00e9s\u00fcnkre bocs\u00e1tott szem\u00e9lyes adatainak kezel\u00e9se a megl\u00e9v\u0151 biztons\u00e1gi el\u0151\u00edr\u00e1soknak megfelel\u0151en olyan form\u00e1n t\u00f6rt\u00e9nik, hogy ahhoz jogosulatlan harmadik f\u00e9l nem juthat. Aj\u00e1nlott a postai lev\u00e9lk\u00fcld\u00e9st v\u00e1lasztani, amennyiben t\u00fal \u00e9rz\u00e9keny adatokat vagy inform\u00e1ci\u00f3kat k\u00edv\u00e1n k\u00f6z\u00f6lni, mivel az e-mailben k\u00fcld\u00f6tt adatok biztons\u00e1ga teljes k\u00f6r\u0171en nem szavatolhat\u00f3.<\/p>\n<p>5. Google Analytics<br \/>\nEz a weboldal a Google Inc. (\u201eGoogle\u201d) Google Analytics web \u00e9rt\u00e9kel\u0151 szolg\u00e1ltat\u00e1s\u00e1t az \u00fagynevezett \u201eCookies\u201c-t (\u201es\u00fctiket\u201d) haszn\u00e1lja. Ezen sz\u00f6veges f\u00e1jlok ment\u00e9sre ker\u00fclnek az \u00d6n g\u00e9p\u00e9n \u00e9s az \u00d6n beleegyez\u00e9se eset\u00e9n lehet\u0151v\u00e9 teszik az adott weboldal haszn\u00e1lat\u00e1nak analiz\u00e1l\u00e1s\u00e1t. A s\u00fcti az \u00d6n weboldal felhaszn\u00e1l\u00e1si m\u00f3dja alapj\u00e1n gener\u00e1lt inform\u00e1ci\u00f3kat (bele\u00e9rtve az \u00d6n IP c\u00edm\u00e9t) tov\u00e1bb\u00edtja \u00e9s menti a Google egyik szerver\u00e9re az USA-ba. A Google ezeket az inform\u00e1ci\u00f3kat ki\u00e9rt\u00e9keli. Riportokat k\u00e9sz\u00edt a weboldalon t\u00f6rt\u00e9n\u0151 aktivit\u00e1sokb\u00f3l a weboldal \u00fczemeltet\u0151je sz\u00e1m\u00e1ra. T\u00f6rv\u00e9nyi el\u0151\u00edr\u00e1s alapj\u00e1n, vagy amennyiben a Google az adatok feldolgoz\u00e1s\u00e1val egy m\u00e1sik c\u00e9get b\u00edzott meg, \u00fagy ezen inform\u00e1ci\u00f3kat tov\u00e1bb\u00edthatja harmadik f\u00e9l r\u00e9sz\u00e9re. A Google semmilyen esetben nem t\u00e1rs\u00edtja az \u00d6n IP c\u00edm\u00e9t a Google m\u00e1s adataihoz. A s\u00fctik install\u00e1ci\u00f3j\u00e1t az \u00d6n Browser Software megfelel\u0151 be\u00e1ll\u00edt\u00e1s\u00e1val megakad\u00e1lyozhatja, de k\u00e9rem, vegye figyelembe, hogy ez esetben a weboldalon nem lesz minden teljes m\u00e9rt\u00e9kben el\u00e9rhet\u0151 az \u00d6n sz\u00e1m\u00e1ra. Ezen weboldal haszn\u00e1lat\u00e1val \u00d6n elismeri az \u00d6nr\u0151l az im\u00e9nt ismertetettek szerint szerzett adatok feldolgoz\u00e1s\u00e1nak jogoss\u00e1g\u00e1t.<\/p>\n<p>6.\u00a0S\u00fctik<br \/>\nOldalaink n\u00e9melyik\u00e9n, a felhaszn\u00e1l\u00e1s megk\u00f6nny\u00edt\u00e9se \u00e9rdek\u00e9ben \u201emunkamenet s\u00fctiket\u201d helyezt\u00fcnk el. Ezek olyan sz\u00f6veges f\u00e1jlok, melyek csak a weboldal felkeres\u00e9s\u00e9nek idej\u00e9re &#8211; a browser program be\u00e1ll\u00edt\u00e1s\u00e1t\u00f3l f\u00fcgg\u0151en &#8211; t\u00e1rol\u00f3dnak a g\u00e9p\u00e9n, majd a browser befejez\u00e9s\u00e9t k\u00f6vet\u0151en t\u00f6rl\u0151dnek. Ezek a s\u00fctik a merevlemezen t\u00e1rolt adataihoz nem f\u00e9rnek hozz\u00e1, illetve nem befoly\u00e1solj\u00e1k PC-j\u00e9t \u00e9s adatait. A legt\u00f6bb browser \u00fagy van be\u00e1ll\u00edtva, hogy automatikusan fogadj\u00e1k a s\u00fctiket. A s\u00fctik ment\u00e9s\u00e9t azonban letilthatja, illetve be\u00e1ll\u00edthatja browser\u00e9t \u00fagy, hogy az, a s\u00fcti k\u00fcld\u00e9sre \u00d6nt figyelmeztesse.<\/p>\n<p>7.\u00a0Adatv\u00e9delmi nyilatkozat v\u00e1ltoz\u00e1sai<br \/>\nIr\u00e1nyelveinket az \u00d6n szem\u00e9lyes adatainak v\u00e9delme \u00e9rdekben id\u0151r\u0151l id\u0151re aktualiz\u00e1ljuk. Id\u0151nk\u00e9nt tekints\u00e9k meg, mik\u00e9nt \u00f3vjuk az \u00d6n\u00f6k adatait, illetve fejlesztj\u00fck weboldalunk tartalm\u00e1t. Amennyiben az \u00d6n\u00f6kt\u0151l megkapott szem\u00e9lyes adatok gy\u0171jt\u00e9s\u00e9ben, felhaszn\u00e1l\u00e1s\u00e1ban \u00e9s\/vagy tov\u00e1bb\u00edt\u00e1s\u00e1ban l\u00e9nyeges v\u00e1ltoz\u00e1sok t\u00f6rt\u00e9nn\u00e9nek, \u00fagy azt j\u00f3l l\u00e1that\u00f3 m\u00f3don megjelen\u00edtj\u00fck a weboldalon. A weboldal haszn\u00e1l\u00e1s\u00e1val egyidej\u0171leg \u00d6n\u00f6k elfogadj\u00e1k ezen, a szem\u00e9lyes adatok v\u00e9delm\u00e9r\u0151l sz\u00f3l\u00f3 ir\u00e1nyelveket.<\/p>\n<p>Amennyiben k\u00e9rd\u00e9sei vannak az adatv\u00e9delmi nyilatkozattal kapcsolatban, k\u00e9rem, forduljanak hozz\u00e1nk a kapcsolati oldalon kereszt\u00fcl.<\/p>\n","protected":false},"excerpt":{"rendered":"<p>Impresszum Ring Alliance Ringbuchtechnik GmbH Alserbachstra\u00dfe 14-16, 1090 B\u00e9cs, Ausztria Telefon:\u00a00043-1-86681-0 | Fax: 0043-1-86681-398 | <a href=\"mailto:office@ring-alliance.com\">office@ring-alliance.com<\/a> <a href=\"http:\/\/www.ring-alliance.com\" rel=\"nofollow\">http:\/\/www.ring-alliance.com<\/a> A v\u00e1llalat sz\u00e9khelye:\u00a0B\u00e9cs C\u00e9gjegyz\u00e9ksz\u00e1m: FN215533k C\u00e9gb\u00edr\u00f3s\u00e1g:\u00a0HG Wien Ad\u00f3sz\u00e1m: ATU 52715003 \u00dcgyvezet\u0151 igazgat\u00f3: Frank Niedecker Orsolya Veszeli \u00dczleti lerakat: Ring Alliance Netherlands |\u00a0Bellstraat 7, 3861 NP Nijkerk,\u00a0Niederlande Entry No: 65468279 | Utrecht Chamber of Commerce | VAT Registration Number: [&hellip;]<\/p>\n","protected":false},"author":1,"featured_media":0,"parent":0,"menu_order":0,"comment_status":"closed","ping_status":"closed","template":"","meta":[],"yoast_head":"<!-- This site is optimized with the Yoast SEO plugin v19.8 - https:\/\/yoast.com\/wordpress\/plugins\/seo\/ -->\n<title>Impresszum - Ring Alliance<\/title>\n<meta name=\"robots\" content=\"index, follow, max-snippet:-1, max-image-preview:large, max-video-preview:-1\" \/>\n<link rel=\"canonical\" href=\"https:\/\/www.ring-alliance.com\/hu\/legal-notice\/\" \/>\n<meta property=\"og:locale\" content=\"hu_HU\" \/>\n<meta property=\"og:type\" content=\"article\" \/>\n<meta property=\"og:title\" content=\"Impresszum - Ring Alliance\" \/>\n<meta property=\"og:description\" content=\"Impresszum Ring Alliance Ringbuchtechnik GmbH Alserbachstra\u00dfe 14-16, 1090 B\u00e9cs, Ausztria Telefon:\u00a00043-1-86681-0 | Fax: 0043-1-86681-398 | office@ring-alliance.com http:\/\/www.ring-alliance.com A v\u00e1llalat sz\u00e9khelye:\u00a0B\u00e9cs C\u00e9gjegyz\u00e9ksz\u00e1m: FN215533k C\u00e9gb\u00edr\u00f3s\u00e1g:\u00a0HG Wien Ad\u00f3sz\u00e1m: ATU 52715003 \u00dcgyvezet\u0151 igazgat\u00f3: Frank Niedecker Orsolya Veszeli \u00dczleti lerakat: Ring Alliance Netherlands |\u00a0Bellstraat 7, 3861 NP Nijkerk,\u00a0Niederlande Entry No: 65468279 | Utrecht Chamber of Commerce | VAT Registration Number: [&hellip;]\" \/>\n<meta property=\"og:url\" content=\"https:\/\/www.ring-alliance.com\/hu\/legal-notice\/\" \/>\n<meta property=\"og:site_name\" content=\"Ring Alliance\" \/>\n<meta property=\"article:modified_time\" content=\"2017-01-24T13:47:32+00:00\" \/>\n<meta name=\"twitter:card\" content=\"summary_large_image\" \/>\n<meta name=\"twitter:label1\" content=\"Becs\u00fclt olvas\u00e1si id\u0151\" \/>\n\t<meta name=\"twitter:data1\" content=\"6 perc\" \/>\n<script type=\"application\/ld+json\" class=\"yoast-schema-graph\">{\"@context\":\"https:\/\/schema.org\",\"@graph\":[{\"@type\":\"WebPage\",\"@id\":\"https:\/\/www.ring-alliance.com\/hu\/legal-notice\/\",\"url\":\"https:\/\/www.ring-alliance.com\/hu\/legal-notice\/\",\"name\":\"Impresszum - Ring Alliance\",\"isPartOf\":{\"@id\":\"https:\/\/www.ring-alliance.com\/#website\"},\"datePublished\":\"2016-09-30T09:43:38+00:00\",\"dateModified\":\"2017-01-24T13:47:32+00:00\",\"breadcrumb\":{\"@id\":\"https:\/\/www.ring-alliance.com\/hu\/legal-notice\/#breadcrumb\"},\"inLanguage\":\"hu\",\"potentialAction\":[{\"@type\":\"ReadAction\",\"target\":[\"https:\/\/www.ring-alliance.com\/hu\/legal-notice\/\"]}]},{\"@type\":\"BreadcrumbList\",\"@id\":\"https:\/\/www.ring-alliance.com\/hu\/legal-notice\/#breadcrumb\",\"itemListElement\":[{\"@type\":\"ListItem\",\"position\":1,\"name\":\"Home\",\"item\":\"https:\/\/www.ring-alliance.com\/hu\/\"},{\"@type\":\"ListItem\",\"position\":2,\"name\":\"Impresszum\"}]},{\"@type\":\"WebSite\",\"@id\":\"https:\/\/www.ring-alliance.com\/#website\",\"url\":\"https:\/\/www.ring-alliance.com\/\",\"name\":\"Ring Alliance\",\"description\":\"Your partner for ring binder mechanisms.\",\"potentialAction\":[{\"@type\":\"SearchAction\",\"target\":{\"@type\":\"EntryPoint\",\"urlTemplate\":\"https:\/\/www.ring-alliance.com\/?s={search_term_string}\"},\"query-input\":\"required name=search_term_string\"}],\"inLanguage\":\"hu\"}]}<\/script>\n<!-- \/ Yoast SEO plugin. -->","yoast_head_json":{"title":"Impresszum - Ring Alliance","robots":{"index":"index","follow":"follow","max-snippet":"max-snippet:-1","max-image-preview":"max-image-preview:large","max-video-preview":"max-video-preview:-1"},"canonical":"https:\/\/www.ring-alliance.com\/hu\/legal-notice\/","og_locale":"hu_HU","og_type":"article","og_title":"Impresszum - Ring Alliance","og_description":"Impresszum Ring Alliance Ringbuchtechnik GmbH Alserbachstra\u00dfe 14-16, 1090 B\u00e9cs, Ausztria Telefon:\u00a00043-1-86681-0 | Fax: 0043-1-86681-398 | office@ring-alliance.com http:\/\/www.ring-alliance.com A v\u00e1llalat sz\u00e9khelye:\u00a0B\u00e9cs C\u00e9gjegyz\u00e9ksz\u00e1m: FN215533k C\u00e9gb\u00edr\u00f3s\u00e1g:\u00a0HG Wien Ad\u00f3sz\u00e1m: ATU 52715003 \u00dcgyvezet\u0151 igazgat\u00f3: Frank Niedecker Orsolya Veszeli \u00dczleti lerakat: Ring Alliance Netherlands |\u00a0Bellstraat 7, 3861 NP Nijkerk,\u00a0Niederlande Entry No: 65468279 | Utrecht Chamber of Commerce | VAT Registration Number: [&hellip;]","og_url":"https:\/\/www.ring-alliance.com\/hu\/legal-notice\/","og_site_name":"Ring Alliance","article_modified_time":"2017-01-24T13:47:32+00:00","twitter_card":"summary_large_image","twitter_misc":{"Becs\u00fclt olvas\u00e1si id\u0151":"6 perc"},"schema":{"@context":"https:\/\/schema.org","@graph":[{"@type":"WebPage","@id":"https:\/\/www.ring-alliance.com\/hu\/legal-notice\/","url":"https:\/\/www.ring-alliance.com\/hu\/legal-notice\/","name":"Impresszum - Ring Alliance","isPartOf":{"@id":"https:\/\/www.ring-alliance.com\/#website"},"datePublished":"2016-09-30T09:43:38+00:00","dateModified":"2017-01-24T13:47:32+00:00","breadcrumb":{"@id":"https:\/\/www.ring-alliance.com\/hu\/legal-notice\/#breadcrumb"},"inLanguage":"hu","potentialAction":[{"@type":"ReadAction","target":["https:\/\/www.ring-alliance.com\/hu\/legal-notice\/"]}]},{"@type":"BreadcrumbList","@id":"https:\/\/www.ring-alliance.com\/hu\/legal-notice\/#breadcrumb","itemListElement":[{"@type":"ListItem","position":1,"name":"Home","item":"https:\/\/www.ring-alliance.com\/hu\/"},{"@type":"ListItem","position":2,"name":"Impresszum"}]},{"@type":"WebSite","@id":"https:\/\/www.ring-alliance.com\/#website","url":"https:\/\/www.ring-alliance.com\/","name":"Ring Alliance","description":"Your partner for ring binder mechanisms.","potentialAction":[{"@type":"SearchAction","target":{"@type":"EntryPoint","urlTemplate":"https:\/\/www.ring-alliance.com\/?s={search_term_string}"},"query-input":"required name=search_term_string"}],"inLanguage":"hu"}]}},"_links":{"self":[{"href":"https:\/\/www.ring-alliance.com\/hu\/wp-json\/wp\/v2\/pages\/2183"}],"collection":[{"href":"https:\/\/www.ring-alliance.com\/hu\/wp-json\/wp\/v2\/pages"}],"about":[{"href":"https:\/\/www.ring-alliance.com\/hu\/wp-json\/wp\/v2\/types\/page"}],"author":[{"embeddable":true,"href":"https:\/\/www.ring-alliance.com\/hu\/wp-json\/wp\/v2\/users\/1"}],"replies":[{"embeddable":true,"href":"https:\/\/www.ring-alliance.com\/hu\/wp-json\/wp\/v2\/comments?post=2183"}],"version-history":[{"count":5,"href":"https:\/\/www.ring-alliance.com\/hu\/wp-json\/wp\/v2\/pages\/2183\/revisions"}],"predecessor-version":[{"id":2681,"href":"https:\/\/www.ring-alliance.com\/hu\/wp-json\/wp\/v2\/pages\/2183\/revisions\/2681"}],"wp:attachment":[{"href":"https:\/\/www.ring-alliance.com\/hu\/wp-json\/wp\/v2\/media?parent=2183"}],"curies":[{"name":"wp","href":"https:\/\/api.w.org\/{rel}","templated":true}]}}