{"id":2178,"date":"2016-09-30T11:43:12","date_gmt":"2016-09-30T09:43:12","guid":{"rendered":"http:\/\/www.ring-alliance.com\/hu\/?page_id=2178"},"modified":"2023-07-03T08:53:27","modified_gmt":"2023-07-03T06:53:27","slug":"history","status":"publish","type":"page","link":"https:\/\/www.ring-alliance.com\/hu\/history\/","title":{"rendered":"T\u00f6rt\u00e9net"},"content":{"rendered":"<div id='av_section_1' class='avia-section main_color avia-section-default avia-no-shadow avia-bg-style-scroll  avia-builder-el-0  avia-builder-el-no-sibling   container_wrap fullsize' style=' '  ><div class='container' ><main  role=\"main\" itemprop=\"mainContentOfPage\"  class='template-page content  av-content-full alpha units'><div class='post-entry post-entry-type-page post-entry-2178'><div class='entry-content-wrapper clearfix'>\n<div style='padding-bottom:10px; ' class='av-special-heading av-special-heading-h2  blockquote modern-quote modern-centered  avia-builder-el-1  el_before_av_hr  avia-builder-el-first   '><h2 class='av-special-heading-tag '  itemprop=\"headline\"  >T\u00f6rt\u00e9nelem<\/h2><div class ='av-subheading av-subheading_below  ' style='font-size:18px;'><p>T\u00f6bb mint 100 \u00e9ves kiv\u00e1l\u00f3s\u00e1gra tekint\u00fcnk vissza. Tudjon meg t\u00f6bbet az \u201e\u00f6r\u00f6k k\u00f6nyv\u201d t\u00f6rt\u00e9net\u00e9r\u0151l.<\/p>\n<\/div><div class='special-heading-border'><div class='special-heading-inner-border' ><\/div><\/div><\/div>\n<div  class='hr hr-default   avia-builder-el-2  el_after_av_heading  el_before_av_one_half '><span class='hr-inner ' ><span class='hr-inner-style'><\/span><\/span><\/div>\n<div class=\"flex_column av_one_half  flex_column_div av-zero-column-padding first  avia-builder-el-3  el_after_av_hr  el_before_av_one_half  \" style='border-radius:0px; '><p><div class='avia-image-container  av-styling-    avia-builder-el-4  el_before_av_image  avia-builder-el-first  avia-align-center '  itemprop=\"ImageObject\" itemscope=\"itemscope\" itemtype=\"https:\/\/schema.org\/ImageObject\"  ><div class='avia-image-container-inner'><div class='avia-image-overlay-wrap'><img class='avia_image' src='https:\/\/www.ring-alliance.com\/wp-content\/uploads\/2023\/07\/fabrik-1930-450x312.jpg' alt='' title='fabrik 1930' height=\"312\" width=\"450\"  itemprop=\"thumbnailUrl\"  \/><\/div><\/div><\/div><br \/>\n<div class='avia-image-container  av-styling-    avia-builder-el-5  el_after_av_image  avia-builder-el-last  avia-align-center '  itemprop=\"ImageObject\" itemscope=\"itemscope\" itemtype=\"https:\/\/schema.org\/ImageObject\"  ><div class='avia-image-container-inner'><div class='avia-image-overlay-wrap'><img class='avia_image' src='https:\/\/www.ring-alliance.com\/wp-content\/uploads\/2023\/07\/kh-1930-356x450.jpg' alt='' title='kh 1930' height=\"450\" width=\"356\"  itemprop=\"thumbnailUrl\"  \/><\/div><\/div><\/div><\/p><\/div><div class=\"flex_column av_one_half  flex_column_div av-zero-column-padding   avia-builder-el-6  el_after_av_one_half  avia-builder-el-last  \" style='border-radius:0px; '><section class=\"av_textblock_section \"  itemscope=\"itemscope\" itemtype=\"https:\/\/schema.org\/CreativeWork\" ><div class='avia_textblock  '   itemprop=\"text\" ><p><strong>2023<\/strong><br \/>\nA Ring Alliance Ringbuchtechnik az osztr\u00e1k RAG Group tulajdon\u00e1ba ker\u00fcl, azzal a c\u00e9llal, hogy a v\u00e1llalat siker\u00e9t tov\u00e1bbvigye.<\/p>\n<p><strong>2016<\/strong><br \/>\nA Bensons beolvad a Ring Alliance Ringbuchtechnik-be. A k\u00e9t v\u00e1llalat egyes\u00edti er\u0151it &#8211; a vev\u0151k hat\u00e9konyabb kiszolg\u00e1l\u00e1sa \u00e9rdek\u00e9ben.<\/p>\n<p><strong>2003<\/strong><br \/>\nRobert Krause kor\u00e1bbi Ring Max-os, csatlakozik a Ring International Holdinghoz.<\/p>\n<p><strong>2003<\/strong><br \/>\nA Koloman Handler magyarorsz\u00e1gi gy\u00e1regys\u00e9ge \u00e1tveszi a teljes gy\u00e1rt\u00e1st B\u00e9cst\u0151l.<\/p>\n<p><strong>2002<\/strong><br \/>\nA glob\u00e1lis l\u00e1bnyommal rendelkez\u0151 Bensons (Hollandia, Nagy-Britannia, Franciaorsz\u00e1g, USA \u00e9s Szingap\u00far) csatlakozik a Ring International Holdinghoz.<\/p>\n<p><strong>2001<\/strong><br \/>\nA Ring International Holding megv\u00e1s\u00e1rolja a Koloman Handlert \u00e9s annak magyarorsz\u00e1gi le\u00e1nyv\u00e1llalat\u00e1t.<\/p>\n<p><strong>1998<\/strong><br \/>\nA 3 gener\u00e1ci\u00f3n kereszt\u00fcl csal\u00e1di tulajdonban m\u0171k\u00f6d\u0151 Koloman Handler befektet\u0151i k\u00e9zbe ker\u00fcl.<\/p>\n<p><strong>1995<\/strong><br \/>\nA magyarorsz\u00e1gi gy\u00e1regys\u00e9gben bevezetik az automata termel\u00e9st.<\/p>\n<p><strong>1992<\/strong><br \/>\nMegalap\u00edtj\u00e1k a Koloman Handler magyarorsz\u00e1gi le\u00e1nyv\u00e1llalat\u00e1t.<\/p>\n<p><strong>1922<\/strong><br \/>\nKoloman Handler megalap\u00edtja B\u00e9csben els\u0151 gy\u0171r\u0171smechanika gy\u00e1rt\u00f3\u00fczem\u00e9t.<\/p>\n<p><strong>1915<\/strong><br \/>\nKoloman Handler feltal\u00e1lja az els\u0151 gy\u0171r\u0171s mechanik\u00e1t, egy olyan megold\u00e1st ny\u00fajtva ezzel amit az \u00fczletemberek kerestek ebben az id\u0151ben: tegy\u00fck a k\u00f6nyveket m\u00e9g \u201etart\u00f3sabb\u00e1\u201c. \u00cdgy sz\u00fcletett az \u201e\u00f6r\u00f6k k\u00f6nyv\u201d &#8211; a gy\u0171r\u0171s iratgy\u0171jt\u0151.<\/p>\n<p><strong>1900<br \/>\n<\/strong>Ausztri\u00e1ban megalap\u00edtj\u00e1k a Koloman Handlert, ahol f\u00e9m k\u00f6nyvsarkokat kezdenek gy\u00e1rtani.<\/p>\n<\/div><\/section><\/div>\n","protected":false},"excerpt":{"rendered":"","protected":false},"author":1,"featured_media":0,"parent":0,"menu_order":0,"comment_status":"closed","ping_status":"closed","template":"","meta":[],"yoast_head":"<!-- This site is optimized with the Yoast SEO plugin v19.8 - https:\/\/yoast.com\/wordpress\/plugins\/seo\/ -->\n<title>T\u00f6rt\u00e9net - Ring Alliance<\/title>\n<meta name=\"robots\" content=\"index, follow, max-snippet:-1, max-image-preview:large, max-video-preview:-1\" \/>\n<link rel=\"canonical\" href=\"https:\/\/www.ring-alliance.com\/hu\/history\/\" \/>\n<meta property=\"og:locale\" content=\"hu_HU\" \/>\n<meta property=\"og:type\" content=\"article\" \/>\n<meta property=\"og:title\" content=\"T\u00f6rt\u00e9net - Ring Alliance\" \/>\n<meta property=\"og:url\" content=\"https:\/\/www.ring-alliance.com\/hu\/history\/\" \/>\n<meta property=\"og:site_name\" content=\"Ring Alliance\" \/>\n<meta property=\"article:modified_time\" content=\"2023-07-03T06:53:27+00:00\" \/>\n<meta name=\"twitter:card\" content=\"summary_large_image\" \/>\n<meta name=\"twitter:label1\" content=\"Becs\u00fclt olvas\u00e1si id\u0151\" \/>\n\t<meta name=\"twitter:data1\" content=\"2 perc\" \/>\n<script type=\"application\/ld+json\" class=\"yoast-schema-graph\">{\"@context\":\"https:\/\/schema.org\",\"@graph\":[{\"@type\":\"WebPage\",\"@id\":\"https:\/\/www.ring-alliance.com\/hu\/history\/\",\"url\":\"https:\/\/www.ring-alliance.com\/hu\/history\/\",\"name\":\"T\u00f6rt\u00e9net - Ring Alliance\",\"isPartOf\":{\"@id\":\"https:\/\/www.ring-alliance.com\/#website\"},\"datePublished\":\"2016-09-30T09:43:12+00:00\",\"dateModified\":\"2023-07-03T06:53:27+00:00\",\"breadcrumb\":{\"@id\":\"https:\/\/www.ring-alliance.com\/hu\/history\/#breadcrumb\"},\"inLanguage\":\"hu\",\"potentialAction\":[{\"@type\":\"ReadAction\",\"target\":[\"https:\/\/www.ring-alliance.com\/hu\/history\/\"]}]},{\"@type\":\"BreadcrumbList\",\"@id\":\"https:\/\/www.ring-alliance.com\/hu\/history\/#breadcrumb\",\"itemListElement\":[{\"@type\":\"ListItem\",\"position\":1,\"name\":\"Home\",\"item\":\"https:\/\/www.ring-alliance.com\/hu\/\"},{\"@type\":\"ListItem\",\"position\":2,\"name\":\"T\u00f6rt\u00e9net\"}]},{\"@type\":\"WebSite\",\"@id\":\"https:\/\/www.ring-alliance.com\/#website\",\"url\":\"https:\/\/www.ring-alliance.com\/\",\"name\":\"Ring Alliance\",\"description\":\"Your partner for ring binder mechanisms.\",\"potentialAction\":[{\"@type\":\"SearchAction\",\"target\":{\"@type\":\"EntryPoint\",\"urlTemplate\":\"https:\/\/www.ring-alliance.com\/?s={search_term_string}\"},\"query-input\":\"required name=search_term_string\"}],\"inLanguage\":\"hu\"}]}<\/script>\n<!-- \/ Yoast SEO plugin. -->","yoast_head_json":{"title":"T\u00f6rt\u00e9net - Ring Alliance","robots":{"index":"index","follow":"follow","max-snippet":"max-snippet:-1","max-image-preview":"max-image-preview:large","max-video-preview":"max-video-preview:-1"},"canonical":"https:\/\/www.ring-alliance.com\/hu\/history\/","og_locale":"hu_HU","og_type":"article","og_title":"T\u00f6rt\u00e9net - Ring Alliance","og_url":"https:\/\/www.ring-alliance.com\/hu\/history\/","og_site_name":"Ring Alliance","article_modified_time":"2023-07-03T06:53:27+00:00","twitter_card":"summary_large_image","twitter_misc":{"Becs\u00fclt olvas\u00e1si id\u0151":"2 perc"},"schema":{"@context":"https:\/\/schema.org","@graph":[{"@type":"WebPage","@id":"https:\/\/www.ring-alliance.com\/hu\/history\/","url":"https:\/\/www.ring-alliance.com\/hu\/history\/","name":"T\u00f6rt\u00e9net - Ring Alliance","isPartOf":{"@id":"https:\/\/www.ring-alliance.com\/#website"},"datePublished":"2016-09-30T09:43:12+00:00","dateModified":"2023-07-03T06:53:27+00:00","breadcrumb":{"@id":"https:\/\/www.ring-alliance.com\/hu\/history\/#breadcrumb"},"inLanguage":"hu","potentialAction":[{"@type":"ReadAction","target":["https:\/\/www.ring-alliance.com\/hu\/history\/"]}]},{"@type":"BreadcrumbList","@id":"https:\/\/www.ring-alliance.com\/hu\/history\/#breadcrumb","itemListElement":[{"@type":"ListItem","position":1,"name":"Home","item":"https:\/\/www.ring-alliance.com\/hu\/"},{"@type":"ListItem","position":2,"name":"T\u00f6rt\u00e9net"}]},{"@type":"WebSite","@id":"https:\/\/www.ring-alliance.com\/#website","url":"https:\/\/www.ring-alliance.com\/","name":"Ring Alliance","description":"Your partner for ring binder mechanisms.","potentialAction":[{"@type":"SearchAction","target":{"@type":"EntryPoint","urlTemplate":"https:\/\/www.ring-alliance.com\/?s={search_term_string}"},"query-input":"required name=search_term_string"}],"inLanguage":"hu"}]}},"_links":{"self":[{"href":"https:\/\/www.ring-alliance.com\/hu\/wp-json\/wp\/v2\/pages\/2178"}],"collection":[{"href":"https:\/\/www.ring-alliance.com\/hu\/wp-json\/wp\/v2\/pages"}],"about":[{"href":"https:\/\/www.ring-alliance.com\/hu\/wp-json\/wp\/v2\/types\/page"}],"author":[{"embeddable":true,"href":"https:\/\/www.ring-alliance.com\/hu\/wp-json\/wp\/v2\/users\/1"}],"replies":[{"embeddable":true,"href":"https:\/\/www.ring-alliance.com\/hu\/wp-json\/wp\/v2\/comments?post=2178"}],"version-history":[{"count":10,"href":"https:\/\/www.ring-alliance.com\/hu\/wp-json\/wp\/v2\/pages\/2178\/revisions"}],"predecessor-version":[{"id":3345,"href":"https:\/\/www.ring-alliance.com\/hu\/wp-json\/wp\/v2\/pages\/2178\/revisions\/3345"}],"wp:attachment":[{"href":"https:\/\/www.ring-alliance.com\/hu\/wp-json\/wp\/v2\/media?parent=2178"}],"curies":[{"name":"wp","href":"https:\/\/api.w.org\/{rel}","templated":true}]}}