{"id":2176,"date":"2016-09-30T11:42:48","date_gmt":"2016-09-30T09:42:48","guid":{"rendered":"http:\/\/www.ring-alliance.com\/hu\/?page_id=2176"},"modified":"2025-01-07T14:31:27","modified_gmt":"2025-01-07T13:31:27","slug":"contact","status":"publish","type":"page","link":"https:\/\/www.ring-alliance.com\/hu\/contact\/","title":{"rendered":"Kapcsolat"},"content":{"rendered":"<div id='av_section_1' class='avia-section main_color avia-section-default avia-no-shadow avia-bg-style-scroll  avia-builder-el-0  avia-builder-el-no-sibling   container_wrap fullsize' style=' '  ><div class='container' ><main  role=\"main\" itemprop=\"mainContentOfPage\"  class='template-page content  av-content-full alpha units'><div class='post-entry post-entry-type-page post-entry-2176'><div class='entry-content-wrapper clearfix'>\n<div style='padding-bottom:10px; ' class='av-special-heading av-special-heading-h2  blockquote modern-quote modern-centered  avia-builder-el-1  el_before_av_toggle_container  avia-builder-el-first   '><h2 class='av-special-heading-tag '  itemprop=\"headline\"  >KAPCSOLAT <span class='special_amp'>&amp;<\/span> SZOLG\u00c1LTAT\u00c1S<\/h2><div class ='av-subheading av-subheading_below  ' style='font-size:18px;'><p>K\u00e9rd\u00e9se van gy\u0171r\u0171s mechanik\u00e1kr\u00f3l \u00e9s a kieg\u00e9sz\u00edt\u0151kr\u0151l? Mi hozz\u00e1seg\u00edtj\u00fck \u00d6nt a megfelel\u0151 megold\u00e1shoz.<\/p>\n<\/div><div class='special-heading-border'><div class='special-heading-inner-border' ><\/div><\/div><\/div>\n<div class=\"togglecontainer    avia-builder-el-2  el_after_av_heading  el_before_av_hr \" >\n<section class=\"av_toggle_section\"  itemscope=\"itemscope\" itemtype=\"https:\/\/schema.org\/CreativeWork\"  >    <div class=\"single_toggle\" data-tags=\"{Mind} \"  >        <p data-fake-id=\"#toggle-id-1\" class=\"toggler \"  itemprop=\"headline\"   >B\u00e9cs, Ausztria (K\u00f6zpont)<span class=\"toggle_icon\" >        <span class=\"vert_icon\"><\/span><span class=\"hor_icon\"><\/span><\/span><\/p>        <div id=\"toggle-id-1-container\" class=\"toggle_wrap \"  >            <div class=\"toggle_content invers-color \"  itemprop=\"text\"   ><p><strong>Ring Alliance Ringbuchtechnik GmbH<\/strong><br \/>\nAlserbachstra\u00dfe 14-16, 1090 B\u00e9cs, Ausztria<br \/>\nTelefon: 0043-1-86681-0 | Fax: 0043-1-86681-398 | <a href=\"mailto:office@ring-alliance.com\">office@ring-alliance.com<\/a><\/p>\n<p><strong>Asszony Virginie Nussb\u00f6ck |\u00a0\u00c9rt\u00e9kes\u00edt\u0151<\/strong><br \/>\nTelefon: 0043-1-86681-356 | <a href=\"mailto:v.nussboeck@ring-alliance.com\">v.nussboeck@ring-alliance.com<\/a> | Besz\u00e9l franci\u00e1ul, n\u00e9met\u00fcl, angolul<\/p>\n<p><strong>Asszony Michaela Oyama | \u00c9rt\u00e9kes\u00edt\u0151<\/strong><br \/>\nTelefon: 0043-1-86681-377 | <a href=\"mailto:m.oyama@ring-alliance.com\">m.oyama@ring-alliance.com<\/a> | Besz\u00e9l n\u00e9met\u00fcl, angolul, jap\u00e1nul<\/p>\n            <\/div>        <\/div>    <\/div><\/section>\n<section class=\"av_toggle_section\"  itemscope=\"itemscope\" itemtype=\"https:\/\/schema.org\/CreativeWork\"  >    <div class=\"single_toggle\" data-tags=\"{Mind} \"  >        <p data-fake-id=\"#toggle-id-2\" class=\"toggler \"  itemprop=\"headline\"   >Nijkerk, Hollandia (\u00dczleti lerakat)<span class=\"toggle_icon\" >        <span class=\"vert_icon\"><\/span><span class=\"hor_icon\"><\/span><\/span><\/p>        <div id=\"toggle-id-2-container\" class=\"toggle_wrap \"  >            <div class=\"toggle_content invers-color \"  itemprop=\"text\"   ><p><strong>Ring Alliance Netherlands<\/strong><\/p>\n<p><strong><span class=\"VIiyi\" lang=\"hu\"><span class=\"JLqJ4b ChMk0b\" data-language-for-alternatives=\"hu\" data-language-to-translate-into=\"en\" data-phrase-index=\"0\">A nijkerk-i kirendelts\u00e9g\u00fcnk 2020 v\u00e9g\u00e9n bez\u00e1rt, k\u00e9rj\u00fck, vegye fel a kapcsolatot b\u00e9csi \u00e9rt\u00e9kes\u00edt\u00e9si csapatunkkal, Michaela Oyama asszonnyal.<\/span><\/span> <\/strong><\/p>\n            <\/div>        <\/div>    <\/div><\/section>\n<section class=\"av_toggle_section\"  itemscope=\"itemscope\" itemtype=\"https:\/\/schema.org\/CreativeWork\"  >    <div class=\"single_toggle\" data-tags=\"{Mind} \"  >        <p data-fake-id=\"#toggle-id-3\" class=\"toggler \"  itemprop=\"headline\"   >Canly, Franciaorsz\u00e1g (\u00dczleti lerakat)<span class=\"toggle_icon\" >        <span class=\"vert_icon\"><\/span><span class=\"hor_icon\"><\/span><\/span><\/p>        <div id=\"toggle-id-3-container\" class=\"toggle_wrap \"  >            <div class=\"toggle_content invers-color \"  itemprop=\"text\"   ><p><strong>Ring Alliance France<\/strong><br \/>\n1, rue du Roi, 60680 Canly, Franciaorsz\u00e1g<br \/>\nTelefon: 0033-3-44373800 | Fax: 0033-3-44373810 | <a href=\"mailto:france@ring-alliance.com\">france@ring-alliance.com<\/a><\/p>\n<p><strong>Asszony Corinne Hennon | \u00c9rt\u00e9kes\u00edt\u00e9si igazgat\u00f3<\/strong><br \/>\n<a href=\"mailto:c.hennon@ring-alliance.com\">c.hennon@ring-alliance.com<\/a> | Besz\u00e9l franci\u00e1ul, angolul<\/p>\n<p><strong>Asszony Sophie Rousseau |\u00a0\u00dcgyf\u00e9lszolg\u00e1lat<\/strong><br \/>\n<a href=\"mailto:s.rousseau@ring-alliance.com\">s.rousseau@ring-alliance.com<\/a> | Besz\u00e9l franci\u00e1ul, angolul,\u00a0spanyolul<\/p>\n            <\/div>        <\/div>    <\/div><\/section>\n<section class=\"av_toggle_section\"  itemscope=\"itemscope\" itemtype=\"https:\/\/schema.org\/CreativeWork\"  >    <div class=\"single_toggle\" data-tags=\"{Mind} \"  >        <p data-fake-id=\"#toggle-id-4\" class=\"toggler \"  itemprop=\"headline\"   >Oroszl\u00e1ny, Magyarorsz\u00e1g (Termel\u0151 egys\u00e9g)<span class=\"toggle_icon\" >        <span class=\"vert_icon\"><\/span><span class=\"hor_icon\"><\/span><\/span><\/p>        <div id=\"toggle-id-4-container\" class=\"toggle_wrap \"  >            <div class=\"toggle_content invers-color \"  itemprop=\"text\"   ><p><strong>Koloman Handler Kft<\/strong><br \/>\nHandler K\u00e1lm\u00e1n u. 2, 2840 Oroszl\u00e1ny, Magyarorsz\u00e1g<br \/>\nTelefon: 0036-34-561100 | Fax: 0036-34-360024<\/p>\n<p><strong>Asszony \u00a0Orsolya Veszeli | \u00dcgyvezet\u0151 igazgat\u00f3<\/strong><br \/>\nTelefon: 0036-34-561100 | <a href=\"mailto:o.veszeli@ring-alliance.com\">o.veszeli@ring-alliance.com<\/a> | Besz\u00e9l magyarul, angolul<\/p>\n<p><strong>\u00dar Kriszti\u00e1n Plety\u00e1k |\u00a0T\u00e1rs igazgat\u00f3<\/strong><br \/>\nTelefon: 0036-34-561100 | <a href=\"mailto:k.pletyak@ring-alliance.com\">k.pletyak@ring-alliance.com<\/a> | Besz\u00e9l angolul, magyarul<\/p>\n            <\/div>        <\/div>    <\/div><\/section>\n<section class=\"av_toggle_section\"  itemscope=\"itemscope\" itemtype=\"https:\/\/schema.org\/CreativeWork\"  >    <div class=\"single_toggle\" data-tags=\"{Mind} \"  >        <p data-fake-id=\"#toggle-id-5\" class=\"toggler \"  itemprop=\"headline\"   >Disztrib\u00fatorok<span class=\"toggle_icon\" >        <span class=\"vert_icon\"><\/span><span class=\"hor_icon\"><\/span><\/span><\/p>        <div id=\"toggle-id-5-container\" class=\"toggle_wrap \"  >            <div class=\"toggle_content invers-color \"  itemprop=\"text\"   ><p><strong>Amerikai Egyes\u00fclt \u00c1llamok (USA)<\/strong><br \/>\nRing Binder Shop | \u00dar Rich Scarle<br \/>\nTelefon: 001-(708)-665-5294 | <a href=\"https:\/\/ringbindershop.com\" rel=\"nofollow\">https:\/\/ringbindershop.com<\/a> | <a href=\"mailto:sales@ringbindershop.com\">sales@ringbindershop.com<\/a><\/p>\n<p><strong>Benelux<\/strong><br \/>\nJansen-Wijsmuller &amp; Beuns B.V. | Asszony Nathalie Welter-van Reenen<br \/>\nTelefon: 0031-75-6211001 | Fax: 0031-75-6216811 | <a href=\"mailto:info@jwb-ceka.nl\">info@jwb-ceka.nl<\/a><\/p>\n<p><strong>Cseh K\u00f6zt\u00e1rsas\u00e1g<\/strong><br \/>\nInterkov spol. s.r.o. | \u00dar Petr Balej<br \/>\nTelefon: 00420-412599-347 | Fax: 00420-412599-115 | <a href=\"mailto:balej@interkov.cz\">balej@interkov.cz<\/a><\/p>\n<p><strong>D\u00e1nia<\/strong><br \/>\nEni-Trade International A\/S | \u00dar Henrik Mortensen<br \/>\nTelefon: 0045-49-130099 | Fax: 0045-49-130198 | <a href=\"mailto:info@eni-trade.dk\">info@eni-trade.dk<\/a><\/p>\n<p><strong>Finnorsz\u00e1g<\/strong><br \/>\nPyrollpap OY | \u00dar Vesa V\u00e4limaa<br \/>\nTelefon: 00358-30-6242424 | Fax: 00358-30-6242420 | <a href=\"mailto:vesa.valimaa@pyroll.com\">vesa.valimaa@pyroll.com<\/a><\/p>\n<p><strong>G\u00f6r\u00f6gorsz\u00e1g<br \/>\n<\/strong>RAM&#8217;s St. Vasiliou S. A | \u00dar Stathis Vasiliou<br \/>\nTelefon: 0030-210-5771520 | Fax: 0030-210-5738641 | <a href=\"mailto:ramsathens@gmail.com\">ramsathens@gmail.com<\/a><\/p>\n<p><strong>Izrael<\/strong><br \/>\nF.L. Agencies &amp; Trading | \u00dar Frank Levy<br \/>\nTelefon: 00972-54-8004282 | Fax: 00972-3-9214963 | <a href=\"mailto:flevy@netvision.net.il\">flevy@netvision.net.il<\/a><\/p>\n<p><strong>Jap\u00e1n<\/strong><br \/>\nLucca Inc. | \u00dar Kamata<br \/>\nTelefon: 0081-47-333-6533 | Fax: 0081-47-333-7680 | <a href=\"mailto:lucca@lucca.jp\">lucca@lucca.jp<\/a><\/p>\n<p><strong>Nagy-Britannia<\/strong><br \/>\nOxhauth Ltd. | \u00dar Mike Lumb, \u00dar David Reid<br \/>\nTelefon: 0044-1423-359700 | Fax: 0044-1423-399701 | <a href=\"mailto:mike.lumb@oxhauth.co.uk\">mike.lumb@oxhauth.co.uk<\/a>; <a href=\"mailto:david.reid@oxhauth.co.uk\">david.reid@oxhauth.co.uk<\/a><\/p>\n<p>Technoterm Ltd. | \u00dar Mike Lumb<br \/>\nTelefon: 0044-1423-359700 | Fax: 0044-1423-399701 | <a href=\"mailto:mikelumb@btconnect.com\">mikelumb@btconnect.com<\/a><\/p>\n<p><strong>Olaszorsz\u00e1g<br \/>\n<\/strong>Fontana Grafica\u00a0| \u00dar Othmar Popp<br \/>\nTelefon: 0039-2-3933021 | Fax: 0039-2-39320146 | <a href=\"mailto:info@fontanagrafica.net\">info@fontanagrafica.net<\/a><\/p>\n<p><strong>Olaszorsz\u00e1g<\/strong><br \/>\nOrio\u00a0s.r.l. Unipersonale\u00a0| \u00dar Simone Marconato<br \/>\nTelefon: 0039-049-9003501 | Fax: 0039-049-9005603 | <a href=\"mailto:staff@orioweb.com\">staff@orioweb.com<\/a><\/p>\n<p><strong>Portug\u00e1lia<br \/>\n<\/strong>Martins D\u00b4Almeida &amp; Rodrigues Lda | \u00dar Carlos Almeida<br \/>\nTelefon: 00351-218-151800 | Fax: 00351-218-150930 |\u00a0geral@manufacturasroma.pt<\/p>\n<p><strong>Spanyolorsz\u00e1g<br \/>\n<\/strong>Amillo S. L. | \u00dar Antonio Maroto<br \/>\nTelefon: 0034-915-481627 | 0034-639-774074 | <a href=\"mailto:amillo@amillo.com\">amillo@amillo.com<\/a><\/p>\n<p><strong>Spanyolorsz\u00e1g<\/strong><br \/>\nComercial Abd\u00f3n S.L. | Asszony Anna Tarbal Collell<br \/>\nTelefon: 0034-649-715486 | <a href=\"mailto:artabal@comercialabdensl.com\">artabal@comercialabdensl.com<\/a><\/p>\n<p><strong>Sv\u00e1jc<\/strong><br \/>\nKrause AG | \u00dar Christian Gartmann<br \/>\nTelefon: 0041-52 3852621 | Fax: 0041-52-3852918 | <a href=\"mailto:kontakt@krause.ch\">kontakt@krause.ch<\/a><\/p>\n<p><strong>Szlov\u00e9nia<\/strong><br \/>\nNiko, d.d. \u017delezniki | Asszony Diana Vujic<br \/>\nTelefon: 00386-4-5117-732 | Fax: 00386-4-5117-742 | <a href=\"mailto:sales@niko.si\">sales@niko.si<\/a><\/p>\n            <\/div>        <\/div>    <\/div><\/section>\n<\/div>\n<div  class='hr hr-default   avia-builder-el-3  el_after_av_toggle_container  el_before_av_contact '><span class='hr-inner ' ><span class='hr-inner-style'><\/span><\/span><\/div>\n<form action=\"https:\/\/www.ring-alliance.com\/hu\/contact\/\" method=\"post\"  class=\"avia_ajax_form av-form-labels-visible   avia-builder-el-4  el_after_av_hr  avia-builder-el-last   \" data-avia-form-id=\"1\" data-avia-redirect=''><fieldset><h3>Keressen benn\u00fcnket \u2013 sz\u00edvesen seg\u00edt\u00fcnk!<\/h3><p class=' first_form  form_element form_fullwidth' id='element_avia_1_1'><label for=\"avia_1_1\">N\u00e9v <abbr class=\"required\" title=\"required\">*<\/abbr><\/label> <input name=\"avia_1_1\" class=\"text_input is_empty\" type=\"text\" id=\"avia_1_1\" value=\"\" \/><\/p><p class=' first_form  form_element form_fullwidth' id='element_avia_2_1'><label for=\"avia_2_1\">E-Mail <abbr class=\"required\" title=\"required\">*<\/abbr><\/label> <input name=\"avia_2_1\" class=\"text_input is_email\" type=\"text\" id=\"avia_2_1\" value=\"\" \/><\/p><p class=' first_form  form_element form_fullwidth' id='element_avia_3_1'><label for=\"avia_3_1\">T\u00e1rgy <abbr class=\"required\" title=\"required\">*<\/abbr><\/label> <input name=\"avia_3_1\" class=\"text_input is_empty\" type=\"text\" id=\"avia_3_1\" value=\"\" \/><\/p><p class=' first_form  form_element form_fullwidth av-last-visible-form-element' id='element_avia_4_1'>\t <label for=\"avia_4_1\" class=\"textare_label hidden textare_label_avia_4_1\">\u00dczenet <abbr class=\"required\" title=\"required\">*<\/abbr><\/label>\t <textarea  name=\"avia_4_1\" class=\"text_area is_empty\" cols=\"40\" rows=\"7\" id=\"avia_4_1\" ><\/textarea><\/p><p class=\"hidden\"><input type=\"text\" name=\"avia_5_1\" class=\"hidden \" id=\"avia_5_1\" value=\"\" \/><\/p><p class=\"form_element \"><input type=\"hidden\" value=\"1\" name=\"avia_generated_form1\" \/><input type=\"submit\" value=\"K\u00fcld\u00e9s\" class=\"button\"  data-sending-label=\"K\u00fcld\u00e9s\"\/><\/p><\/fieldset><\/form><div id=\"ajaxresponse_1\" class=\"ajaxresponse ajaxresponse_1 hidden\"><\/div>\n\n","protected":false},"excerpt":{"rendered":"","protected":false},"author":1,"featured_media":0,"parent":0,"menu_order":0,"comment_status":"closed","ping_status":"closed","template":"","meta":[],"yoast_head":"<!-- This site is optimized with the Yoast SEO plugin v19.8 - https:\/\/yoast.com\/wordpress\/plugins\/seo\/ -->\n<title>Kapcsolat - Ring Alliance<\/title>\n<meta name=\"robots\" content=\"index, follow, max-snippet:-1, max-image-preview:large, max-video-preview:-1\" \/>\n<link rel=\"canonical\" href=\"https:\/\/www.ring-alliance.com\/hu\/contact\/\" \/>\n<meta property=\"og:locale\" content=\"hu_HU\" \/>\n<meta property=\"og:type\" content=\"article\" \/>\n<meta property=\"og:title\" content=\"Kapcsolat - Ring Alliance\" \/>\n<meta property=\"og:url\" content=\"https:\/\/www.ring-alliance.com\/hu\/contact\/\" \/>\n<meta property=\"og:site_name\" content=\"Ring Alliance\" \/>\n<meta property=\"article:modified_time\" content=\"2025-01-07T13:31:27+00:00\" \/>\n<meta name=\"twitter:card\" content=\"summary_large_image\" \/>\n<meta name=\"twitter:label1\" content=\"Becs\u00fclt olvas\u00e1si id\u0151\" \/>\n\t<meta name=\"twitter:data1\" content=\"3 perc\" \/>\n<script type=\"application\/ld+json\" class=\"yoast-schema-graph\">{\"@context\":\"https:\/\/schema.org\",\"@graph\":[{\"@type\":\"WebPage\",\"@id\":\"https:\/\/www.ring-alliance.com\/hu\/contact\/\",\"url\":\"https:\/\/www.ring-alliance.com\/hu\/contact\/\",\"name\":\"Kapcsolat - Ring Alliance\",\"isPartOf\":{\"@id\":\"https:\/\/www.ring-alliance.com\/#website\"},\"datePublished\":\"2016-09-30T09:42:48+00:00\",\"dateModified\":\"2025-01-07T13:31:27+00:00\",\"breadcrumb\":{\"@id\":\"https:\/\/www.ring-alliance.com\/hu\/contact\/#breadcrumb\"},\"inLanguage\":\"hu\",\"potentialAction\":[{\"@type\":\"ReadAction\",\"target\":[\"https:\/\/www.ring-alliance.com\/hu\/contact\/\"]}]},{\"@type\":\"BreadcrumbList\",\"@id\":\"https:\/\/www.ring-alliance.com\/hu\/contact\/#breadcrumb\",\"itemListElement\":[{\"@type\":\"ListItem\",\"position\":1,\"name\":\"Home\",\"item\":\"https:\/\/www.ring-alliance.com\/hu\/\"},{\"@type\":\"ListItem\",\"position\":2,\"name\":\"Kapcsolat\"}]},{\"@type\":\"WebSite\",\"@id\":\"https:\/\/www.ring-alliance.com\/#website\",\"url\":\"https:\/\/www.ring-alliance.com\/\",\"name\":\"Ring Alliance\",\"description\":\"Your partner for ring binder mechanisms.\",\"potentialAction\":[{\"@type\":\"SearchAction\",\"target\":{\"@type\":\"EntryPoint\",\"urlTemplate\":\"https:\/\/www.ring-alliance.com\/?s={search_term_string}\"},\"query-input\":\"required name=search_term_string\"}],\"inLanguage\":\"hu\"}]}<\/script>\n<!-- \/ Yoast SEO plugin. -->","yoast_head_json":{"title":"Kapcsolat - Ring Alliance","robots":{"index":"index","follow":"follow","max-snippet":"max-snippet:-1","max-image-preview":"max-image-preview:large","max-video-preview":"max-video-preview:-1"},"canonical":"https:\/\/www.ring-alliance.com\/hu\/contact\/","og_locale":"hu_HU","og_type":"article","og_title":"Kapcsolat - Ring Alliance","og_url":"https:\/\/www.ring-alliance.com\/hu\/contact\/","og_site_name":"Ring Alliance","article_modified_time":"2025-01-07T13:31:27+00:00","twitter_card":"summary_large_image","twitter_misc":{"Becs\u00fclt olvas\u00e1si id\u0151":"3 perc"},"schema":{"@context":"https:\/\/schema.org","@graph":[{"@type":"WebPage","@id":"https:\/\/www.ring-alliance.com\/hu\/contact\/","url":"https:\/\/www.ring-alliance.com\/hu\/contact\/","name":"Kapcsolat - Ring Alliance","isPartOf":{"@id":"https:\/\/www.ring-alliance.com\/#website"},"datePublished":"2016-09-30T09:42:48+00:00","dateModified":"2025-01-07T13:31:27+00:00","breadcrumb":{"@id":"https:\/\/www.ring-alliance.com\/hu\/contact\/#breadcrumb"},"inLanguage":"hu","potentialAction":[{"@type":"ReadAction","target":["https:\/\/www.ring-alliance.com\/hu\/contact\/"]}]},{"@type":"BreadcrumbList","@id":"https:\/\/www.ring-alliance.com\/hu\/contact\/#breadcrumb","itemListElement":[{"@type":"ListItem","position":1,"name":"Home","item":"https:\/\/www.ring-alliance.com\/hu\/"},{"@type":"ListItem","position":2,"name":"Kapcsolat"}]},{"@type":"WebSite","@id":"https:\/\/www.ring-alliance.com\/#website","url":"https:\/\/www.ring-alliance.com\/","name":"Ring Alliance","description":"Your partner for ring binder mechanisms.","potentialAction":[{"@type":"SearchAction","target":{"@type":"EntryPoint","urlTemplate":"https:\/\/www.ring-alliance.com\/?s={search_term_string}"},"query-input":"required name=search_term_string"}],"inLanguage":"hu"}]}},"_links":{"self":[{"href":"https:\/\/www.ring-alliance.com\/hu\/wp-json\/wp\/v2\/pages\/2176"}],"collection":[{"href":"https:\/\/www.ring-alliance.com\/hu\/wp-json\/wp\/v2\/pages"}],"about":[{"href":"https:\/\/www.ring-alliance.com\/hu\/wp-json\/wp\/v2\/types\/page"}],"author":[{"embeddable":true,"href":"https:\/\/www.ring-alliance.com\/hu\/wp-json\/wp\/v2\/users\/1"}],"replies":[{"embeddable":true,"href":"https:\/\/www.ring-alliance.com\/hu\/wp-json\/wp\/v2\/comments?post=2176"}],"version-history":[{"count":11,"href":"https:\/\/www.ring-alliance.com\/hu\/wp-json\/wp\/v2\/pages\/2176\/revisions"}],"predecessor-version":[{"id":3372,"href":"https:\/\/www.ring-alliance.com\/hu\/wp-json\/wp\/v2\/pages\/2176\/revisions\/3372"}],"wp:attachment":[{"href":"https:\/\/www.ring-alliance.com\/hu\/wp-json\/wp\/v2\/media?parent=2176"}],"curies":[{"name":"wp","href":"https:\/\/api.w.org\/{rel}","templated":true}]}}