{"id":342,"date":"2016-04-03T19:45:17","date_gmt":"2016-04-03T17:45:17","guid":{"rendered":"http:\/\/www.ring-alliance.com\/fr\/history\/"},"modified":"2023-07-03T08:52:58","modified_gmt":"2023-07-03T06:52:58","slug":"history","status":"publish","type":"page","link":"https:\/\/www.ring-alliance.com\/fr\/history\/","title":{"rendered":"History"},"content":{"rendered":"<div id='av_section_1' class='avia-section main_color avia-section-default avia-no-shadow avia-bg-style-scroll  avia-builder-el-0  avia-builder-el-no-sibling   container_wrap fullsize' style=' '  ><div class='container' ><main  role=\"main\" itemprop=\"mainContentOfPage\"  class='template-page content  av-content-full alpha units'><div class='post-entry post-entry-type-page post-entry-342'><div class='entry-content-wrapper clearfix'>\n<div style='padding-bottom:10px; ' class='av-special-heading av-special-heading-h2  blockquote modern-quote modern-centered  avia-builder-el-1  el_before_av_hr  avia-builder-el-first   '><h2 class='av-special-heading-tag '  itemprop=\"headline\"  >Histoire<\/h2><div class ='av-subheading av-subheading_below  ' style='font-size:18px;'><p>Nous avons plus de 100 ans d\u2019exp\u00e9rience dans le domaine des m\u00e9canismes de reliure \u00e0 anneaux. Voyageons \u00e0 travers l\u2019histoire du \u00ablivre \u00e9ternel\u00bb.<\/p>\n<\/div><div class='special-heading-border'><div class='special-heading-inner-border' ><\/div><\/div><\/div>\n<div  class='hr hr-default   avia-builder-el-2  el_after_av_heading  el_before_av_one_half '><span class='hr-inner ' ><span class='hr-inner-style'><\/span><\/span><\/div>\n<div class=\"flex_column av_one_half  flex_column_div av-zero-column-padding first  avia-builder-el-3  el_after_av_hr  el_before_av_one_half  \" style='border-radius:0px; '><p><div class='avia-image-container  av-styling-    avia-builder-el-4  el_before_av_image  avia-builder-el-first  avia-align-center '  itemprop=\"ImageObject\" itemscope=\"itemscope\" itemtype=\"https:\/\/schema.org\/ImageObject\"  ><div class='avia-image-container-inner'><div class='avia-image-overlay-wrap'><img class='avia_image' src='https:\/\/www.ring-alliance.com\/wp-content\/uploads\/2023\/07\/fabrik-1930-450x312.jpg' alt='' title='fabrik 1930' height=\"312\" width=\"450\"  itemprop=\"thumbnailUrl\"  \/><\/div><\/div><\/div><br \/>\n<div class='avia-image-container  av-styling-    avia-builder-el-5  el_after_av_image  avia-builder-el-last  avia-align-center '  itemprop=\"ImageObject\" itemscope=\"itemscope\" itemtype=\"https:\/\/schema.org\/ImageObject\"  ><div class='avia-image-container-inner'><div class='avia-image-overlay-wrap'><img class='avia_image' src='https:\/\/www.ring-alliance.com\/wp-content\/uploads\/2023\/07\/kh-1930-356x450.jpg' alt='' title='kh 1930' height=\"450\" width=\"356\"  itemprop=\"thumbnailUrl\"  \/><\/div><\/div><\/div><\/p><\/div><div class=\"flex_column av_one_half  flex_column_div av-zero-column-padding   avia-builder-el-6  el_after_av_one_half  avia-builder-el-last  \" style='border-radius:0px; '><section class=\"av_textblock_section \"  itemscope=\"itemscope\" itemtype=\"https:\/\/schema.org\/CreativeWork\" ><div class='avia_textblock  '   itemprop=\"text\" ><p><strong>2023<\/strong><br \/>\nRing Alliance Ringbuchtechnik est rachet\u00e9 par le groupe autrichien RAG Group &#8211; dans le but de poursuivre le succ\u00e8s de l\u2019entreprise.<\/p>\n<p><strong>2016<\/strong><\/p>\n<p>Bensons est int\u00e9gr\u00e9 \u00e0 Ring Alliance Ringbuchtechnik. Les deux entreprises unissent leurs forces \u2013 pour le plus grand b\u00e9n\u00e9fice de leurs clients.<\/p>\n<p><strong>2003<\/strong><br \/>\nRobert Krause, anciennement Ring Max, rejoint Ring International Holding.<\/p>\n<p><strong>2003<\/strong><br \/>\nLa production hongroise de Koloman Handler reprend enti\u00e8rement la production de Vienne<\/p>\n<p><strong>2002<\/strong><br \/>\nBensons \u2013 ayant une envergure mondiale (Pays-Bas, Royaume-Uni, France, \u00c9tats-Unis et Singapour) \u2013 rejoint Ring International Holding.<\/p>\n<p><strong>2001<\/strong><br \/>\nRing International Holding acquiert Koloman Handler et sa filiale hongroise.<\/p>\n<p><strong>1998<\/strong><br \/>\nApr\u00e8s 3 trois g\u00e9n\u00e9rations en tant qu\u2019entreprise familiale, Koloman Handler est vendu \u00e0 des investisseurs.<\/p>\n<p><strong>1995<\/strong><br \/>\nLa production automatis\u00e9e est lanc\u00e9e dans l\u2019usine hongroise.<\/p>\n<p><strong>1992<\/strong><br \/>\nCr\u00e9ation de la filiale hongroise de Koloman Handler.<\/p>\n<p><strong>1922<\/strong><br \/>\nKoloman Handler construit son premier site de production de m\u00e9canismes de reliure \u00e0 anneaux \u00e0 Vienne.<\/p>\n<p><strong>1915<\/strong><br \/>\nInvention du premier m\u00e9canisme de reliure \u00e0 anneaux par Koloman Handler, qui offre une solution \u00e0 un probl\u00e8me courant pour les hommes d\u2019affaires de l\u2019\u00e9poque: rendre les livres plus \u00ab durables \u00bb. C\u2019est ainsi qu\u2019est n\u00e9 le \u00ablivre \u00e9ternel\u00bb \u2013 le classeur \u00e0 anneaux.<\/p>\n<p><strong>1900<\/strong><br \/>\nKoloman Handler est fond\u00e9 en Autriche et commence avec la production de coins en m\u00e9tal pour prot\u00e9ger les livres.<\/p>\n<\/div><\/section><\/div>\n","protected":false},"excerpt":{"rendered":"","protected":false},"author":1,"featured_media":0,"parent":0,"menu_order":0,"comment_status":"closed","ping_status":"closed","template":"","meta":[],"yoast_head":"<!-- This site is optimized with the Yoast SEO plugin v19.8 - https:\/\/yoast.com\/wordpress\/plugins\/seo\/ -->\n<title>History - Ring Alliance<\/title>\n<meta name=\"robots\" content=\"index, follow, max-snippet:-1, max-image-preview:large, max-video-preview:-1\" \/>\n<link rel=\"canonical\" href=\"https:\/\/www.ring-alliance.com\/fr\/history\/\" \/>\n<meta property=\"og:locale\" content=\"fr_FR\" \/>\n<meta property=\"og:type\" content=\"article\" \/>\n<meta property=\"og:title\" content=\"History - Ring Alliance\" \/>\n<meta property=\"og:url\" content=\"https:\/\/www.ring-alliance.com\/fr\/history\/\" \/>\n<meta property=\"og:site_name\" content=\"Ring Alliance\" \/>\n<meta property=\"article:modified_time\" content=\"2023-07-03T06:52:58+00:00\" \/>\n<meta name=\"twitter:card\" content=\"summary_large_image\" \/>\n<meta name=\"twitter:label1\" content=\"Dur\u00e9e de lecture estim\u00e9e\" \/>\n\t<meta name=\"twitter:data1\" content=\"2 minutes\" \/>\n<script type=\"application\/ld+json\" class=\"yoast-schema-graph\">{\"@context\":\"https:\/\/schema.org\",\"@graph\":[{\"@type\":\"WebPage\",\"@id\":\"https:\/\/www.ring-alliance.com\/fr\/history\/\",\"url\":\"https:\/\/www.ring-alliance.com\/fr\/history\/\",\"name\":\"History - Ring Alliance\",\"isPartOf\":{\"@id\":\"https:\/\/www.ring-alliance.com\/#website\"},\"datePublished\":\"2016-04-03T17:45:17+00:00\",\"dateModified\":\"2023-07-03T06:52:58+00:00\",\"breadcrumb\":{\"@id\":\"https:\/\/www.ring-alliance.com\/fr\/history\/#breadcrumb\"},\"inLanguage\":\"fr-FR\",\"potentialAction\":[{\"@type\":\"ReadAction\",\"target\":[\"https:\/\/www.ring-alliance.com\/fr\/history\/\"]}]},{\"@type\":\"BreadcrumbList\",\"@id\":\"https:\/\/www.ring-alliance.com\/fr\/history\/#breadcrumb\",\"itemListElement\":[{\"@type\":\"ListItem\",\"position\":1,\"name\":\"Home\",\"item\":\"https:\/\/www.ring-alliance.com\/fr\/\"},{\"@type\":\"ListItem\",\"position\":2,\"name\":\"History\"}]},{\"@type\":\"WebSite\",\"@id\":\"https:\/\/www.ring-alliance.com\/#website\",\"url\":\"https:\/\/www.ring-alliance.com\/\",\"name\":\"Ring Alliance\",\"description\":\"Your partner for ring binder mechanisms.\",\"potentialAction\":[{\"@type\":\"SearchAction\",\"target\":{\"@type\":\"EntryPoint\",\"urlTemplate\":\"https:\/\/www.ring-alliance.com\/?s={search_term_string}\"},\"query-input\":\"required name=search_term_string\"}],\"inLanguage\":\"fr-FR\"}]}<\/script>\n<!-- \/ Yoast SEO plugin. -->","yoast_head_json":{"title":"History - Ring Alliance","robots":{"index":"index","follow":"follow","max-snippet":"max-snippet:-1","max-image-preview":"max-image-preview:large","max-video-preview":"max-video-preview:-1"},"canonical":"https:\/\/www.ring-alliance.com\/fr\/history\/","og_locale":"fr_FR","og_type":"article","og_title":"History - Ring Alliance","og_url":"https:\/\/www.ring-alliance.com\/fr\/history\/","og_site_name":"Ring Alliance","article_modified_time":"2023-07-03T06:52:58+00:00","twitter_card":"summary_large_image","twitter_misc":{"Dur\u00e9e de lecture estim\u00e9e":"2 minutes"},"schema":{"@context":"https:\/\/schema.org","@graph":[{"@type":"WebPage","@id":"https:\/\/www.ring-alliance.com\/fr\/history\/","url":"https:\/\/www.ring-alliance.com\/fr\/history\/","name":"History - Ring Alliance","isPartOf":{"@id":"https:\/\/www.ring-alliance.com\/#website"},"datePublished":"2016-04-03T17:45:17+00:00","dateModified":"2023-07-03T06:52:58+00:00","breadcrumb":{"@id":"https:\/\/www.ring-alliance.com\/fr\/history\/#breadcrumb"},"inLanguage":"fr-FR","potentialAction":[{"@type":"ReadAction","target":["https:\/\/www.ring-alliance.com\/fr\/history\/"]}]},{"@type":"BreadcrumbList","@id":"https:\/\/www.ring-alliance.com\/fr\/history\/#breadcrumb","itemListElement":[{"@type":"ListItem","position":1,"name":"Home","item":"https:\/\/www.ring-alliance.com\/fr\/"},{"@type":"ListItem","position":2,"name":"History"}]},{"@type":"WebSite","@id":"https:\/\/www.ring-alliance.com\/#website","url":"https:\/\/www.ring-alliance.com\/","name":"Ring Alliance","description":"Your partner for ring binder mechanisms.","potentialAction":[{"@type":"SearchAction","target":{"@type":"EntryPoint","urlTemplate":"https:\/\/www.ring-alliance.com\/?s={search_term_string}"},"query-input":"required name=search_term_string"}],"inLanguage":"fr-FR"}]}},"_links":{"self":[{"href":"https:\/\/www.ring-alliance.com\/fr\/wp-json\/wp\/v2\/pages\/342"}],"collection":[{"href":"https:\/\/www.ring-alliance.com\/fr\/wp-json\/wp\/v2\/pages"}],"about":[{"href":"https:\/\/www.ring-alliance.com\/fr\/wp-json\/wp\/v2\/types\/page"}],"author":[{"embeddable":true,"href":"https:\/\/www.ring-alliance.com\/fr\/wp-json\/wp\/v2\/users\/1"}],"replies":[{"embeddable":true,"href":"https:\/\/www.ring-alliance.com\/fr\/wp-json\/wp\/v2\/comments?post=342"}],"version-history":[{"count":11,"href":"https:\/\/www.ring-alliance.com\/fr\/wp-json\/wp\/v2\/pages\/342\/revisions"}],"predecessor-version":[{"id":3337,"href":"https:\/\/www.ring-alliance.com\/fr\/wp-json\/wp\/v2\/pages\/342\/revisions\/3337"}],"wp:attachment":[{"href":"https:\/\/www.ring-alliance.com\/fr\/wp-json\/wp\/v2\/media?parent=342"}],"curies":[{"name":"wp","href":"https:\/\/api.w.org\/{rel}","templated":true}]}}