{"id":277,"date":"2016-04-12T17:40:48","date_gmt":"2016-04-12T15:40:48","guid":{"rendered":"http:\/\/www.ring-alliance.com\/fr\/?page_id=277"},"modified":"2016-04-26T15:44:22","modified_gmt":"2016-04-26T13:44:22","slug":"production-qualite","status":"publish","type":"page","link":"https:\/\/www.ring-alliance.com\/fr\/production-qualite\/","title":{"rendered":"Production &#038; Qualit\u00e9"},"content":{"rendered":"<div id='av_section_1' class='avia-section main_color avia-section-default avia-no-shadow avia-bg-style-scroll  avia-builder-el-0  avia-builder-el-no-sibling   container_wrap fullsize' style=' '  ><div class='container' ><main  role=\"main\" itemprop=\"mainContentOfPage\"  class='template-page content  av-content-full alpha units'><div class='post-entry post-entry-type-page post-entry-277'><div class='entry-content-wrapper clearfix'>\n<div style='padding-bottom:10px; ' class='av-special-heading av-special-heading-h2  blockquote modern-quote modern-centered  avia-builder-el-1  el_before_av_hr  avia-builder-el-first   '><h2 class='av-special-heading-tag '  itemprop=\"headline\"  >PRODUCTION <span class='special_amp'>&amp;<\/span> QUALIT\u00c9<\/h2><div class ='av-subheading av-subheading_below  ' style='font-size:18px;'><p>Nous nous engageons \u00e0 respecter la qualit\u00e9 dans toutes les \u00e9tapes de nos op\u00e9rations de production et commerciales. Votre satisfaction est notre objectif!<\/p>\n<\/div><div class='special-heading-border'><div class='special-heading-inner-border' ><\/div><\/div><\/div>\n<div  class='hr hr-default   avia-builder-el-2  el_after_av_heading  el_before_av_one_half '><span class='hr-inner ' ><span class='hr-inner-style'><\/span><\/span><\/div>\n<div class=\"flex_column av_one_half  flex_column_div av-zero-column-padding first  avia-builder-el-3  el_after_av_hr  el_before_av_one_half  \" style='border-radius:0px; '><div class='avia-image-container avia_animated_image avia_animate_when_almost_visible left-to-right av-styling-    avia-builder-el-4  avia-builder-el-no-sibling  avia-align-center '  itemprop=\"ImageObject\" itemscope=\"itemscope\" itemtype=\"https:\/\/schema.org\/ImageObject\"  ><div class='avia-image-container-inner'><div class='avia-image-overlay-wrap'><img class='avia_image' src='https:\/\/www.ring-alliance.com\/wp-content\/uploads\/2016\/04\/Produktionsablauf-1030x755-FR-1-1030x755.jpg' alt='' title='Produktionsablauf.indd' height=\"755\" width=\"1030\"  itemprop=\"thumbnailUrl\"  \/><\/div><\/div><\/div><\/div><div class=\"flex_column av_one_half  flex_column_div av-zero-column-padding   avia-builder-el-5  el_after_av_one_half  avia-builder-el-last  \" style='border-radius:0px; '><section class=\"av_textblock_section \"  itemscope=\"itemscope\" itemtype=\"https:\/\/schema.org\/CreativeWork\" ><div class='avia_textblock  '   itemprop=\"text\" ><h3>Des produits de qualit\u00e9 \u2013 fil et acier mis en forme<\/h3>\n<p>Il y a seulement quelques entreprises sp\u00e9cialis\u00e9es \u00e0 travers le monde qui ma\u00eetrisent la fabrication de m\u00e9canismes \u00e0 anneaux. Avec notre site de production Koloman Handler \u00e0 Oroszlany en Hongrie, nous sommes le plus grand fabricant de m\u00e9canismes en Europe et traitons plus de 5.000 tonnes de fil et d\u2019acier.<\/p>\n<h3>Qualit\u00e9 \u2013 tout au long de la cha\u00eene de production<\/h3>\n<p>La qualit\u00e9 commence d\u00e9j\u00e0 par le choix des mat\u00e9riaux. Nous utilisons des mati\u00e8res premi\u00e8res aupr\u00e8s de fournisseurs d\u2019acier europ\u00e9ens renomm\u00e9s. La fabrication est effectu\u00e9e en tenant compte des tol\u00e9rances minimales, \u00e0 l\u2019aide de machines d\u2019assemblage dernier cri. Un processus de contr\u00f4le qualit\u00e9 prend en charge la conformit\u00e9 de tous les param\u00e8tres.<\/p>\n<h3>Qualit\u00e9 \u2013 dans toutes nos op\u00e9rations commerciales<\/h3>\n<p>Nous sommes pour la fiabilit\u00e9 maximale des livraisons et la ponctualit\u00e9. Tous nos employ\u00e9s, sans exception, se sont engag\u00e9s \u00e0 la satisfaction de nos clients. Votre satisfaction est notre force motrice pour faire de notre mieux chaque jour. Un d\u00e9vouement reconnu par beaucoup de nos clients depuis des d\u00e9cennies. Et \u00e0 juste titre.<\/p>\n<p>Ring Alliance \u00e9tablit des normes aussi dans le domaine de la gestion de l\u2019environnement. Ainsi aucun polluant n\u2019endommage l\u2019environnement : Notre qualit\u00e9 est durable!<\/p>\n<\/div><\/section><\/div>\n","protected":false},"excerpt":{"rendered":"","protected":false},"author":1,"featured_media":0,"parent":0,"menu_order":0,"comment_status":"closed","ping_status":"closed","template":"","meta":[],"yoast_head":"<!-- This site is optimized with the Yoast SEO plugin v19.8 - https:\/\/yoast.com\/wordpress\/plugins\/seo\/ -->\n<title>Production &amp; Qualit\u00e9 - Ring Alliance<\/title>\n<meta name=\"robots\" content=\"index, follow, max-snippet:-1, max-image-preview:large, max-video-preview:-1\" \/>\n<link rel=\"canonical\" href=\"https:\/\/www.ring-alliance.com\/fr\/production-qualite\/\" \/>\n<meta property=\"og:locale\" content=\"fr_FR\" \/>\n<meta property=\"og:type\" content=\"article\" \/>\n<meta property=\"og:title\" content=\"Production &amp; Qualit\u00e9 - Ring Alliance\" \/>\n<meta property=\"og:url\" content=\"https:\/\/www.ring-alliance.com\/fr\/production-qualite\/\" \/>\n<meta property=\"og:site_name\" content=\"Ring Alliance\" \/>\n<meta property=\"article:modified_time\" content=\"2016-04-26T13:44:22+00:00\" \/>\n<meta name=\"twitter:card\" content=\"summary_large_image\" \/>\n<meta name=\"twitter:label1\" content=\"Dur\u00e9e de lecture estim\u00e9e\" \/>\n\t<meta name=\"twitter:data1\" content=\"3 minutes\" \/>\n<script type=\"application\/ld+json\" class=\"yoast-schema-graph\">{\"@context\":\"https:\/\/schema.org\",\"@graph\":[{\"@type\":\"WebPage\",\"@id\":\"https:\/\/www.ring-alliance.com\/fr\/production-qualite\/\",\"url\":\"https:\/\/www.ring-alliance.com\/fr\/production-qualite\/\",\"name\":\"Production & Qualit\u00e9 - Ring Alliance\",\"isPartOf\":{\"@id\":\"https:\/\/www.ring-alliance.com\/#website\"},\"datePublished\":\"2016-04-12T15:40:48+00:00\",\"dateModified\":\"2016-04-26T13:44:22+00:00\",\"breadcrumb\":{\"@id\":\"https:\/\/www.ring-alliance.com\/fr\/production-qualite\/#breadcrumb\"},\"inLanguage\":\"fr-FR\",\"potentialAction\":[{\"@type\":\"ReadAction\",\"target\":[\"https:\/\/www.ring-alliance.com\/fr\/production-qualite\/\"]}]},{\"@type\":\"BreadcrumbList\",\"@id\":\"https:\/\/www.ring-alliance.com\/fr\/production-qualite\/#breadcrumb\",\"itemListElement\":[{\"@type\":\"ListItem\",\"position\":1,\"name\":\"Home\",\"item\":\"https:\/\/www.ring-alliance.com\/fr\/\"},{\"@type\":\"ListItem\",\"position\":2,\"name\":\"Production &#038; Qualit\u00e9\"}]},{\"@type\":\"WebSite\",\"@id\":\"https:\/\/www.ring-alliance.com\/#website\",\"url\":\"https:\/\/www.ring-alliance.com\/\",\"name\":\"Ring Alliance\",\"description\":\"Your partner for ring binder mechanisms.\",\"potentialAction\":[{\"@type\":\"SearchAction\",\"target\":{\"@type\":\"EntryPoint\",\"urlTemplate\":\"https:\/\/www.ring-alliance.com\/?s={search_term_string}\"},\"query-input\":\"required name=search_term_string\"}],\"inLanguage\":\"fr-FR\"}]}<\/script>\n<!-- \/ Yoast SEO plugin. -->","yoast_head_json":{"title":"Production & Qualit\u00e9 - Ring Alliance","robots":{"index":"index","follow":"follow","max-snippet":"max-snippet:-1","max-image-preview":"max-image-preview:large","max-video-preview":"max-video-preview:-1"},"canonical":"https:\/\/www.ring-alliance.com\/fr\/production-qualite\/","og_locale":"fr_FR","og_type":"article","og_title":"Production & Qualit\u00e9 - Ring Alliance","og_url":"https:\/\/www.ring-alliance.com\/fr\/production-qualite\/","og_site_name":"Ring Alliance","article_modified_time":"2016-04-26T13:44:22+00:00","twitter_card":"summary_large_image","twitter_misc":{"Dur\u00e9e de lecture estim\u00e9e":"3 minutes"},"schema":{"@context":"https:\/\/schema.org","@graph":[{"@type":"WebPage","@id":"https:\/\/www.ring-alliance.com\/fr\/production-qualite\/","url":"https:\/\/www.ring-alliance.com\/fr\/production-qualite\/","name":"Production & Qualit\u00e9 - Ring Alliance","isPartOf":{"@id":"https:\/\/www.ring-alliance.com\/#website"},"datePublished":"2016-04-12T15:40:48+00:00","dateModified":"2016-04-26T13:44:22+00:00","breadcrumb":{"@id":"https:\/\/www.ring-alliance.com\/fr\/production-qualite\/#breadcrumb"},"inLanguage":"fr-FR","potentialAction":[{"@type":"ReadAction","target":["https:\/\/www.ring-alliance.com\/fr\/production-qualite\/"]}]},{"@type":"BreadcrumbList","@id":"https:\/\/www.ring-alliance.com\/fr\/production-qualite\/#breadcrumb","itemListElement":[{"@type":"ListItem","position":1,"name":"Home","item":"https:\/\/www.ring-alliance.com\/fr\/"},{"@type":"ListItem","position":2,"name":"Production &#038; Qualit\u00e9"}]},{"@type":"WebSite","@id":"https:\/\/www.ring-alliance.com\/#website","url":"https:\/\/www.ring-alliance.com\/","name":"Ring Alliance","description":"Your partner for ring binder mechanisms.","potentialAction":[{"@type":"SearchAction","target":{"@type":"EntryPoint","urlTemplate":"https:\/\/www.ring-alliance.com\/?s={search_term_string}"},"query-input":"required name=search_term_string"}],"inLanguage":"fr-FR"}]}},"_links":{"self":[{"href":"https:\/\/www.ring-alliance.com\/fr\/wp-json\/wp\/v2\/pages\/277"}],"collection":[{"href":"https:\/\/www.ring-alliance.com\/fr\/wp-json\/wp\/v2\/pages"}],"about":[{"href":"https:\/\/www.ring-alliance.com\/fr\/wp-json\/wp\/v2\/types\/page"}],"author":[{"embeddable":true,"href":"https:\/\/www.ring-alliance.com\/fr\/wp-json\/wp\/v2\/users\/1"}],"replies":[{"embeddable":true,"href":"https:\/\/www.ring-alliance.com\/fr\/wp-json\/wp\/v2\/comments?post=277"}],"version-history":[{"count":10,"href":"https:\/\/www.ring-alliance.com\/fr\/wp-json\/wp\/v2\/pages\/277\/revisions"}],"predecessor-version":[{"id":1353,"href":"https:\/\/www.ring-alliance.com\/fr\/wp-json\/wp\/v2\/pages\/277\/revisions\/1353"}],"wp:attachment":[{"href":"https:\/\/www.ring-alliance.com\/fr\/wp-json\/wp\/v2\/media?parent=277"}],"curies":[{"name":"wp","href":"https:\/\/api.w.org\/{rel}","templated":true}]}}