{"id":1367,"date":"2016-04-27T17:18:35","date_gmt":"2016-04-27T15:18:35","guid":{"rendered":"http:\/\/www.ring-alliance.com\/fr\/legal-notice\/"},"modified":"2016-10-03T15:29:55","modified_gmt":"2016-10-03T13:29:55","slug":"legal-notice","status":"publish","type":"page","link":"https:\/\/www.ring-alliance.com\/fr\/legal-notice\/","title":{"rendered":"Mentions l\u00e9gales"},"content":{"rendered":"<h2>Mentions\u00a0l\u00e9gales<\/h2>\n<p>Ring Alliance Ringbuchtechnik GmbH<br \/>\nAlserbachstra\u00dfe 14-16, 1090 Vienne,\u00a0Autriche<br \/>\nT\u00e9l.:\u00a00043-1-86681-0 | Fax: 0043-1-86681-398 | <a href=\"mailto:office@ring-alliance.com\">office@ring-alliance.com<\/a><br \/>\n<a href=\"http:\/\/www.ring-alliance.com\" rel=\"nofollow\">http:\/\/www.ring-alliance.com<\/a><\/p>\n<p>Si\u00e8ge social de la GmbH:\u00a0Wien<br \/>\nImmatriculation au Registre du Commerce et des Soci\u00e9t\u00e9s (RCS): FN215533k<br \/>\nGreffe du Tribunal de commerce charg\u00e9 de la tenue du RCS: Tribunal de Commerce de Vienne<br \/>\nN\u00b0 TVA intracommunautaire: ATU 52715003<\/p>\n<p>G\u00e9rants:<br \/>\nFrank Niedecker<br \/>\nOrsolya Veszeli<\/p>\n<p>Site d&rsquo;exploitation:<br \/>\nRing Alliance Deutschland | Am Kirchhof 2, D-27239 Twistringen, Allemagne<\/p>\n<p>Succursales:<br \/>\nRing Alliance Netherlands |\u00a0Bellstraat 7, 3861 NP Nijkerk,\u00a0Niederlande<br \/>\nImmatriculation au Registre du Commerce et des Soci\u00e9t\u00e9s (RCS): 65468279 | Utrecht Chamber of Commerce | N\u00b0 TVA intracommunautaire: NL 856124734B01<br \/>\nRing Alliance France |\u00a01, rue du Roi, 60680 Canly, France<br \/>\nImmatriculation au Registre du Commerce et des Soci\u00e9t\u00e9s (RCS): 818 813 941 | R.C.S. Compi\u00e9gne | N\u00b0 TVA intracommunautaire: FR 61818813941<br \/>\nRing Alliance UK |\u00a0Unit 5, Centre Park, Tockwith, York Y026 7QF,\u00a0United Kingdom<br \/>\nImmatriculation au Registre du Commerce et des Soci\u00e9t\u00e9s (RCS): BR018542 | Companies House, Cardiff, CF14 3UZ | N\u00b0 TVA intracommunautaire: GB240191345<\/p>\n<p>Prescriptions l\u00e9gales relevant du droit de la propri\u00e9t\u00e9 industrielle:<br \/>\nConform\u00e9ment aux prescriptions l\u00e9gales industrielles, Ring Alliance Ringbuchtechnik GmbH est autoris\u00e9e \u00e0 exercer l&rsquo;activit\u00e9 industrielle suivante: activit\u00e9 commerciale et activit\u00e9 d&rsquo;agents commerciaux.<\/p>\n<p>L&rsquo;\u00e9diteur est seul responsable des textes, images, marques d\u00e9pos\u00e9es et d&rsquo;autres donn\u00e9es prot\u00e9g\u00e9es par le droit d&rsquo;auteur. Le contenu des pages pr\u00e9sentes a \u00e9t\u00e9 compos\u00e9 en toute \u00e2me et conscience. Cependant, la soci\u00e9t\u00e9 n&rsquo;assume aucune responsabilit\u00e9 ni ne garantit en aucune mani\u00e8re ni l&rsquo;exactitude, ni l&rsquo;exhaustivit\u00e9 et non plus l&rsquo;actualit\u00e9 des informations. Quant \u00e0 des pages Internet appartenant \u00e0 des tiers, auxquelles l&rsquo;\u00e9diteur renvoie, seul le prestataire du site en question sera tenu pour responsable. La Ring Alliance Ringbuchtechnik GmbH exclut toute responsabilit\u00e9 relative au contenu des pages tierces.<\/p>\n<p>&nbsp;<\/p>\n<p>D\u00e9claration de protection des donn\u00e9es<\/p>\n<p>La protection et la s\u00e9curit\u00e9 d&rsquo;informations d&rsquo;ordre nominatif sont pour nous prioritaires. Nous nous conformons scrupuleusement aux prescriptions l\u00e9gales en vigueur. Nous vous informons ci-apr\u00e8s sur la nature des donn\u00e9es saisies et la raison pour laquelle elles sont collect\u00e9es:<\/p>\n<p>1. Transfert de donn\u00e9es\/enregistrement de donn\u00e9es<br \/>\nLors de la visite des pr\u00e9sentes pages, le serveur Web cr\u00e9e automatiquement des fichiers journaux impossibles \u00e0 attribuer \u00e0 une personne d\u00e9termin\u00e9e. Ces informations concernent par exemple le type et la version du navigateur, le syst\u00e8me d&rsquo;exploitation utilis\u00e9, le Referrer URL (r\u00e9f\u00e9rence de la page pr\u00e9c\u00e9demment visit\u00e9e), l&rsquo;adresse IP de l&rsquo;ordinateur demandeur, date et heure de la requ\u00eate du serveur et la demande de consultation de la part du client (nom et URL du fichier). Ces informations sont collect\u00e9es dans le seul objectif d&rsquo;une \u00e9valuation statistique ult\u00e9rieure. Tout transfert \u00e0 des tiers, que ce soit \u00e0 des fins commerciales ou non commerciales est exclu.<\/p>\n<p>2. Exploitation des informations d&rsquo;ordre nominatif<br \/>\nLes informations personnelles ne sont collect\u00e9es ou trait\u00e9es que si vous avez fourni ces donn\u00e9es de votre plein gr\u00e9, par exemple dans le cadre d&rsquo;une demande). Vous \u00eates en droit de r\u00e9voquer par \u00e9crit (par l&rsquo;interm\u00e9diaire d&rsquo;un message \u00e9lectronique ou d&rsquo;un fax), et ceci \u00e0 tout moment et \u00e0 effet imm\u00e9diat, l&rsquo;autorisation accord\u00e9e pr\u00e9c\u00e9demment relative \u00e0 la sauvegarde de vos informations personnelles, \u00e0 moins que des transactions commerciales en cours s&rsquo;y opposent. Nous nous engageons \u00e0 ne pas communiquer vos informations personnelles \u00e0 des tiers \u00e0 moins que leur divulgation ne s&rsquo;impose conform\u00e9ment \u00e0 des prescriptions l\u00e9gales ou afin d&rsquo;assurer le d\u00e9roulement dans les r\u00e8gles de transactions commerciales impliquant le traitement sur notre demande de vos informations personnelles par des tiers.<\/p>\n<p>3.\u00a0Demande de renseignements, modification et effacement des informations d&rsquo;ordre nominatif<br \/>\nSelon les termes du droit en vigueur, vous \u00eates autoris\u00e9 \u00e0 vous renseigner \u00e0 tout moment par \u00e9crit aupr\u00e8s de nous sur une \u00e9ventuelle sauvegarde de vos informations personnelles et de leur nature. Vous en serez inform\u00e9 dans les plus brefs d\u00e9lais.<\/p>\n<p>4. S\u00e9curit\u00e9 des informations d&rsquo;ordre nominatif<br \/>\nLes informations personnelles mises \u00e0 notre disposition par vos soins sont s\u00e9curis\u00e9es par toutes les mesures de s\u00e9curit\u00e9 techniques et organisationnelles en notre possession afin d&rsquo;en interdire l&rsquo;acc\u00e8s \u00e0 des tiers non habilit\u00e9s. D\u00e8s lors qu&rsquo;il s&rsquo;agit de l&rsquo;envoi de donn\u00e9es ou d&rsquo;informations particuli\u00e8rement sensibles, nous vous recommandons de recourir \u00e0 l&rsquo;envoi par voie postale dans la mesure o\u00f9 nous ne pouvons garantir une s\u00e9curit\u00e9 pleine et enti\u00e8re pour un envoi par message \u00e9lectronique.<\/p>\n<p>5. Remarques portant sur Google Analytics<br \/>\nLe pr\u00e9sent site Internet utilise Google Analytics, un outil d&rsquo;analyse d&rsquo;audience Internet de la Google Inc. (\u00abGoogle\u00bb). Google Analytics utilise les nomm\u00e9s cookies, \u00e0 savoir des fichiers de texte conserv\u00e9s sur votre ordinateur, permettant d&rsquo;analyser la mani\u00e8re dont vous utilisez Internet. Le cookie, \u00e0 savoir l&rsquo;information conserv\u00e9e sur votre ordinateur relative \u00e0 vos habitudes de naviguer sur Internet (votre adresse IP comprise), est transmis \u00e0 un serveur Google aux \u00c9tats-Unis pour y \u00eatre sauvegard\u00e9. Google analysera ces informations en vue de l&rsquo;\u00e9valuation de votre navigation sur la page Internet, afin de r\u00e9diger des rapports sur les activit\u00e9s sur Internet \u00e0 l&rsquo;attention des op\u00e9rateurs et de g\u00e9n\u00e9rer des prestations de service s&rsquo;appuyant sur l&rsquo;utilisation d&rsquo;Internet et du site web en particulier. Si besoin est, Google est \u00e9galement autoris\u00e9e \u00e0 transmettre ces informations \u00e0 des tiers dans la mesure o\u00f9 la loi l&rsquo;impose ou que, sur demande de Google, ces informations seront trait\u00e9es par des tiers. Google est tenue de ne lier en aucun cas votre adresse IP \u00e0 d&rsquo;autres donn\u00e9es en sa possession. Vous pouvez changer les param\u00e8tres de votre navigateur vous permettant d&rsquo;approuver ou de refuser l&rsquo;installation des cookies. Il se pourra cependant que, dans ce cas, vous ne soyez plus \u00e0 m\u00eame de pouvoir acc\u00e9der pleinement \u00e0 toutes les fonctions de la pr\u00e9sente page Internet. En utilisant la pr\u00e9sente page Internet, vous consentez \u00e0 ce que Google traite les informations collect\u00e9es vous concernant de la mani\u00e8re cit\u00e9e ci-avant et dans l&rsquo;objectif \u00e9voqu\u00e9.<\/p>\n<p>6. Cookies<br \/>\nCertaines de nos pages Internet utilisent des cookies de sessions afin de vous faciliter la navigation. Il s&rsquo;agit de petits fichiers texte temporaires qui sont d\u00e9pos\u00e9s sur votre disque dur pour la dur\u00e9e de votre visite et effac\u00e9s lorsque vous fermez votre navigateur. Ces cookies ne consultent pas des informations vous concernant, sauvegard\u00e9es sur le disque dur et ne portent pas atteinte \u00e0 votre ordinateur ni \u00e0 vos fichiers. Les param\u00e8tres de la plupart des navigateurs sont r\u00e9gl\u00e9s de sorte \u00e0 accepter automatiquement les cookies. Vous pouvez d\u00e9sactiver la sauvegarde de cookies ou r\u00e9gler votre navigateur en sorte qu&rsquo;il signale l&rsquo;envoi de cookies.<\/p>\n<p>7. Modifications des pr\u00e9sentes dispositions sur la protection des donn\u00e9es<br \/>\nNous nous engageons \u00e0 mettre \u00e0 jour \u00e0 des intervalles irr\u00e9guliers les directives r\u00e9gissant la protection de vos informations personnelles. Nous vous recommandons de les consulter de temps en temps afin de vous informer de la mani\u00e8re selon laquelle nous prot\u00e9geons vos donn\u00e9es et am\u00e9liorons sans cesse les contenus de notre page Internet. Au cas o\u00f9 nous apporterions des modifications essentielles \u00e0 la collecte, l&rsquo;exploitation et\/ou la transmission des informations d&rsquo;ordre nominatif mises \u00e0 disposition par vos soins, nous vous en avertirions par un message clair et bien visible sur notre page Internet. En utilisant la pr\u00e9sente page Internet, vous consentez \u00e0 l&rsquo;application des conditions de la directive sur la protection d&rsquo;informations personnelles.<\/p>\n<p>Pour le plus amples renseignements concernant ces prescriptions de protection des donn\u00e9es, veuillez vous connecter \u00e0 notre page contact.<\/p>\n","protected":false},"excerpt":{"rendered":"<p>Mentions\u00a0l\u00e9gales Ring Alliance Ringbuchtechnik GmbH Alserbachstra\u00dfe 14-16, 1090 Vienne,\u00a0Autriche T\u00e9l.:\u00a00043-1-86681-0 | Fax: 0043-1-86681-398 | <a href=\"mailto:office@ring-alliance.com\">office@ring-alliance.com<\/a> <a href=\"http:\/\/www.ring-alliance.com\" rel=\"nofollow\">http:\/\/www.ring-alliance.com<\/a> Si\u00e8ge social de la GmbH:\u00a0Wien Immatriculation au Registre du Commerce et des Soci\u00e9t\u00e9s (RCS): FN215533k Greffe du Tribunal de commerce charg\u00e9 de la tenue du RCS: Tribunal de Commerce de Vienne N\u00b0 TVA intracommunautaire: ATU 52715003 G\u00e9rants: Frank Niedecker [&hellip;]<\/p>\n","protected":false},"author":1,"featured_media":0,"parent":0,"menu_order":0,"comment_status":"closed","ping_status":"closed","template":"","meta":[],"yoast_head":"<!-- This site is optimized with the Yoast SEO plugin v19.8 - https:\/\/yoast.com\/wordpress\/plugins\/seo\/ -->\n<title>Mentions l\u00e9gales - Ring Alliance<\/title>\n<meta name=\"robots\" content=\"index, follow, max-snippet:-1, max-image-preview:large, max-video-preview:-1\" \/>\n<link rel=\"canonical\" href=\"https:\/\/www.ring-alliance.com\/fr\/legal-notice\/\" \/>\n<meta property=\"og:locale\" content=\"fr_FR\" \/>\n<meta property=\"og:type\" content=\"article\" \/>\n<meta property=\"og:title\" content=\"Mentions l\u00e9gales - Ring Alliance\" \/>\n<meta property=\"og:description\" content=\"Mentions\u00a0l\u00e9gales Ring Alliance Ringbuchtechnik GmbH Alserbachstra\u00dfe 14-16, 1090 Vienne,\u00a0Autriche T\u00e9l.:\u00a00043-1-86681-0 | Fax: 0043-1-86681-398 | office@ring-alliance.com http:\/\/www.ring-alliance.com Si\u00e8ge social de la GmbH:\u00a0Wien Immatriculation au Registre du Commerce et des Soci\u00e9t\u00e9s (RCS): FN215533k Greffe du Tribunal de commerce charg\u00e9 de la tenue du RCS: Tribunal de Commerce de Vienne N\u00b0 TVA intracommunautaire: ATU 52715003 G\u00e9rants: Frank Niedecker [&hellip;]\" \/>\n<meta property=\"og:url\" content=\"https:\/\/www.ring-alliance.com\/fr\/legal-notice\/\" \/>\n<meta property=\"og:site_name\" content=\"Ring Alliance\" \/>\n<meta property=\"article:modified_time\" content=\"2016-10-03T13:29:55+00:00\" \/>\n<meta name=\"twitter:card\" content=\"summary_large_image\" \/>\n<meta name=\"twitter:label1\" content=\"Dur\u00e9e de lecture estim\u00e9e\" \/>\n\t<meta name=\"twitter:data1\" content=\"6 minutes\" \/>\n<script type=\"application\/ld+json\" class=\"yoast-schema-graph\">{\"@context\":\"https:\/\/schema.org\",\"@graph\":[{\"@type\":\"WebPage\",\"@id\":\"https:\/\/www.ring-alliance.com\/fr\/legal-notice\/\",\"url\":\"https:\/\/www.ring-alliance.com\/fr\/legal-notice\/\",\"name\":\"Mentions l\u00e9gales - Ring Alliance\",\"isPartOf\":{\"@id\":\"https:\/\/www.ring-alliance.com\/#website\"},\"datePublished\":\"2016-04-27T15:18:35+00:00\",\"dateModified\":\"2016-10-03T13:29:55+00:00\",\"breadcrumb\":{\"@id\":\"https:\/\/www.ring-alliance.com\/fr\/legal-notice\/#breadcrumb\"},\"inLanguage\":\"fr-FR\",\"potentialAction\":[{\"@type\":\"ReadAction\",\"target\":[\"https:\/\/www.ring-alliance.com\/fr\/legal-notice\/\"]}]},{\"@type\":\"BreadcrumbList\",\"@id\":\"https:\/\/www.ring-alliance.com\/fr\/legal-notice\/#breadcrumb\",\"itemListElement\":[{\"@type\":\"ListItem\",\"position\":1,\"name\":\"Home\",\"item\":\"https:\/\/www.ring-alliance.com\/fr\/\"},{\"@type\":\"ListItem\",\"position\":2,\"name\":\"Mentions l\u00e9gales\"}]},{\"@type\":\"WebSite\",\"@id\":\"https:\/\/www.ring-alliance.com\/#website\",\"url\":\"https:\/\/www.ring-alliance.com\/\",\"name\":\"Ring Alliance\",\"description\":\"Your partner for ring binder mechanisms.\",\"potentialAction\":[{\"@type\":\"SearchAction\",\"target\":{\"@type\":\"EntryPoint\",\"urlTemplate\":\"https:\/\/www.ring-alliance.com\/?s={search_term_string}\"},\"query-input\":\"required name=search_term_string\"}],\"inLanguage\":\"fr-FR\"}]}<\/script>\n<!-- \/ Yoast SEO plugin. -->","yoast_head_json":{"title":"Mentions l\u00e9gales - Ring Alliance","robots":{"index":"index","follow":"follow","max-snippet":"max-snippet:-1","max-image-preview":"max-image-preview:large","max-video-preview":"max-video-preview:-1"},"canonical":"https:\/\/www.ring-alliance.com\/fr\/legal-notice\/","og_locale":"fr_FR","og_type":"article","og_title":"Mentions l\u00e9gales - Ring Alliance","og_description":"Mentions\u00a0l\u00e9gales Ring Alliance Ringbuchtechnik GmbH Alserbachstra\u00dfe 14-16, 1090 Vienne,\u00a0Autriche T\u00e9l.:\u00a00043-1-86681-0 | Fax: 0043-1-86681-398 | office@ring-alliance.com http:\/\/www.ring-alliance.com Si\u00e8ge social de la GmbH:\u00a0Wien Immatriculation au Registre du Commerce et des Soci\u00e9t\u00e9s (RCS): FN215533k Greffe du Tribunal de commerce charg\u00e9 de la tenue du RCS: Tribunal de Commerce de Vienne N\u00b0 TVA intracommunautaire: ATU 52715003 G\u00e9rants: Frank Niedecker [&hellip;]","og_url":"https:\/\/www.ring-alliance.com\/fr\/legal-notice\/","og_site_name":"Ring Alliance","article_modified_time":"2016-10-03T13:29:55+00:00","twitter_card":"summary_large_image","twitter_misc":{"Dur\u00e9e de lecture estim\u00e9e":"6 minutes"},"schema":{"@context":"https:\/\/schema.org","@graph":[{"@type":"WebPage","@id":"https:\/\/www.ring-alliance.com\/fr\/legal-notice\/","url":"https:\/\/www.ring-alliance.com\/fr\/legal-notice\/","name":"Mentions l\u00e9gales - Ring Alliance","isPartOf":{"@id":"https:\/\/www.ring-alliance.com\/#website"},"datePublished":"2016-04-27T15:18:35+00:00","dateModified":"2016-10-03T13:29:55+00:00","breadcrumb":{"@id":"https:\/\/www.ring-alliance.com\/fr\/legal-notice\/#breadcrumb"},"inLanguage":"fr-FR","potentialAction":[{"@type":"ReadAction","target":["https:\/\/www.ring-alliance.com\/fr\/legal-notice\/"]}]},{"@type":"BreadcrumbList","@id":"https:\/\/www.ring-alliance.com\/fr\/legal-notice\/#breadcrumb","itemListElement":[{"@type":"ListItem","position":1,"name":"Home","item":"https:\/\/www.ring-alliance.com\/fr\/"},{"@type":"ListItem","position":2,"name":"Mentions l\u00e9gales"}]},{"@type":"WebSite","@id":"https:\/\/www.ring-alliance.com\/#website","url":"https:\/\/www.ring-alliance.com\/","name":"Ring Alliance","description":"Your partner for ring binder mechanisms.","potentialAction":[{"@type":"SearchAction","target":{"@type":"EntryPoint","urlTemplate":"https:\/\/www.ring-alliance.com\/?s={search_term_string}"},"query-input":"required name=search_term_string"}],"inLanguage":"fr-FR"}]}},"_links":{"self":[{"href":"https:\/\/www.ring-alliance.com\/fr\/wp-json\/wp\/v2\/pages\/1367"}],"collection":[{"href":"https:\/\/www.ring-alliance.com\/fr\/wp-json\/wp\/v2\/pages"}],"about":[{"href":"https:\/\/www.ring-alliance.com\/fr\/wp-json\/wp\/v2\/types\/page"}],"author":[{"embeddable":true,"href":"https:\/\/www.ring-alliance.com\/fr\/wp-json\/wp\/v2\/users\/1"}],"replies":[{"embeddable":true,"href":"https:\/\/www.ring-alliance.com\/fr\/wp-json\/wp\/v2\/comments?post=1367"}],"version-history":[{"count":9,"href":"https:\/\/www.ring-alliance.com\/fr\/wp-json\/wp\/v2\/pages\/1367\/revisions"}],"predecessor-version":[{"id":2197,"href":"https:\/\/www.ring-alliance.com\/fr\/wp-json\/wp\/v2\/pages\/1367\/revisions\/2197"}],"wp:attachment":[{"href":"https:\/\/www.ring-alliance.com\/fr\/wp-json\/wp\/v2\/media?parent=1367"}],"curies":[{"name":"wp","href":"https:\/\/api.w.org\/{rel}","templated":true}]}}