{"id":343,"date":"2016-04-03T19:45:17","date_gmt":"2016-04-03T17:45:17","guid":{"rendered":"http:\/\/www.ring-alliance.com\/de\/history\/"},"modified":"2023-07-03T08:53:14","modified_gmt":"2023-07-03T06:53:14","slug":"history","status":"publish","type":"page","link":"https:\/\/www.ring-alliance.com\/de\/history\/","title":{"rendered":"History"},"content":{"rendered":"<div id='av_section_1' class='avia-section main_color avia-section-default avia-no-shadow avia-bg-style-scroll  avia-builder-el-0  avia-builder-el-no-sibling   container_wrap fullsize' style=' '  ><div class='container' ><main  role=\"main\" itemprop=\"mainContentOfPage\"  class='template-page content  av-content-full alpha units'><div class='post-entry post-entry-type-page post-entry-343'><div class='entry-content-wrapper clearfix'>\n<div style='padding-bottom:10px; ' class='av-special-heading av-special-heading-h2  blockquote modern-quote modern-centered  avia-builder-el-1  el_before_av_hr  avia-builder-el-first   '><h2 class='av-special-heading-tag '  itemprop=\"headline\"  >Geschichte<\/h2><div class ='av-subheading av-subheading_below  ' style='font-size:18px;'><p>Wir blicken auf mehr als 100 Jahre Erfahrung mit Ringbuchmechaniken. Eine Entdeckungsreise \u00fcber die Geschichte des \u201eewigen Buches\u201c.<\/p>\n<\/div><div class='special-heading-border'><div class='special-heading-inner-border' ><\/div><\/div><\/div>\n<div  class='hr hr-default   avia-builder-el-2  el_after_av_heading  el_before_av_one_half '><span class='hr-inner ' ><span class='hr-inner-style'><\/span><\/span><\/div>\n<div class=\"flex_column av_one_half  flex_column_div av-zero-column-padding first  avia-builder-el-3  el_after_av_hr  el_before_av_one_half  \" style='border-radius:0px; '><p><div class='avia-image-container  av-styling-    avia-builder-el-4  el_before_av_image  avia-builder-el-first  avia-align-center '  itemprop=\"ImageObject\" itemscope=\"itemscope\" itemtype=\"https:\/\/schema.org\/ImageObject\"  ><div class='avia-image-container-inner'><div class='avia-image-overlay-wrap'><img class='avia_image' src='https:\/\/www.ring-alliance.com\/wp-content\/uploads\/2023\/07\/fabrik-1930-450x312.jpg' alt='' title='fabrik 1930' height=\"312\" width=\"450\"  itemprop=\"thumbnailUrl\"  \/><\/div><\/div><\/div><br \/>\n<div class='avia-image-container  av-styling-    avia-builder-el-5  el_after_av_image  avia-builder-el-last  avia-align-center '  itemprop=\"ImageObject\" itemscope=\"itemscope\" itemtype=\"https:\/\/schema.org\/ImageObject\"  ><div class='avia-image-container-inner'><div class='avia-image-overlay-wrap'><img class='avia_image' src='https:\/\/www.ring-alliance.com\/wp-content\/uploads\/2023\/07\/kh-1930-356x450.jpg' alt='' title='kh 1930' height=\"450\" width=\"356\"  itemprop=\"thumbnailUrl\"  \/><\/div><\/div><\/div><\/p><\/div><div class=\"flex_column av_one_half  flex_column_div av-zero-column-padding   avia-builder-el-6  el_after_av_one_half  avia-builder-el-last  \" style='border-radius:0px; '><section class=\"av_textblock_section \"  itemscope=\"itemscope\" itemtype=\"https:\/\/schema.org\/CreativeWork\" ><div class='avia_textblock  '   itemprop=\"text\" ><p><strong>2023<\/strong><br \/>\nRing Alliance Ringbuchtechnik wird von der \u00f6sterreichischen RAG Group erworben \u2013 mit dem Ziel, den Erfolg des Unternehmens fortzusetzen.<\/p>\n<p><strong>2016<\/strong><br \/>\nBensons BV wird Ring Alliance Ringbuchtechnik GmbH integriert. Beide Unternehmen kombinieren ihre St\u00e4rken \u2013 zum Vorteil ihrer Kunden.<\/p>\n<p><strong>2003<\/strong><br \/>\nRobert Krause, fr\u00fcher Ring Max, wird Teil der Ring International Holding.<\/p>\n<p><strong>2003<\/strong><br \/>\nDie ungarische Produktion von Koloman Handler \u00fcbernimmt die Produktion aus Wien.<\/p>\n<p><strong>2002<\/strong><br \/>\nBensons \u2013 mit Standorten auf drei Kontinenten (Niederlande, Gro\u00dfbritannien, Frankreich, USA und Singapur) \u2013 wird Teil der Ring International Holding.<\/p>\n<p><strong>2001<\/strong><br \/>\nRing International Holding \u00fcbernimmt Koloman Handler und deren ungarische Niederlassung.<\/p>\n<p><strong>1998<\/strong><br \/>\nNach drei Generationen im Familienbesitz wird Koloman Handler an einen Investor verkauft.<\/p>\n<p><strong>1995<\/strong><br \/>\nIn der Fabrik in Ungarn wird die automatisierte Produktion eingef\u00fchrt.<\/p>\n<p><strong>1992<\/strong><br \/>\nDie ungarische Niederlassung der Koloman Handler wird gegr\u00fcndet.<\/p>\n<p><strong>1922<\/strong><br \/>\nKoloman Handler errichtet die erste Produktion f\u00fcr Ringbuchmechaniken in Wien.<\/p>\n<p><strong>1915<\/strong><br \/>\nErfindung der ersten Ringbuchmechanik durch Koloman Handler, die L\u00f6sung f\u00fcr ein Problem mit dem Gesch\u00e4ftsleute in dieser Zeit konfrontiert sind: \u201ehaltbarere\u201c B\u00fccher. So wurde das \u201eewige Buch\u201c \u2013 der Ringordner \u2013 geboren.<\/p>\n<p><strong>1900<\/strong><br \/>\nKoloman Handler wird in \u00d6sterreich gegr\u00fcndet und beginnt mit der Produktion von Buchecken aus Metall.<\/p>\n<\/div><\/section><\/div>\n","protected":false},"excerpt":{"rendered":"","protected":false},"author":1,"featured_media":0,"parent":0,"menu_order":0,"comment_status":"closed","ping_status":"closed","template":"","meta":[],"yoast_head":"<!-- This site is optimized with the Yoast SEO plugin v19.8 - https:\/\/yoast.com\/wordpress\/plugins\/seo\/ -->\n<title>History - Ring Alliance<\/title>\n<meta name=\"robots\" content=\"index, follow, max-snippet:-1, max-image-preview:large, max-video-preview:-1\" \/>\n<link rel=\"canonical\" href=\"https:\/\/www.ring-alliance.com\/de\/history\/\" \/>\n<meta property=\"og:locale\" content=\"de_DE\" \/>\n<meta property=\"og:type\" content=\"article\" \/>\n<meta property=\"og:title\" content=\"History - Ring Alliance\" \/>\n<meta property=\"og:url\" content=\"https:\/\/www.ring-alliance.com\/de\/history\/\" \/>\n<meta property=\"og:site_name\" content=\"Ring Alliance\" \/>\n<meta property=\"article:modified_time\" content=\"2023-07-03T06:53:14+00:00\" \/>\n<meta name=\"twitter:card\" content=\"summary_large_image\" \/>\n<meta name=\"twitter:label1\" content=\"Gesch\u00e4tzte Lesezeit\" \/>\n\t<meta name=\"twitter:data1\" content=\"2\u00a0Minuten\" \/>\n<script type=\"application\/ld+json\" class=\"yoast-schema-graph\">{\"@context\":\"https:\/\/schema.org\",\"@graph\":[{\"@type\":\"WebPage\",\"@id\":\"https:\/\/www.ring-alliance.com\/de\/history\/\",\"url\":\"https:\/\/www.ring-alliance.com\/de\/history\/\",\"name\":\"History - Ring Alliance\",\"isPartOf\":{\"@id\":\"https:\/\/www.ring-alliance.com\/#website\"},\"datePublished\":\"2016-04-03T17:45:17+00:00\",\"dateModified\":\"2023-07-03T06:53:14+00:00\",\"breadcrumb\":{\"@id\":\"https:\/\/www.ring-alliance.com\/de\/history\/#breadcrumb\"},\"inLanguage\":\"de\",\"potentialAction\":[{\"@type\":\"ReadAction\",\"target\":[\"https:\/\/www.ring-alliance.com\/de\/history\/\"]}]},{\"@type\":\"BreadcrumbList\",\"@id\":\"https:\/\/www.ring-alliance.com\/de\/history\/#breadcrumb\",\"itemListElement\":[{\"@type\":\"ListItem\",\"position\":1,\"name\":\"Home\",\"item\":\"https:\/\/www.ring-alliance.com\/de\/\"},{\"@type\":\"ListItem\",\"position\":2,\"name\":\"History\"}]},{\"@type\":\"WebSite\",\"@id\":\"https:\/\/www.ring-alliance.com\/#website\",\"url\":\"https:\/\/www.ring-alliance.com\/\",\"name\":\"Ring Alliance\",\"description\":\"Your partner for ring binder mechanisms.\",\"potentialAction\":[{\"@type\":\"SearchAction\",\"target\":{\"@type\":\"EntryPoint\",\"urlTemplate\":\"https:\/\/www.ring-alliance.com\/?s={search_term_string}\"},\"query-input\":\"required name=search_term_string\"}],\"inLanguage\":\"de\"}]}<\/script>\n<!-- \/ Yoast SEO plugin. -->","yoast_head_json":{"title":"History - Ring Alliance","robots":{"index":"index","follow":"follow","max-snippet":"max-snippet:-1","max-image-preview":"max-image-preview:large","max-video-preview":"max-video-preview:-1"},"canonical":"https:\/\/www.ring-alliance.com\/de\/history\/","og_locale":"de_DE","og_type":"article","og_title":"History - Ring Alliance","og_url":"https:\/\/www.ring-alliance.com\/de\/history\/","og_site_name":"Ring Alliance","article_modified_time":"2023-07-03T06:53:14+00:00","twitter_card":"summary_large_image","twitter_misc":{"Gesch\u00e4tzte Lesezeit":"2\u00a0Minuten"},"schema":{"@context":"https:\/\/schema.org","@graph":[{"@type":"WebPage","@id":"https:\/\/www.ring-alliance.com\/de\/history\/","url":"https:\/\/www.ring-alliance.com\/de\/history\/","name":"History - Ring Alliance","isPartOf":{"@id":"https:\/\/www.ring-alliance.com\/#website"},"datePublished":"2016-04-03T17:45:17+00:00","dateModified":"2023-07-03T06:53:14+00:00","breadcrumb":{"@id":"https:\/\/www.ring-alliance.com\/de\/history\/#breadcrumb"},"inLanguage":"de","potentialAction":[{"@type":"ReadAction","target":["https:\/\/www.ring-alliance.com\/de\/history\/"]}]},{"@type":"BreadcrumbList","@id":"https:\/\/www.ring-alliance.com\/de\/history\/#breadcrumb","itemListElement":[{"@type":"ListItem","position":1,"name":"Home","item":"https:\/\/www.ring-alliance.com\/de\/"},{"@type":"ListItem","position":2,"name":"History"}]},{"@type":"WebSite","@id":"https:\/\/www.ring-alliance.com\/#website","url":"https:\/\/www.ring-alliance.com\/","name":"Ring Alliance","description":"Your partner for ring binder mechanisms.","potentialAction":[{"@type":"SearchAction","target":{"@type":"EntryPoint","urlTemplate":"https:\/\/www.ring-alliance.com\/?s={search_term_string}"},"query-input":"required name=search_term_string"}],"inLanguage":"de"}]}},"_links":{"self":[{"href":"https:\/\/www.ring-alliance.com\/de\/wp-json\/wp\/v2\/pages\/343"}],"collection":[{"href":"https:\/\/www.ring-alliance.com\/de\/wp-json\/wp\/v2\/pages"}],"about":[{"href":"https:\/\/www.ring-alliance.com\/de\/wp-json\/wp\/v2\/types\/page"}],"author":[{"embeddable":true,"href":"https:\/\/www.ring-alliance.com\/de\/wp-json\/wp\/v2\/users\/1"}],"replies":[{"embeddable":true,"href":"https:\/\/www.ring-alliance.com\/de\/wp-json\/wp\/v2\/comments?post=343"}],"version-history":[{"count":11,"href":"https:\/\/www.ring-alliance.com\/de\/wp-json\/wp\/v2\/pages\/343\/revisions"}],"predecessor-version":[{"id":3331,"href":"https:\/\/www.ring-alliance.com\/de\/wp-json\/wp\/v2\/pages\/343\/revisions\/3331"}],"wp:attachment":[{"href":"https:\/\/www.ring-alliance.com\/de\/wp-json\/wp\/v2\/media?parent=343"}],"curies":[{"name":"wp","href":"https:\/\/api.w.org\/{rel}","templated":true}]}}