{"id":276,"date":"2016-04-12T17:51:32","date_gmt":"2016-04-12T15:51:32","guid":{"rendered":"http:\/\/www.ring-alliance.com\/de\/?page_id=276"},"modified":"2016-04-13T13:58:41","modified_gmt":"2016-04-13T11:58:41","slug":"produktion-qualitaet","status":"publish","type":"page","link":"https:\/\/www.ring-alliance.com\/de\/produktion-qualitaet\/","title":{"rendered":"Produktion &#038; Qualit\u00e4t"},"content":{"rendered":"<div id='av_section_1' class='avia-section main_color avia-section-default avia-no-shadow avia-bg-style-scroll  avia-builder-el-0  avia-builder-el-no-sibling   container_wrap fullsize' style=' '  ><div class='container' ><main  role=\"main\" itemprop=\"mainContentOfPage\"  class='template-page content  av-content-full alpha units'><div class='post-entry post-entry-type-page post-entry-276'><div class='entry-content-wrapper clearfix'>\n<div style='padding-bottom:10px; ' class='av-special-heading av-special-heading-h2  blockquote modern-quote modern-centered  avia-builder-el-1  el_before_av_hr  avia-builder-el-first   '><h2 class='av-special-heading-tag '  itemprop=\"headline\"  >PRODUKTION <span class='special_amp'>&amp;<\/span> QUALIT\u00c4T<\/h2><div class ='av-subheading av-subheading_below  ' style='font-size:18px;'><p>Wir stehen f\u00fcr Qualit\u00e4t in allen Phasen unserer Produktion und unserer gesch\u00e4ftlichen Aktivit\u00e4ten. Ihr Vorteil ist unser Ziel!<\/p>\n<\/div><div class='special-heading-border'><div class='special-heading-inner-border' ><\/div><\/div><\/div>\n<div  class='hr hr-default   avia-builder-el-2  el_after_av_heading  el_before_av_one_half '><span class='hr-inner ' ><span class='hr-inner-style'><\/span><\/span><\/div>\n<div class=\"flex_column av_one_half  flex_column_div av-zero-column-padding first  avia-builder-el-3  el_after_av_hr  el_before_av_one_half  \" style='border-radius:0px; '><div class='avia-image-container avia_animated_image avia_animate_when_almost_visible left-to-right av-styling- av-hover-grow   avia-builder-el-4  avia-builder-el-no-sibling  avia-align-center '  itemprop=\"ImageObject\" itemscope=\"itemscope\" itemtype=\"https:\/\/schema.org\/ImageObject\"  ><div class='avia-image-container-inner'><div class='avia-image-overlay-wrap'><img class='avia_image' src='https:\/\/www.ring-alliance.com\/wp-content\/uploads\/2016\/04\/Produktionsablauf-1030x755.jpg' alt='' title='Produktionsablauf.indd' height=\"755\" width=\"1030\"  itemprop=\"thumbnailUrl\"  \/><\/div><\/div><\/div><\/div><div class=\"flex_column av_one_half  flex_column_div av-zero-column-padding   avia-builder-el-5  el_after_av_one_half  avia-builder-el-last  \" style='border-radius:0px; '><section class=\"av_textblock_section \"  itemscope=\"itemscope\" itemtype=\"https:\/\/schema.org\/CreativeWork\" ><div class='avia_textblock  '   itemprop=\"text\" ><h3>Qualit\u00e4t &#8211; in der Produktherstellung:\u00a0Draht und Stahl in Form gebracht<\/h3>\n<p>Weltweit gibt es nur mehr wenige bedeutende Unternehmen, die die Herstellung von Ringbuchmechaniken beherrschen. Wir sind mit unserem Produktionswerk Koloman Handler in Oroszl\u00e1ny, Ungarn, der gr\u00f6\u00dfte europ\u00e4ische Erzeuger von Ringbuchmechaniken und verarbeiten \u00fcber 5.000 Tonnen Draht und Stahlband im Jahr.<\/p>\n<h3>Qualit\u00e4t &#8211; entlang der gesamten Wertsch\u00f6pfungskette<\/h3>\n<p>Qualit\u00e4t beginnt bei uns bereits bei der Auswahl der Vormaterialien. Wir greifen auf Rohstoffe namhafter europ\u00e4ischer Stahllieferanten zur\u00fcck. Die Verarbeitung erfolgt unter Ber\u00fccksichtigung minimaler Toleranzen mittels moderner Montageautomaten. Eine produktionsbegleitende Qualit\u00e4tskontrolle achtet auf die Einhaltung s\u00e4mtlicher Parameter.<\/p>\n<h3>Qualit\u00e4t &#8211;\u00a0in allen unseren gesch\u00e4ftlichen Aktivit\u00e4ten<\/h3>\n<p>Wir stehen f\u00fcr ein H\u00f6chstma\u00df an Lieferzuverl\u00e4ssigkeit und P\u00fcnktlichkeit. Alle unsere Mitarbeiter haben sich ausnahmslos der Zufriedenheit unserer Kunden verschrieben. Ihre Zufriedenheit ist uns t\u00e4glich Ansporn, unser Bestes zu geben. Ein Engagement, auf das viele unserer Kunden seit Jahrzehnten z\u00e4hlen. Und das zu Recht!<\/p>\n<p>Auch im Umweltmanagement setzt Ring Alliance Ma\u00dfst\u00e4be. So gelangen keinerlei Schadstoffe in die Umwelt: Unsere Qualit\u00e4t ist nachhaltig!<\/p>\n<\/div><\/section><\/div>\n","protected":false},"excerpt":{"rendered":"","protected":false},"author":1,"featured_media":0,"parent":0,"menu_order":0,"comment_status":"closed","ping_status":"closed","template":"","meta":[],"yoast_head":"<!-- This site is optimized with the Yoast SEO plugin v19.8 - https:\/\/yoast.com\/wordpress\/plugins\/seo\/ -->\n<title>Produktion &amp; Qualit\u00e4t - Ring Alliance<\/title>\n<meta name=\"robots\" content=\"index, follow, max-snippet:-1, max-image-preview:large, max-video-preview:-1\" \/>\n<link rel=\"canonical\" href=\"https:\/\/www.ring-alliance.com\/de\/produktion-qualitaet\/\" \/>\n<meta property=\"og:locale\" content=\"de_DE\" \/>\n<meta property=\"og:type\" content=\"article\" \/>\n<meta property=\"og:title\" content=\"Produktion &amp; Qualit\u00e4t - Ring Alliance\" \/>\n<meta property=\"og:url\" content=\"https:\/\/www.ring-alliance.com\/de\/produktion-qualitaet\/\" \/>\n<meta property=\"og:site_name\" content=\"Ring Alliance\" \/>\n<meta property=\"article:modified_time\" content=\"2016-04-13T11:58:41+00:00\" \/>\n<meta name=\"twitter:card\" content=\"summary_large_image\" \/>\n<meta name=\"twitter:label1\" content=\"Gesch\u00e4tzte Lesezeit\" \/>\n\t<meta name=\"twitter:data1\" content=\"3\u00a0Minuten\" \/>\n<script type=\"application\/ld+json\" class=\"yoast-schema-graph\">{\"@context\":\"https:\/\/schema.org\",\"@graph\":[{\"@type\":\"WebPage\",\"@id\":\"https:\/\/www.ring-alliance.com\/de\/produktion-qualitaet\/\",\"url\":\"https:\/\/www.ring-alliance.com\/de\/produktion-qualitaet\/\",\"name\":\"Produktion & Qualit\u00e4t - Ring Alliance\",\"isPartOf\":{\"@id\":\"https:\/\/www.ring-alliance.com\/#website\"},\"datePublished\":\"2016-04-12T15:51:32+00:00\",\"dateModified\":\"2016-04-13T11:58:41+00:00\",\"breadcrumb\":{\"@id\":\"https:\/\/www.ring-alliance.com\/de\/produktion-qualitaet\/#breadcrumb\"},\"inLanguage\":\"de\",\"potentialAction\":[{\"@type\":\"ReadAction\",\"target\":[\"https:\/\/www.ring-alliance.com\/de\/produktion-qualitaet\/\"]}]},{\"@type\":\"BreadcrumbList\",\"@id\":\"https:\/\/www.ring-alliance.com\/de\/produktion-qualitaet\/#breadcrumb\",\"itemListElement\":[{\"@type\":\"ListItem\",\"position\":1,\"name\":\"Home\",\"item\":\"https:\/\/www.ring-alliance.com\/de\/\"},{\"@type\":\"ListItem\",\"position\":2,\"name\":\"Produktion &#038; Qualit\u00e4t\"}]},{\"@type\":\"WebSite\",\"@id\":\"https:\/\/www.ring-alliance.com\/#website\",\"url\":\"https:\/\/www.ring-alliance.com\/\",\"name\":\"Ring Alliance\",\"description\":\"Your partner for ring binder mechanisms.\",\"potentialAction\":[{\"@type\":\"SearchAction\",\"target\":{\"@type\":\"EntryPoint\",\"urlTemplate\":\"https:\/\/www.ring-alliance.com\/?s={search_term_string}\"},\"query-input\":\"required name=search_term_string\"}],\"inLanguage\":\"de\"}]}<\/script>\n<!-- \/ Yoast SEO plugin. -->","yoast_head_json":{"title":"Produktion & Qualit\u00e4t - Ring Alliance","robots":{"index":"index","follow":"follow","max-snippet":"max-snippet:-1","max-image-preview":"max-image-preview:large","max-video-preview":"max-video-preview:-1"},"canonical":"https:\/\/www.ring-alliance.com\/de\/produktion-qualitaet\/","og_locale":"de_DE","og_type":"article","og_title":"Produktion & Qualit\u00e4t - Ring Alliance","og_url":"https:\/\/www.ring-alliance.com\/de\/produktion-qualitaet\/","og_site_name":"Ring Alliance","article_modified_time":"2016-04-13T11:58:41+00:00","twitter_card":"summary_large_image","twitter_misc":{"Gesch\u00e4tzte Lesezeit":"3\u00a0Minuten"},"schema":{"@context":"https:\/\/schema.org","@graph":[{"@type":"WebPage","@id":"https:\/\/www.ring-alliance.com\/de\/produktion-qualitaet\/","url":"https:\/\/www.ring-alliance.com\/de\/produktion-qualitaet\/","name":"Produktion & Qualit\u00e4t - Ring Alliance","isPartOf":{"@id":"https:\/\/www.ring-alliance.com\/#website"},"datePublished":"2016-04-12T15:51:32+00:00","dateModified":"2016-04-13T11:58:41+00:00","breadcrumb":{"@id":"https:\/\/www.ring-alliance.com\/de\/produktion-qualitaet\/#breadcrumb"},"inLanguage":"de","potentialAction":[{"@type":"ReadAction","target":["https:\/\/www.ring-alliance.com\/de\/produktion-qualitaet\/"]}]},{"@type":"BreadcrumbList","@id":"https:\/\/www.ring-alliance.com\/de\/produktion-qualitaet\/#breadcrumb","itemListElement":[{"@type":"ListItem","position":1,"name":"Home","item":"https:\/\/www.ring-alliance.com\/de\/"},{"@type":"ListItem","position":2,"name":"Produktion &#038; Qualit\u00e4t"}]},{"@type":"WebSite","@id":"https:\/\/www.ring-alliance.com\/#website","url":"https:\/\/www.ring-alliance.com\/","name":"Ring Alliance","description":"Your partner for ring binder mechanisms.","potentialAction":[{"@type":"SearchAction","target":{"@type":"EntryPoint","urlTemplate":"https:\/\/www.ring-alliance.com\/?s={search_term_string}"},"query-input":"required name=search_term_string"}],"inLanguage":"de"}]}},"_links":{"self":[{"href":"https:\/\/www.ring-alliance.com\/de\/wp-json\/wp\/v2\/pages\/276"}],"collection":[{"href":"https:\/\/www.ring-alliance.com\/de\/wp-json\/wp\/v2\/pages"}],"about":[{"href":"https:\/\/www.ring-alliance.com\/de\/wp-json\/wp\/v2\/types\/page"}],"author":[{"embeddable":true,"href":"https:\/\/www.ring-alliance.com\/de\/wp-json\/wp\/v2\/users\/1"}],"replies":[{"embeddable":true,"href":"https:\/\/www.ring-alliance.com\/de\/wp-json\/wp\/v2\/comments?post=276"}],"version-history":[{"count":3,"href":"https:\/\/www.ring-alliance.com\/de\/wp-json\/wp\/v2\/pages\/276\/revisions"}],"predecessor-version":[{"id":3082,"href":"https:\/\/www.ring-alliance.com\/de\/wp-json\/wp\/v2\/pages\/276\/revisions\/3082"}],"wp:attachment":[{"href":"https:\/\/www.ring-alliance.com\/de\/wp-json\/wp\/v2\/media?parent=276"}],"curies":[{"name":"wp","href":"https:\/\/api.w.org\/{rel}","templated":true}]}}