{"id":222,"date":"2016-04-12T14:12:30","date_gmt":"2016-04-12T12:12:30","guid":{"rendered":"http:\/\/www.ring-alliance.com\/de\/?page_id=222"},"modified":"2025-01-07T14:30:44","modified_gmt":"2025-01-07T13:30:44","slug":"contact","status":"publish","type":"page","link":"https:\/\/www.ring-alliance.com\/de\/contact\/","title":{"rendered":"Kontakt"},"content":{"rendered":"<div id='av_section_1' class='avia-section main_color avia-section-default avia-no-shadow avia-bg-style-scroll  avia-builder-el-0  avia-builder-el-no-sibling   container_wrap fullsize' style=' '  ><div class='container' ><main  role=\"main\" itemprop=\"mainContentOfPage\"  class='template-page content  av-content-full alpha units'><div class='post-entry post-entry-type-page post-entry-222'><div class='entry-content-wrapper clearfix'>\n<div style='padding-bottom:10px; ' class='av-special-heading av-special-heading-h2  blockquote modern-quote modern-centered  avia-builder-el-1  el_before_av_toggle_container  avia-builder-el-first   '><h2 class='av-special-heading-tag '  itemprop=\"headline\"  >KONTAKT <span class='special_amp'>&amp;<\/span> SERVICE<\/h2><div class ='av-subheading av-subheading_below  ' style='font-size:18px;'><p>Fragen Sie uns alles, was Sie \u00fcber Ringbuchmechaniken und \u00e4hnliche Produkte wissen wollen. Wir werden f\u00fcr Sie eine L\u00f6sung finden.<\/p>\n<\/div><div class='special-heading-border'><div class='special-heading-inner-border' ><\/div><\/div><\/div>\n<div class=\"togglecontainer    avia-builder-el-2  el_after_av_heading  el_before_av_hr \" >\n<section class=\"av_toggle_section\"  itemscope=\"itemscope\" itemtype=\"https:\/\/schema.org\/CreativeWork\"  >    <div class=\"single_toggle\" data-tags=\"{Alle} \"  >        <p data-fake-id=\"#toggle-id-1\" class=\"toggler activeTitle\"  itemprop=\"headline\"   >Wien, \u00d6sterreich (HQ)<span class=\"toggle_icon\" >        <span class=\"vert_icon\"><\/span><span class=\"hor_icon\"><\/span><\/span><\/p>        <div id=\"toggle-id-1-container\" class=\"toggle_wrap active_tc\"  style='display:block;'>            <div class=\"toggle_content invers-color \"  itemprop=\"text\"   ><p><strong>Ring Alliance Ringbuchtechnik GmbH<\/strong><br \/>\nAlserbachstra\u00dfe 14-16, 1090 Wien,\u00a0\u00d6sterreich<br \/>\nTel.: 0043-1-86681-0 | Fax: 0043-1-86681-398 | <a href=\"mailto:office@ring-alliance.com\">office@ring-alliance.com<\/a><\/p>\n<p><strong>Fr. Virginie Nussb\u00f6ck |\u00a0Sales Executive<\/strong><br \/>\nTel.: 0043-1-86681-356 | <a href=\"mailto:v.nussboeck@ring-alliance.com\">v.nussboeck@ring-alliance.com<\/a> | spricht\u00a0Franz\u00f6sisch, Deutsch, Englisch<\/p>\n<p><strong>Fr. Michaela Oyama | Sales Executive<\/strong><br \/>\nTel.: 0043-1-86681-377 | <a href=\"mailto:m.oyama@ring-alliance.com\">m.oyama@ring-alliance.com<\/a> | spricht Deutsch, Englisch, Japanisch<\/p>\n            <\/div>        <\/div>    <\/div><\/section>\n<section class=\"av_toggle_section\"  itemscope=\"itemscope\" itemtype=\"https:\/\/schema.org\/CreativeWork\"  >    <div class=\"single_toggle\" data-tags=\"{Alle} \"  >        <p data-fake-id=\"#toggle-id-2\" class=\"toggler \"  itemprop=\"headline\"   >Nijkerk, Niederlande (Zweigniederlassung)<span class=\"toggle_icon\" >        <span class=\"vert_icon\"><\/span><span class=\"hor_icon\"><\/span><\/span><\/p>        <div id=\"toggle-id-2-container\" class=\"toggle_wrap \"  >            <div class=\"toggle_content invers-color \"  itemprop=\"text\"   ><p><strong>Ring Alliance\u00a0Niederlande<\/strong><\/p>\n<p><strong><span class=\"VIiyi\" lang=\"de\"><span class=\"JLqJ4b ChMk0b\" data-language-for-alternatives=\"de\" data-language-to-translate-into=\"en\" data-phrase-index=\"0\">Da unsere Niederlassung in Nijkerk Ende 2020 geschlossen wurde, wenden Sie sich bitte an unser Verkaufsteam in Wien, Frau Michaela Oyama.<\/span><\/span> <\/strong><\/p>\n            <\/div>        <\/div>    <\/div><\/section>\n<section class=\"av_toggle_section\"  itemscope=\"itemscope\" itemtype=\"https:\/\/schema.org\/CreativeWork\"  >    <div class=\"single_toggle\" data-tags=\"{Alle} \"  >        <p data-fake-id=\"#toggle-id-3\" class=\"toggler \"  itemprop=\"headline\"   >Canly, Frankreich (Zweigniederlassung)<span class=\"toggle_icon\" >        <span class=\"vert_icon\"><\/span><span class=\"hor_icon\"><\/span><\/span><\/p>        <div id=\"toggle-id-3-container\" class=\"toggle_wrap \"  >            <div class=\"toggle_content invers-color \"  itemprop=\"text\"   ><p><strong>Ring Alliance\u00a0Frankreich<\/strong><br \/>\n1, rue du Roi, 60680 Canly,\u00a0Frankreich<br \/>\nTel.: 0033-3-44373800 | Fax: 0033-3-44373810 | <a href=\"mailto:france@ring-alliance.com\">france@ring-alliance.com<\/a><\/p>\n<p><strong>Fr. Corinne Hennon | Sales Manager<\/strong><br \/>\n<a href=\"mailto:c.hennon@ring-alliance.com\">c.hennon@ring-alliance.com<\/a> | spricht\u00a0Franz\u00f6sisch, Englisch<\/p>\n<p><strong>Fr. Sophie Rousseau | Customer Service<\/strong><br \/>\n<a href=\"mailto:s.rousseau@ring-alliance.com\">s.rousseau@ring-alliance.com<\/a> | spricht Franz\u00f6sisch, Englisch, Spanisch<\/p>\n            <\/div>        <\/div>    <\/div><\/section>\n<section class=\"av_toggle_section\"  itemscope=\"itemscope\" itemtype=\"https:\/\/schema.org\/CreativeWork\"  >    <div class=\"single_toggle\" data-tags=\"{Alle} \"  >        <p data-fake-id=\"#toggle-id-4\" class=\"toggler \"  itemprop=\"headline\"   >Oroszlany, Ungarn (Produktionsstandort)<span class=\"toggle_icon\" >        <span class=\"vert_icon\"><\/span><span class=\"hor_icon\"><\/span><\/span><\/p>        <div id=\"toggle-id-4-container\" class=\"toggle_wrap \"  >            <div class=\"toggle_content invers-color \"  itemprop=\"text\"   ><p><strong>Koloman Handler Kft<\/strong><br \/>\nHandler K\u00e1lm\u00e1n u. 2, 2840 Oroszl\u00e1ny,\u00a0Ungarn<br \/>\nTel.: 0036-34-561100 | Fax: 0036-34-360024<\/p>\n<p><strong>Fr. Orsolya Veszeli | Managing Director<\/strong><br \/>\nTel.: 0036-34-561100 | <a href=\"mailto:o.veszeli@ring-alliance.com\">o.veszeli@ring-alliance.com<\/a> | spricht Ungarisch, Englisch<\/p>\n<p><strong>Hr. Kriszti\u00e1n Plety\u00e1k | Co-General Manager<\/strong><br \/>\nTel.: 0036-34-561100 | <a href=\"mailto:k.pletyak@ring-alliance.com\">k.pletyak@ring-alliance.com<\/a> | spricht Englisch, Ungarisch<\/p>\n            <\/div>        <\/div>    <\/div><\/section>\n<section class=\"av_toggle_section\"  itemscope=\"itemscope\" itemtype=\"https:\/\/schema.org\/CreativeWork\"  >    <div class=\"single_toggle\" data-tags=\"{Alle} \"  >        <p data-fake-id=\"#toggle-id-5\" class=\"toggler \"  itemprop=\"headline\"   >Distributoren<span class=\"toggle_icon\" >        <span class=\"vert_icon\"><\/span><span class=\"hor_icon\"><\/span><\/span><\/p>        <div id=\"toggle-id-5-container\" class=\"toggle_wrap \"  >            <div class=\"toggle_content invers-color \"  itemprop=\"text\"   ><p><strong>Benelux<\/strong><br \/>\nJansen-Wijsmuller &amp; Beuns B.V. | Fr. Nathalie Welter-van Reenen<br \/>\nTel.: 0031-75-6211001 | Fax: 0031-75-6216811 | <a href=\"mailto:info@jwb-ceka.nl\">info@jwb-ceka.nl<\/a><\/p>\n<p><strong>D\u00e4nemark<br \/>\n<\/strong><span style=\"line-height: 1.5;\">Eni-Trade International A\/S | Hr<\/span><span style=\"line-height: 1.5;\">.\u00a0Henrik Mortensen<br \/>\n<\/span>Tel.: 0045-49-130099 | Fax: 0045-49-130198 | <a href=\"mailto:info@eni-trade.dk\">info@eni-trade.dk<\/a><\/p>\n<p><strong>Finnland<\/strong><br \/>\nPyrollpap OY | Hr. Vesa V\u00e4limaa<br \/>\nTel.: 00358-30-6242424 | Fax: 00358-30-6242420 | <a href=\"mailto:vesa.valimaa@pyroll.com\">vesa.valimaa@pyroll.com<\/a><\/p>\n<p><strong>Griechenland<br \/>\n<\/strong><span style=\"line-height: 1.5;\">RAM&#8217;s St. Vasiliou S. A | <\/span><span style=\"line-height: 1.5;\">Hr<\/span><span style=\"line-height: 1.5;\">. Stathis Vasiliou<br \/>\n<\/span>Tel.: 0030-210-5771520 | Fax: 0030-210-5738641 | <a href=\"mailto:ramsathens@gmail.com\">ramsathens@gmail.com<\/a><\/p>\n<p><strong>Gro\u00dfbritannien<br \/>\n<\/strong>Oxhauth Ltd. | Hr. Mike Lumb, Hr. David Reid<br \/>\nTel.: 0044-1423-359700 | Fax: 0044-1423-399701 | <a href=\"mailto:mike.lumb@oxhauth.co.uk\">mike.lumb@oxhauth.co.uk<\/a>; <a href=\"mailto:david.reid@oxhauth.co.uk\">david.reid@oxhauth.co.uk<\/a><\/p>\n<p>Technoterm Ltd. | Hr. Mike Lumb<br \/>\nTel.: 0044-1423-359700 | Fax: 0044-1423-399701 | <a href=\"mailto:mikelumb@btconnect.com\">mikelumb@btconnect.com<\/a><\/p>\n<p><strong>Israel<\/strong><br \/>\nF.L. Agencies &amp; Trading | Hr. Frank Levy<br \/>\nTel.: 00972-54-8004282 | Fax: 00972-3-9214963 | <a href=\"mailto:flevy@netvision.net.il\">flevy@netvision.net.il<\/a><\/p>\n<p><strong>Italien<\/strong><br \/>\nFontana Grafica | Hr.\u00a0Othmar Popp<br \/>\nTel.: 0039-2-3933021 | Fax: 0039-2-39320146 | <a href=\"mailto:info@fontanagrafica.net\">info@fontanagrafica.net<\/a><\/p>\n<p><strong>Italien<\/strong><br \/>\nOrio\u00a0s.r.l. Unipersonale\u00a0| Hr. Simone Marconato<br \/>\nTel.: 0039-049-9003501 | Fax: 0039-049-9005603 | <a href=\"mailto:staff@orioweb.com\">staff@orioweb.com<\/a><\/p>\n<p><strong>Japan<\/strong><br \/>\nLucca Inc. | Hr. Kamata<br \/>\nTel.: 0081-47-333-6533 | Fax: 0081-47-333-7680 | <a href=\"mailto:lucca@lucca.jp\">lucca@lucca.jp<\/a><\/p>\n<p><strong>Portugal<\/strong><br \/>\nMartins D\u00b4Almeida &amp; Rodrigues Lda | Hr. Carlos Almeida<br \/>\nTel.: 00351-218-151800 | Fax: 00351-218-150930 |\u00a0geral@manufacturasroma.pt<\/p>\n<p><strong>Schweiz<\/strong><br \/>\nKrause AG | Hr. Christian Gartmann<br \/>\nTel.: 0041-52 3852621 | Fax: 0041-52-3852918 | <a href=\"mailto:kontakt@krause.ch\">kontakt@krause.ch<\/a><\/p>\n<p><strong>Slowenien<\/strong><br \/>\nNiko, d.d. \u017delezniki | Fr. Diana Vujic<br \/>\nTel.: 00386-4-5117-732 | Fax: 00386-4-5117-742 | <a href=\"mailto:sales@niko.si\">sales@niko.si<\/a><\/p>\n<p><strong>Spanien<\/strong><br \/>\nAmillo S. L. | Hr. Antonio Maroto<br \/>\nTel.: 0034-915-481627 | Fax: 0034-639-774074 | <a href=\"mailto:amillo@amillo.com\">amillo@amillo.com<\/a><\/p>\n<p><strong>Spanien<\/strong><br \/>\nComercial Abd\u00f3n S.L. | Fr. Anna Tarbal Collell<br \/>\nTel.: 0034-649-715486 | <a href=\"mailto:artabal@comercialabdensl.com\">artabal@comercialabdensl.com<\/a><\/p>\n<p><strong>Tschechische Republik<br \/>\n<\/strong>Interkov spol. s.r.o. | Hr. Petr Balej<br \/>\nTel.: 00420-412599-347 | Fax: 00420-412599-115 | <a href=\"mailto:balej@interkov.cz\">balej@interkov.cz<\/a><\/p>\n<p><strong><span class=\"VIiyi\" lang=\"de\"><span class=\"JLqJ4b ChMk0b\" data-language-for-alternatives=\"de\" data-language-to-translate-into=\"en\" data-phrase-index=\"0\" data-number-of-phrases=\"1\">Vereinigte Staaten von Amerika<\/span><\/span>\u00a0(USA)<\/strong><br \/>\nRing Binder Shop | Mr. Rich Scarle<br \/>\nTel.: 001-(708)-665-5294 | <a href=\"https:\/\/ringbindershop.com\" rel=\"nofollow\">https:\/\/ringbindershop.com<\/a> | <a href=\"mailto:sales@ringbindershop.com\">sales@ringbindershop.com<\/a><\/p>\n            <\/div>        <\/div>    <\/div><\/section>\n<\/div>\n<div  class='hr hr-default   avia-builder-el-3  el_after_av_toggle_container  el_before_av_contact '><span class='hr-inner ' ><span class='hr-inner-style'><\/span><\/span><\/div>\n<form action=\"https:\/\/www.ring-alliance.com\/de\/contact\/\" method=\"post\"  class=\"avia_ajax_form av-form-labels-visible   avia-builder-el-4  el_after_av_hr  avia-builder-el-last   \" data-avia-form-id=\"1\" data-avia-redirect=''><fieldset><h3>Kontaktieren Sie uns - wir helfen Ihnen gerne!<\/h3><p class=' first_form  form_element form_fullwidth' id='element_avia_1_1'><label for=\"avia_1_1\">Name <abbr class=\"required\" title=\"ben\u00f6tigt\">*<\/abbr><\/label> <input name=\"avia_1_1\" class=\"text_input is_empty\" type=\"text\" id=\"avia_1_1\" value=\"\" \/><\/p><p class=' first_form  form_element form_fullwidth' id='element_avia_2_1'><label for=\"avia_2_1\">E-Mail <abbr class=\"required\" title=\"ben\u00f6tigt\">*<\/abbr><\/label> <input name=\"avia_2_1\" class=\"text_input is_email\" type=\"text\" id=\"avia_2_1\" value=\"\" \/><\/p><p class=' first_form  form_element form_fullwidth' id='element_avia_3_1'><label for=\"avia_3_1\">Betreff <abbr class=\"required\" title=\"ben\u00f6tigt\">*<\/abbr><\/label> <input name=\"avia_3_1\" class=\"text_input is_empty\" type=\"text\" id=\"avia_3_1\" value=\"\" \/><\/p><p class=' first_form  form_element form_fullwidth av-last-visible-form-element' id='element_avia_4_1'>\t <label for=\"avia_4_1\" class=\"textare_label hidden textare_label_avia_4_1\">Nachricht <abbr class=\"required\" title=\"ben\u00f6tigt\">*<\/abbr><\/label>\t <textarea  name=\"avia_4_1\" class=\"text_area is_empty\" cols=\"40\" rows=\"7\" id=\"avia_4_1\" ><\/textarea><\/p><p class=\"hidden\"><input type=\"text\" name=\"avia_5_1\" class=\"hidden \" id=\"avia_5_1\" value=\"\" \/><\/p><p class=\"form_element \"><input type=\"hidden\" value=\"1\" name=\"avia_generated_form1\" \/><input type=\"submit\" value=\"Abschicken\" class=\"button\"  data-sending-label=\"Sende\"\/><\/p><\/fieldset><\/form><div id=\"ajaxresponse_1\" class=\"ajaxresponse ajaxresponse_1 hidden\"><\/div>\n\n","protected":false},"excerpt":{"rendered":"","protected":false},"author":1,"featured_media":0,"parent":0,"menu_order":0,"comment_status":"closed","ping_status":"closed","template":"","meta":[],"yoast_head":"<!-- This site is optimized with the Yoast SEO plugin v19.8 - https:\/\/yoast.com\/wordpress\/plugins\/seo\/ -->\n<title>Kontakt - Ring Alliance<\/title>\n<meta name=\"robots\" content=\"index, follow, max-snippet:-1, max-image-preview:large, max-video-preview:-1\" \/>\n<link rel=\"canonical\" href=\"https:\/\/www.ring-alliance.com\/de\/contact\/\" \/>\n<meta property=\"og:locale\" content=\"de_DE\" \/>\n<meta property=\"og:type\" content=\"article\" \/>\n<meta property=\"og:title\" content=\"Kontakt - Ring Alliance\" \/>\n<meta property=\"og:url\" content=\"https:\/\/www.ring-alliance.com\/de\/contact\/\" \/>\n<meta property=\"og:site_name\" content=\"Ring Alliance\" \/>\n<meta property=\"article:modified_time\" content=\"2025-01-07T13:30:44+00:00\" \/>\n<meta name=\"twitter:card\" content=\"summary_large_image\" \/>\n<meta name=\"twitter:label1\" content=\"Gesch\u00e4tzte Lesezeit\" \/>\n\t<meta name=\"twitter:data1\" content=\"3\u00a0Minuten\" \/>\n<script type=\"application\/ld+json\" class=\"yoast-schema-graph\">{\"@context\":\"https:\/\/schema.org\",\"@graph\":[{\"@type\":\"WebPage\",\"@id\":\"https:\/\/www.ring-alliance.com\/de\/contact\/\",\"url\":\"https:\/\/www.ring-alliance.com\/de\/contact\/\",\"name\":\"Kontakt - Ring Alliance\",\"isPartOf\":{\"@id\":\"https:\/\/www.ring-alliance.com\/#website\"},\"datePublished\":\"2016-04-12T12:12:30+00:00\",\"dateModified\":\"2025-01-07T13:30:44+00:00\",\"breadcrumb\":{\"@id\":\"https:\/\/www.ring-alliance.com\/de\/contact\/#breadcrumb\"},\"inLanguage\":\"de\",\"potentialAction\":[{\"@type\":\"ReadAction\",\"target\":[\"https:\/\/www.ring-alliance.com\/de\/contact\/\"]}]},{\"@type\":\"BreadcrumbList\",\"@id\":\"https:\/\/www.ring-alliance.com\/de\/contact\/#breadcrumb\",\"itemListElement\":[{\"@type\":\"ListItem\",\"position\":1,\"name\":\"Home\",\"item\":\"https:\/\/www.ring-alliance.com\/de\/\"},{\"@type\":\"ListItem\",\"position\":2,\"name\":\"Kontakt\"}]},{\"@type\":\"WebSite\",\"@id\":\"https:\/\/www.ring-alliance.com\/#website\",\"url\":\"https:\/\/www.ring-alliance.com\/\",\"name\":\"Ring Alliance\",\"description\":\"Your partner for ring binder mechanisms.\",\"potentialAction\":[{\"@type\":\"SearchAction\",\"target\":{\"@type\":\"EntryPoint\",\"urlTemplate\":\"https:\/\/www.ring-alliance.com\/?s={search_term_string}\"},\"query-input\":\"required name=search_term_string\"}],\"inLanguage\":\"de\"}]}<\/script>\n<!-- \/ Yoast SEO plugin. -->","yoast_head_json":{"title":"Kontakt - Ring Alliance","robots":{"index":"index","follow":"follow","max-snippet":"max-snippet:-1","max-image-preview":"max-image-preview:large","max-video-preview":"max-video-preview:-1"},"canonical":"https:\/\/www.ring-alliance.com\/de\/contact\/","og_locale":"de_DE","og_type":"article","og_title":"Kontakt - Ring Alliance","og_url":"https:\/\/www.ring-alliance.com\/de\/contact\/","og_site_name":"Ring Alliance","article_modified_time":"2025-01-07T13:30:44+00:00","twitter_card":"summary_large_image","twitter_misc":{"Gesch\u00e4tzte Lesezeit":"3\u00a0Minuten"},"schema":{"@context":"https:\/\/schema.org","@graph":[{"@type":"WebPage","@id":"https:\/\/www.ring-alliance.com\/de\/contact\/","url":"https:\/\/www.ring-alliance.com\/de\/contact\/","name":"Kontakt - Ring Alliance","isPartOf":{"@id":"https:\/\/www.ring-alliance.com\/#website"},"datePublished":"2016-04-12T12:12:30+00:00","dateModified":"2025-01-07T13:30:44+00:00","breadcrumb":{"@id":"https:\/\/www.ring-alliance.com\/de\/contact\/#breadcrumb"},"inLanguage":"de","potentialAction":[{"@type":"ReadAction","target":["https:\/\/www.ring-alliance.com\/de\/contact\/"]}]},{"@type":"BreadcrumbList","@id":"https:\/\/www.ring-alliance.com\/de\/contact\/#breadcrumb","itemListElement":[{"@type":"ListItem","position":1,"name":"Home","item":"https:\/\/www.ring-alliance.com\/de\/"},{"@type":"ListItem","position":2,"name":"Kontakt"}]},{"@type":"WebSite","@id":"https:\/\/www.ring-alliance.com\/#website","url":"https:\/\/www.ring-alliance.com\/","name":"Ring Alliance","description":"Your partner for ring binder mechanisms.","potentialAction":[{"@type":"SearchAction","target":{"@type":"EntryPoint","urlTemplate":"https:\/\/www.ring-alliance.com\/?s={search_term_string}"},"query-input":"required name=search_term_string"}],"inLanguage":"de"}]}},"_links":{"self":[{"href":"https:\/\/www.ring-alliance.com\/de\/wp-json\/wp\/v2\/pages\/222"}],"collection":[{"href":"https:\/\/www.ring-alliance.com\/de\/wp-json\/wp\/v2\/pages"}],"about":[{"href":"https:\/\/www.ring-alliance.com\/de\/wp-json\/wp\/v2\/types\/page"}],"author":[{"embeddable":true,"href":"https:\/\/www.ring-alliance.com\/de\/wp-json\/wp\/v2\/users\/1"}],"replies":[{"embeddable":true,"href":"https:\/\/www.ring-alliance.com\/de\/wp-json\/wp\/v2\/comments?post=222"}],"version-history":[{"count":11,"href":"https:\/\/www.ring-alliance.com\/de\/wp-json\/wp\/v2\/pages\/222\/revisions"}],"predecessor-version":[{"id":3378,"href":"https:\/\/www.ring-alliance.com\/de\/wp-json\/wp\/v2\/pages\/222\/revisions\/3378"}],"wp:attachment":[{"href":"https:\/\/www.ring-alliance.com\/de\/wp-json\/wp\/v2\/media?parent=222"}],"curies":[{"name":"wp","href":"https:\/\/api.w.org\/{rel}","templated":true}]}}