{"id":1368,"date":"2016-04-27T17:18:35","date_gmt":"2016-04-27T15:18:35","guid":{"rendered":"http:\/\/www.ring-alliance.com\/de\/legal-notice\/"},"modified":"2016-09-29T15:21:31","modified_gmt":"2016-09-29T13:21:31","slug":"legal-notice","status":"publish","type":"page","link":"https:\/\/www.ring-alliance.com\/de\/legal-notice\/","title":{"rendered":"Impressum"},"content":{"rendered":"<h2>Impressum<\/h2>\n<p>Ring Alliance Ringbuchtechnik GmbH<br \/>\nAlserbachstra\u00dfe 14-16, 1090 Wien, \u00d6sterreich<br \/>\nTel.:\u00a00043-1-86681-0 | Fax: 0043-1-86681-398 | <a href=\"mailto:office@ring-alliance.com\">office@ring-alliance.com<\/a><br \/>\n<a href=\"http:\/\/www.ring-alliance.com\" rel=\"nofollow\">http:\/\/www.ring-alliance.com<\/a><\/p>\n<p>Sitz der GmbH:\u00a0Wien<br \/>\nFirmenbuchnummer: FN215533k<br \/>\nRegistergericht:\u00a0HG Wien<br \/>\nUst-ID: ATU 52715003<\/p>\n<p>Gesch\u00e4ftsf\u00fchrer:<br \/>\nFrank Niedecker<br \/>\nOrsolya Veszeli<\/p>\n<p>Betriebsst\u00e4tte:<br \/>\nRing Alliance Deutschland | Am Kirchhof 2, 27239 Twistringen, Deutschland<\/p>\n<p>Zweigniederlassungen:<br \/>\nRing Alliance Netherlands |\u00a0Bellstraat 7, 3861 NP Nijkerk,\u00a0Niederlande<br \/>\nEntry No: 65468279 | Utrecht Chamber of Commerce |\u00a0UID: NL 856124734B01<br \/>\nRing Alliance France |\u00a01, rue du Roi, 60680 Canly, France<br \/>\nEntry No: 818 813 941 | R.C.S. Compi\u00e9gne |\u00a0UID: FR 61818813941<br \/>\nRing Alliance UK |\u00a0Unit 5, Centre Park, Tockwith, York Y026 7QF,\u00a0United Kingdom<br \/>\nUK establishment number: BR018542 | Companies House, Cardiff, CF14 3UZ |\u00a0UID: GB240191345<\/p>\n<p>Gewerberechtliche Vorschriften:<br \/>\nRing Alliance Ringbuchtechnik GmbH ist entsprechend den gewerberechtlichen Vorschriften zur Aus\u00fcbung des folgenden Gewerbes berechtigt: Handelsgewerbe und Handelsagenten<\/p>\n<p>Die alleinige Verantwortung f\u00fcr Texte, Bilder, Warenzeichen und sonstige urheberrechtlich gesch\u00fctzte Daten liegt beim Herausgeber. Der Inhalt dieser Seiten wurde nach bestem Wissen und Gewissen zusammengestellt. Trotzdem kann eine Haftung oder Garantie f\u00fcr die Richtigkeit, Vollst\u00e4ndigkeit und Aktualit\u00e4t nicht \u00fcbernommen werden. F\u00fcr Internet-Seiten Dritter, auf die der Herausgeber verweist, tragen die jeweiligen Anbieter die Verantwortung. Die Ring Alliance Ringbuchtechnik GmbH ist f\u00fcr den Inhalt solcher Seiten Dritter nicht verantwortlich.<\/p>\n<p>&nbsp;<\/p>\n<p>Datenschutzerkl\u00e4rung<\/p>\n<p>Der Schutz und die Sicherheit von pers\u00f6nlichen Daten hat bei uns eine hohe Priorit\u00e4t. Daher halten wir uns strikt an die anwendbaren rechtlichen Vorschriften. Nachfolgend werden Sie dar\u00fcber informiert, welche Art von Daten erfasst und zu welchem Zweck sie erhoben werden:<\/p>\n<p>1. Daten\u00fcbermittlung \/Datenprotokollierung<br \/>\nBeim Besuch dieser Seite verzeichnet der Web-Server automatisch Log-Files, die keiner bestimmten Person zugeordnet werden k\u00f6nnen. Diese Daten beinhalten z. B. den Browsertyp und -version, verwendetes Betriebssystem, Referrer URL (die zuvor besuchte Seite), IP-Adresse des anfragenden Rechners, Zugriffsdatum und -uhrzeit der Serveranfrage und die Dateianfrage des Client (Dateiname und URL). Diese Daten werden nur zum Zweck der statistischen Auswertung gesammelt. Eine Weitergabe an Dritte, zu kommerziellen oder nichtkommerziellen Zwecken, findet nicht statt.<\/p>\n<p>2. Nutzung pers\u00f6nlicher Daten<br \/>\nPers\u00f6nliche Daten werden nur erhoben oder verarbeitet, wenn Sie diese Angaben freiwillig, z.B. im Rahmen einer Anfrage mitteilen. Sofern keine erforderlichen Gr\u00fcnde im Zusammenhang mit einer Gesch\u00e4ftsabwicklung bestehen, k\u00f6nnen Sie jederzeit die zuvor erteilte Genehmigung Ihrer pers\u00f6nlichen Datenspeicherung mit sofortiger Wirkung schriftlich (z.B. per E-Mail oder per Fax) widerrufen. Ihre Daten werden nicht an Dritte weitergeben, es sei denn, eine Weitergabe ist aufgrund gesetzlicher Vorschriften erforderlich\u00a0oder zur vollst\u00e4ndigen Gesch\u00e4ftsabwicklung, bei welcher Dritte Ihre pers\u00f6nlichen Daten in unserem Auftrag verarbeiten, n\u00f6tig.<\/p>\n<p>3. Auskunft, \u00c4nderung und L\u00f6schung Ihrer Daten<br \/>\nGem\u00e4\u00df geltendem Recht k\u00f6nnen Sie jederzeit bei uns schriftlich nachfragen, ob und welche personenbezogenen Daten bei uns \u00fcber Sie gespeichert sind. Eine entsprechende Mitteilung hierzu erhalten Sie umgehend.<\/p>\n<p>4. Sicherheit Ihrer Daten<br \/>\nIhre uns zur Verf\u00fcgung gestellten pers\u00f6nlichen Daten werden durch Ergreifung aller technischen sowie organisatorischen Sicherheitsma\u00dfnahmen so gesichert, dass sie f\u00fcr den Zugriff unberechtigter Dritter unzug\u00e4nglich sind. Bei Versendung von sehr sensiblen Daten oder Informationen ist es empfehlenswert, den Postweg zu nutzen, da eine vollst\u00e4ndige Datensicherheit per E-Mail nicht gew\u00e4hrleistet werden kann.<\/p>\n<p>5. Hinweis zu Google Analytics<br \/>\nDiese Website benutzt Google Analytics, einen Webanalysedienst der Google Inc. (\u201eGoogle\u201c). Google Analytics verwendet sog. \u201eCookies\u201c, d. h. Textdateien, die auf Ihrem Computer gespeichert werden und die eine Analyse der Benutzung der Website durch Sie erm\u00f6glicht. Die durch den Cookie erzeugten Informationen \u00fcber Ihre Benutzung diese Website (einschlie\u00dflich Ihrer IP-Adresse) wird an einen Server von Google in den USA \u00fcbertragen und dort gespeichert. Google wird diese Informationen benutzen, um Ihre Nutzung der Website auszuwerten, um Reports \u00fcber die Websiteaktivit\u00e4ten f\u00fcr die Websitebetreiber zusammenzustellen und um weitere mit der Websitenutzung und der Internetnutzung verbundene Dienstleistungen zu erbringen. Auch wird Google diese Informationen gegebenenfalls an Dritte \u00fcbertragen, sofern dies gesetzlich vorgeschrieben oder soweit Dritte diese Daten im Auftrag von Google verarbeiten. Google wird in keinem Fall Ihre IP-Adresse mit anderen Daten der Google in Verbindung bringen. Sie k\u00f6nnen die Installation der Cookies durch eine entsprechende Einstellung Ihrer Browser Software verhindern; wir weisen Sie jedoch darauf hin, dass Sie in diesem Fall gegebenenfalls nicht s\u00e4mtliche Funktionen dieser Website voll umf\u00e4nglich nutzen k\u00f6nnen. Durch die Nutzung dieser Website erkl\u00e4ren Sie sich mit der Bearbeitung der \u00fcber Sie erhobenen Daten durch Google in der zuvor beschriebenen Art und Weise und zu dem zuvor benannten Zweck einverstanden.<\/p>\n<p>6. Cookies<br \/>\nAuf einigen unserer Seiten verwenden wir sog. &#8222;Session-Cookies&#8220;, um Ihnen die Nutzung unserer Webseiten zu erleichtern. Dabei handelt es sich um kleine Textdateien, die nur f\u00fcr die Dauer Ihres Besuchs unserer Webseite auf Ihrer Festplatte hinterlegt und abh\u00e4ngig von der Einstellung Ihres Browser-Programms beim Beenden des Browsers wieder gel\u00f6scht werden. Diese Cookies rufen keine auf Ihrer Festplatte \u00fcber Sie gespeicherten Informationen ab und beeintr\u00e4chtigen nicht Ihren PC oder ihre Dateien. Die meisten Browser sind so eingestellt, dass sie Cookies automatisch akzeptieren. Sie k\u00f6nnen das Speichern von Cookies jedoch deaktivieren oder ihren Browser so einstellen, dass er Sie auf die Sendung von Cookies hinweist.<\/p>\n<p>7. \u00c4nderungen dieser Datenschutzbestimmungen<br \/>\nWir werden diese Richtlinien zum Schutz Ihrer pers\u00f6nlichen Daten von Zeit zu Zeit aktualisieren. Sie sollten sich diese Richtlinien gelegentlich ansehen, um auf dem Laufenden dar\u00fcber zu bleiben, wie wir Ihre Daten sch\u00fctzen und die Inhalte unserer Website stetig verbessern. Sollten wir wesentliche \u00c4nderungen bei der Sammlung, der Nutzung und\/oder der Weitergabe der uns von Ihnen zur Verf\u00fcgung gestellten personenbezogenen Daten vornehmen, werden wir Sie durch einen eindeutigen und gut sichtbaren Hinweis auf der Website darauf aufmerksam machen. Mit der Nutzung der Webseite erkl\u00e4ren Sie sich mit den Bedingungen dieser Richtlinien zum Schutz pers\u00f6nlicher Daten einverstanden.<\/p>\n<p>Bei Fragen zu diesen Datenschutzbestimmungen wenden Sie sich bitte \u00fcber unsere Kontakt-Seite an uns.<\/p>\n","protected":false},"excerpt":{"rendered":"<p>Impressum Ring Alliance Ringbuchtechnik GmbH Alserbachstra\u00dfe 14-16, 1090 Wien, \u00d6sterreich Tel.:\u00a00043-1-86681-0 | Fax: 0043-1-86681-398 | <a href=\"mailto:office@ring-alliance.com\">office@ring-alliance.com<\/a> <a href=\"http:\/\/www.ring-alliance.com\" rel=\"nofollow\">http:\/\/www.ring-alliance.com<\/a> Sitz der GmbH:\u00a0Wien Firmenbuchnummer: FN215533k Registergericht:\u00a0HG Wien Ust-ID: ATU 52715003 Gesch\u00e4ftsf\u00fchrer: Frank Niedecker Orsolya Veszeli Betriebsst\u00e4tte: Ring Alliance Deutschland | Am Kirchhof 2, 27239 Twistringen, Deutschland Zweigniederlassungen: Ring Alliance Netherlands |\u00a0Bellstraat 7, 3861 NP Nijkerk,\u00a0Niederlande Entry No: 65468279 [&hellip;]<\/p>\n","protected":false},"author":1,"featured_media":0,"parent":0,"menu_order":0,"comment_status":"closed","ping_status":"closed","template":"","meta":[],"yoast_head":"<!-- This site is optimized with the Yoast SEO plugin v19.8 - https:\/\/yoast.com\/wordpress\/plugins\/seo\/ -->\n<title>Impressum - Ring Alliance<\/title>\n<meta name=\"robots\" content=\"index, follow, max-snippet:-1, max-image-preview:large, max-video-preview:-1\" \/>\n<link rel=\"canonical\" href=\"https:\/\/www.ring-alliance.com\/de\/legal-notice\/\" \/>\n<meta property=\"og:locale\" content=\"de_DE\" \/>\n<meta property=\"og:type\" content=\"article\" \/>\n<meta property=\"og:title\" content=\"Impressum - Ring Alliance\" \/>\n<meta property=\"og:description\" content=\"Impressum Ring Alliance Ringbuchtechnik GmbH Alserbachstra\u00dfe 14-16, 1090 Wien, \u00d6sterreich Tel.:\u00a00043-1-86681-0 | Fax: 0043-1-86681-398 | office@ring-alliance.com http:\/\/www.ring-alliance.com Sitz der GmbH:\u00a0Wien Firmenbuchnummer: FN215533k Registergericht:\u00a0HG Wien Ust-ID: ATU 52715003 Gesch\u00e4ftsf\u00fchrer: Frank Niedecker Orsolya Veszeli Betriebsst\u00e4tte: Ring Alliance Deutschland | Am Kirchhof 2, 27239 Twistringen, Deutschland Zweigniederlassungen: Ring Alliance Netherlands |\u00a0Bellstraat 7, 3861 NP Nijkerk,\u00a0Niederlande Entry No: 65468279 [&hellip;]\" \/>\n<meta property=\"og:url\" content=\"https:\/\/www.ring-alliance.com\/de\/legal-notice\/\" \/>\n<meta property=\"og:site_name\" content=\"Ring Alliance\" \/>\n<meta property=\"article:modified_time\" content=\"2016-09-29T13:21:31+00:00\" \/>\n<meta name=\"twitter:card\" content=\"summary_large_image\" \/>\n<meta name=\"twitter:label1\" content=\"Gesch\u00e4tzte Lesezeit\" \/>\n\t<meta name=\"twitter:data1\" content=\"5\u00a0Minuten\" \/>\n<script type=\"application\/ld+json\" class=\"yoast-schema-graph\">{\"@context\":\"https:\/\/schema.org\",\"@graph\":[{\"@type\":\"WebPage\",\"@id\":\"https:\/\/www.ring-alliance.com\/de\/legal-notice\/\",\"url\":\"https:\/\/www.ring-alliance.com\/de\/legal-notice\/\",\"name\":\"Impressum - Ring Alliance\",\"isPartOf\":{\"@id\":\"https:\/\/www.ring-alliance.com\/#website\"},\"datePublished\":\"2016-04-27T15:18:35+00:00\",\"dateModified\":\"2016-09-29T13:21:31+00:00\",\"breadcrumb\":{\"@id\":\"https:\/\/www.ring-alliance.com\/de\/legal-notice\/#breadcrumb\"},\"inLanguage\":\"de\",\"potentialAction\":[{\"@type\":\"ReadAction\",\"target\":[\"https:\/\/www.ring-alliance.com\/de\/legal-notice\/\"]}]},{\"@type\":\"BreadcrumbList\",\"@id\":\"https:\/\/www.ring-alliance.com\/de\/legal-notice\/#breadcrumb\",\"itemListElement\":[{\"@type\":\"ListItem\",\"position\":1,\"name\":\"Home\",\"item\":\"https:\/\/www.ring-alliance.com\/de\/\"},{\"@type\":\"ListItem\",\"position\":2,\"name\":\"Impressum\"}]},{\"@type\":\"WebSite\",\"@id\":\"https:\/\/www.ring-alliance.com\/#website\",\"url\":\"https:\/\/www.ring-alliance.com\/\",\"name\":\"Ring Alliance\",\"description\":\"Your partner for ring binder mechanisms.\",\"potentialAction\":[{\"@type\":\"SearchAction\",\"target\":{\"@type\":\"EntryPoint\",\"urlTemplate\":\"https:\/\/www.ring-alliance.com\/?s={search_term_string}\"},\"query-input\":\"required name=search_term_string\"}],\"inLanguage\":\"de\"}]}<\/script>\n<!-- \/ Yoast SEO plugin. -->","yoast_head_json":{"title":"Impressum - Ring Alliance","robots":{"index":"index","follow":"follow","max-snippet":"max-snippet:-1","max-image-preview":"max-image-preview:large","max-video-preview":"max-video-preview:-1"},"canonical":"https:\/\/www.ring-alliance.com\/de\/legal-notice\/","og_locale":"de_DE","og_type":"article","og_title":"Impressum - Ring Alliance","og_description":"Impressum Ring Alliance Ringbuchtechnik GmbH Alserbachstra\u00dfe 14-16, 1090 Wien, \u00d6sterreich Tel.:\u00a00043-1-86681-0 | Fax: 0043-1-86681-398 | office@ring-alliance.com http:\/\/www.ring-alliance.com Sitz der GmbH:\u00a0Wien Firmenbuchnummer: FN215533k Registergericht:\u00a0HG Wien Ust-ID: ATU 52715003 Gesch\u00e4ftsf\u00fchrer: Frank Niedecker Orsolya Veszeli Betriebsst\u00e4tte: Ring Alliance Deutschland | Am Kirchhof 2, 27239 Twistringen, Deutschland Zweigniederlassungen: Ring Alliance Netherlands |\u00a0Bellstraat 7, 3861 NP Nijkerk,\u00a0Niederlande Entry No: 65468279 [&hellip;]","og_url":"https:\/\/www.ring-alliance.com\/de\/legal-notice\/","og_site_name":"Ring Alliance","article_modified_time":"2016-09-29T13:21:31+00:00","twitter_card":"summary_large_image","twitter_misc":{"Gesch\u00e4tzte Lesezeit":"5\u00a0Minuten"},"schema":{"@context":"https:\/\/schema.org","@graph":[{"@type":"WebPage","@id":"https:\/\/www.ring-alliance.com\/de\/legal-notice\/","url":"https:\/\/www.ring-alliance.com\/de\/legal-notice\/","name":"Impressum - Ring Alliance","isPartOf":{"@id":"https:\/\/www.ring-alliance.com\/#website"},"datePublished":"2016-04-27T15:18:35+00:00","dateModified":"2016-09-29T13:21:31+00:00","breadcrumb":{"@id":"https:\/\/www.ring-alliance.com\/de\/legal-notice\/#breadcrumb"},"inLanguage":"de","potentialAction":[{"@type":"ReadAction","target":["https:\/\/www.ring-alliance.com\/de\/legal-notice\/"]}]},{"@type":"BreadcrumbList","@id":"https:\/\/www.ring-alliance.com\/de\/legal-notice\/#breadcrumb","itemListElement":[{"@type":"ListItem","position":1,"name":"Home","item":"https:\/\/www.ring-alliance.com\/de\/"},{"@type":"ListItem","position":2,"name":"Impressum"}]},{"@type":"WebSite","@id":"https:\/\/www.ring-alliance.com\/#website","url":"https:\/\/www.ring-alliance.com\/","name":"Ring Alliance","description":"Your partner for ring binder mechanisms.","potentialAction":[{"@type":"SearchAction","target":{"@type":"EntryPoint","urlTemplate":"https:\/\/www.ring-alliance.com\/?s={search_term_string}"},"query-input":"required name=search_term_string"}],"inLanguage":"de"}]}},"_links":{"self":[{"href":"https:\/\/www.ring-alliance.com\/de\/wp-json\/wp\/v2\/pages\/1368"}],"collection":[{"href":"https:\/\/www.ring-alliance.com\/de\/wp-json\/wp\/v2\/pages"}],"about":[{"href":"https:\/\/www.ring-alliance.com\/de\/wp-json\/wp\/v2\/types\/page"}],"author":[{"embeddable":true,"href":"https:\/\/www.ring-alliance.com\/de\/wp-json\/wp\/v2\/users\/1"}],"replies":[{"embeddable":true,"href":"https:\/\/www.ring-alliance.com\/de\/wp-json\/wp\/v2\/comments?post=1368"}],"version-history":[{"count":9,"href":"https:\/\/www.ring-alliance.com\/de\/wp-json\/wp\/v2\/pages\/1368\/revisions"}],"predecessor-version":[{"id":2165,"href":"https:\/\/www.ring-alliance.com\/de\/wp-json\/wp\/v2\/pages\/1368\/revisions\/2165"}],"wp:attachment":[{"href":"https:\/\/www.ring-alliance.com\/de\/wp-json\/wp\/v2\/media?parent=1368"}],"curies":[{"name":"wp","href":"https:\/\/api.w.org\/{rel}","templated":true}]}}